{"id":1073,"date":"2020-09-29T12:53:35","date_gmt":"2020-09-29T10:53:35","guid":{"rendered":"https:\/\/historiadelderecho.umh.es\/?page_id=1073"},"modified":"2022-09-08T10:09:16","modified_gmt":"2022-09-08T08:09:16","slug":"programa","status":"publish","type":"page","link":"https:\/\/historiadelderecho.umh.es\/ca\/actividades\/congresos\/congreso-internacional-nuevos-modelos-de-organizacion-territorial-y-de-gobernanza-politica-en-europa\/programa\/","title":{"rendered":"PROGRAMA"},"content":{"rendered":"<p>[et_pb_section fb_built=&#8221;1&#8243; _builder_version=&#8221;4.16&#8243; global_colors_info=&#8221;{}&#8221;][et_pb_row _builder_version=&#8221;4.16&#8243; background_size=&#8221;initial&#8221; background_position=&#8221;top_left&#8221; background_repeat=&#8221;repeat&#8221; global_colors_info=&#8221;{}&#8221;][et_pb_column type=&#8221;4_4&#8243; _builder_version=&#8221;4.16&#8243; custom_padding=&#8221;|||&#8221; global_colors_info=&#8221;{}&#8221; custom_padding__hover=&#8221;|||&#8221;][et_pb_text _builder_version=&#8221;4.17.4&#8243; background_size=&#8221;initial&#8221; background_position=&#8221;top_left&#8221; background_repeat=&#8221;repeat&#8221; hover_enabled=&#8221;0&#8243; global_colors_info=&#8221;{}&#8221; sticky_enabled=&#8221;0&#8243;]<\/p>\n<p><strong><a href=\"https:\/\/historiadelderecho.umh.es\/files\/2022\/09\/Cartel-scaled.jpg\"><img loading=\"lazy\" class=\"wp-image-2221 alignleft size-medium\" src=\"https:\/\/historiadelderecho.umh.es\/files\/2022\/09\/Cartel-213x300.jpg\" alt=\"\" width=\"213\" height=\"300\" \/><\/a>PROGRAMA<\/strong><\/p>\n<p style=\"text-align: justify\">El Congreso Internacional &#8220;Nuevos modelos de organizaci\u00f3n territorial y de gobernanza pol\u00edtica en Europa&#8221;, se desarrollar\u00e1 en formato semipresencial.<\/p>\n<p style=\"text-align: justify\">Las sesiones inaugural y de clausura tendr\u00e1n lugar en el edificio Altabix (campus de Elche): La inauguraci\u00f3n se llevar\u00e1 a cabo el 17 de noviembre a las 11:30h en el aula 0.3, mientras que la ponencia de clausura principiar\u00e1 el 18 de noviembre a las 16:00h en el aula 0.7.<\/p>\n<p style=\"text-align: justify\">Todas las ponencias se transmitir\u00e1n v\u00eda Google Meet, a ellas se podr\u00e1 acceder a trav\u00e9s de enlace remitido previa inscripci\u00f3n.<\/p>\n<ul>\n<li><a href=\"https:\/\/historiadelderecho.umh.es\/actividades\/congresos\/congreso-internacional-nuevos-modelos-de-organizacion-territorial-y-de-gobernanza-politica-en-europa\/programa\/17-de-noviembre-de-2020\/\">17 de noviembre de 2020<\/a><\/li>\n<li><a href=\"https:\/\/historiadelderecho.umh.es\/actividades\/congresos\/congreso-internacional-nuevos-modelos-de-organizacion-territorial-y-de-gobernanza-politica-en-europa\/programa\/18-de-noviembre-de-2020\/\">18 de noviembre de 2020<\/a><\/li>\n<\/ul>\n<p>[\/et_pb_text][\/et_pb_column][\/et_pb_row][\/et_pb_section]<\/p>\n","protected":false},"excerpt":{"rendered":"<p>PROGRAMA El Congreso Internacional &#8220;Nuevos modelos de organizaci\u00f3n territorial y de gobernanza pol\u00edtica en Europa&#8221;, se desarrollar\u00e1 en formato semipresencial. Las sesiones inaugural y de clausura tendr\u00e1n lugar en el edificio Altabix (campus de Elche): La inauguraci\u00f3n se llevar\u00e1 a cabo el 17 de noviembre a las 11:30h en el aula 0.3, mientras que la [&hellip;]<\/p>\n","protected":false},"author":5730,"featured_media":0,"parent":1059,"menu_order":0,"comment_status":"closed","ping_status":"closed","template":"","meta":{"_et_pb_use_builder":"on","_et_pb_old_content":"<p><strong><a href=\"https:\/\/historiadelderecho.umh.es\/files\/2020\/10\/dise\u00f1o-cartel-6-1_page-0001.jpg\"><img class=\"size-medium wp-image-1097 alignleft\" src=\"https:\/\/historiadelderecho.umh.es\/files\/2020\/10\/dise\u00f1o-cartel-6-1_page-0001-213x300.jpg\" alt=\"\" width=\"213\" height=\"300\" \/><\/a>PROGRAMA<\/strong><\/p><p style=\"text-align: justify;\">El Congreso Internacional \"Nuevos modelos de organizaci\u00f3n territorial y de gobernanza pol\u00edtica en Europa\", se desarrollar\u00e1 en formato semipresencial.<\/p><p style=\"text-align: justify;\">Las sesiones inaugural y de clausura tendr\u00e1n lugar en el edificio Altabix (campus de Elche): La inauguraci\u00f3n se llevar\u00e1 a cabo el 17 de noviembre a las 11:30h en el aula 0.3, mientras que la ponencia de clausura principiar\u00e1 el 18 de noviembre a las 16:00h en el aula 0.7.<\/p><p style=\"text-align: justify;\">Todas las ponencias se transmitir\u00e1n v\u00eda Google Meet, a ellas se podr\u00e1 acceder a trav\u00e9s de enlace remitido previa inscripci\u00f3n.<\/p><ul><li><a href=\"https:\/\/historiadelderecho.umh.es\/actividades\/congresos\/congreso-internacional-nuevos-modelos-de-organizacion-territorial-y-de-gobernanza-politica-en-europa\/programa\/17-de-noviembre-de-2020\/\">17 de noviembre de 2020<\/a><\/li><li><a href=\"https:\/\/historiadelderecho.umh.es\/actividades\/congresos\/congreso-internacional-nuevos-modelos-de-organizacion-territorial-y-de-gobernanza-politica-en-europa\/programa\/18-de-noviembre-de-2020\/\">18 de noviembre de 2020<\/a><\/li><\/ul>","_et_gb_content_width":"","_links_to":"","_links_to_target":""},"_links":{"self":[{"href":"https:\/\/historiadelderecho.umh.es\/ca\/wp-json\/wp\/v2\/pages\/1073"}],"collection":[{"href":"https:\/\/historiadelderecho.umh.es\/ca\/wp-json\/wp\/v2\/pages"}],"about":[{"href":"https:\/\/historiadelderecho.umh.es\/ca\/wp-json\/wp\/v2\/types\/page"}],"author":[{"embeddable":true,"href":"https:\/\/historiadelderecho.umh.es\/ca\/wp-json\/wp\/v2\/users\/5730"}],"replies":[{"embeddable":true,"href":"https:\/\/historiadelderecho.umh.es\/ca\/wp-json\/wp\/v2\/comments?post=1073"}],"version-history":[{"count":0,"href":"https:\/\/historiadelderecho.umh.es\/ca\/wp-json\/wp\/v2\/pages\/1073\/revisions"}],"up":[{"embeddable":true,"href":"https:\/\/historiadelderecho.umh.es\/ca\/wp-json\/wp\/v2\/pages\/1059"}],"wp:attachment":[{"href":"https:\/\/historiadelderecho.umh.es\/ca\/wp-json\/wp\/v2\/media?parent=1073"}],"curies":[{"name":"wp","href":"https:\/\/api.w.org\/{rel}","templated":true}]}}