{"id":1077,"date":"2020-09-29T13:13:21","date_gmt":"2020-09-29T11:13:21","guid":{"rendered":"https:\/\/historiadelderecho.umh.es\/?page_id=1077"},"modified":"2021-12-03T23:41:07","modified_gmt":"2021-12-03T22:41:07","slug":"18-de-noviembre-de-2020","status":"publish","type":"page","link":"https:\/\/historiadelderecho.umh.es\/ca\/actividades\/congresos\/congreso-internacional-nuevos-modelos-de-organizacion-territorial-y-de-gobernanza-politica-en-europa\/programa\/18-de-noviembre-de-2020\/","title":{"rendered":"18 de noviembre de 2020"},"content":{"rendered":"<p>[et_pb_section fb_built=&#8221;1&#8243; _builder_version=&#8221;3.22&#8243;][et_pb_row _builder_version=&#8221;3.25&#8243; background_size=&#8221;initial&#8221; background_position=&#8221;top_left&#8221; background_repeat=&#8221;repeat&#8221;][et_pb_column type=&#8221;4_4&#8243; _builder_version=&#8221;3.25&#8243; custom_padding=&#8221;|||&#8221; custom_padding__hover=&#8221;|||&#8221;][et_pb_text _builder_version=&#8221;3.27.4&#8243; background_size=&#8221;initial&#8221; background_position=&#8221;top_left&#8221; background_repeat=&#8221;repeat&#8221;]<\/p>\n<table>\n<tbody>\n<tr>\n<td width=\"566\"><strong><em>Sesiones No presenciales v\u00eda GOOGLE MEET<\/em><\/strong><\/td>\n<\/tr>\n<\/tbody>\n<\/table>\n<p><strong>10:30<\/strong>\u00a0 <a href=\"https:\/\/www.youtube.com\/watch?v=1cf_oYOOgEY&amp;list=PLClKgnzRFYe6tIAmSheqomQrn7Frcd4_V&amp;index=6\" target=\"_blank\" rel=\"noopener noreferrer\"><strong>La gobernanza institucional del territorio en los nacientes estados-naci\u00f3n de la Europa continental contempor\u00e1nea.<\/strong><\/a><br \/>\nProf. Dr. Miguel \u00c1ngel Chamocho Cantudo.<br \/>\nCatedr\u00e1tico de Historia del Derecho y de las Instituciones<br \/>\nUniversidad de Ja\u00e9n.<\/p>\n<p><strong>11:15<\/strong>\u00a0<a href=\"https:\/\/www.youtube.com\/watch?v=OzN1yq8udcs&amp;list=PLClKgnzRFYe6tIAmSheqomQrn7Frcd4_V&amp;index=7\" target=\"_blank\" rel=\"noopener noreferrer\"><strong>La pluralidad de sistemas jur\u00eddicos: una mirada hist\u00f3rica al institucionalismo franc\u00e9s e italiano.\u00a0\u00a0<\/strong><\/a><br \/>\nProf. Dr. Marco Fioravanti.<br \/>\nProfesor titular de Historia del Derecho medieval y moderno.<br \/>\nUniversit\u00e0 degli Studi di Roma &#8220;Tor Vergata&#8221;.<\/p>\n<p><strong>12:00 Pausa Caf\u00e9. <\/strong><\/p>\n<p><strong>12:15 <a href=\"https:\/\/www.youtube.com\/watch?v=71zTnv5H2q0&amp;list=PLClKgnzRFYe6tIAmSheqomQrn7Frcd4_V&amp;index=8\" target=\"_blank\" rel=\"noopener noreferrer\">&#8220;In questi 50 anni le Regioni si sono affermate come componente fondamentale dell\u00b4architettura instituzionale della Repubblica&#8221;. La complessa fase di attuazione del regionalismo in Italia: aspetti e problemi (1948-1970).\u00a0<\/a><\/strong><br \/>\nProf\u00aa. Dr\u00aa. Daniela Novarese.<br \/>\nCatedr\u00e1tica de Historia de las Instituciones pol\u00edticas.<br \/>\nUniversit\u00e0 degli Studi di Messina.<\/p>\n<p><strong>13:00<a href=\"https:\/\/www.youtube.com\/watch?v=LbRmnL0esWY&amp;list=PLClKgnzRFYe6tIAmSheqomQrn7Frcd4_V&amp;index=9\" target=\"_blank\" rel=\"noopener noreferrer\"> L\u00b4incerta prospettiva del regionalismo speciale in Italia.<\/a><\/strong><br \/>\nProf. Dr. Giovanni Moschella.<br \/>\nCatedr\u00e1tico de Diritto Pubblico<br \/>\nUniversit\u00e0 degli Studi di Messina.<\/p>\n<table>\n<tbody>\n<tr>\n<td width=\"566\"><strong><em>Sesi\u00f3n presencial Aula 0.7 Edif. Altabix. Campus de Elche.\u00a0<\/em><\/strong><\/td>\n<\/tr>\n<\/tbody>\n<\/table>\n<p><strong>16:00 <a href=\"https:\/\/www.youtube.com\/watch?v=zR7-RxkE5KU&amp;list=PLClKgnzRFYe6tIAmSheqomQrn7Frcd4_V&amp;index=10\" target=\"_blank\" rel=\"noopener noreferrer\">Conferencia de clausura: &#8220;Diputaciones provinciales para el siglo XXI. Algunas reflexiones&#8221;.<\/a><\/strong><br \/>\nAdri\u00e1n Ballester Espinosa.<br \/>\nPortavoz del Gobierno de la Diputaci\u00f3n de Alicante. Diputado de fondos europeos, innovaci\u00f3n y agenda digital.<br \/>\nExma. Diputaci\u00f3n provincial de Alicante.<br \/>\n<em>(Asistencia limitada al aforo del aula seg\u00fan condiciones COVID-19)<\/em><br \/>\n[\/et_pb_text][\/et_pb_column][\/et_pb_row][\/et_pb_section]<\/p>\n","protected":false},"excerpt":{"rendered":"<p>Sesiones No presenciales v\u00eda GOOGLE MEET 10:30\u00a0 La gobernanza institucional del territorio en los nacientes estados-naci\u00f3n de la Europa continental contempor\u00e1nea. Prof. Dr. Miguel \u00c1ngel Chamocho Cantudo. Catedr\u00e1tico de Historia del Derecho y de las Instituciones Universidad de Ja\u00e9n. 11:15\u00a0La pluralidad de sistemas jur\u00eddicos: una mirada hist\u00f3rica al institucionalismo franc\u00e9s e italiano.\u00a0\u00a0 Prof. Dr. Marco [&hellip;]<\/p>\n","protected":false},"author":5730,"featured_media":0,"parent":1073,"menu_order":0,"comment_status":"closed","ping_status":"closed","template":"","meta":{"_et_pb_use_builder":"on","_et_pb_old_content":"<table><tbody><tr><td width=\"566\"><strong><em>Sesiones No presenciales v\u00eda GOOGLE MEET<\/em><\/strong><\/td><\/tr><\/tbody><\/table><p><strong>10:30<\/strong>\u00a0 <a href=\"https:\/\/www.youtube.com\/watch?v=1cf_oYOOgEY&list=PLClKgnzRFYe6tIAmSheqomQrn7Frcd4_V&index=6\" target=\"_blank\" rel=\"noopener noreferrer\"><strong>La gobernanza institucional del territorio en los nacientes estados-naci\u00f3n de la Europa continental contempor\u00e1nea.<\/strong><\/a><br \/>Prof. Dr. Miguel \u00c1ngel Chamocho Cantudo.<br \/>Catedr\u00e1tico de Historia del Derecho y de las Instituciones<br \/>Universidad de Ja\u00e9n.<\/p><p><strong>11:15<\/strong>\u00a0<a href=\"https:\/\/www.youtube.com\/watch?v=OzN1yq8udcs&list=PLClKgnzRFYe6tIAmSheqomQrn7Frcd4_V&index=7\" target=\"_blank\" rel=\"noopener noreferrer\"><strong>La pluralidad de sistemas jur\u00eddicos: una mirada hist\u00f3rica al institucionalismo franc\u00e9s e italiano.\u00a0\u00a0<\/strong><\/a><br \/>Prof. Dr. Marco Fioravanti.<br \/>Profesor titular de Historia del Derecho medieval y moderno.<br \/>Universit\u00e0 degli Studi di Roma \"Tor Vergata\".<\/p><p><strong>12:00 Pausa Caf\u00e9. <\/strong><\/p><p><strong>12:15 <a href=\"https:\/\/www.youtube.com\/watch?v=71zTnv5H2q0&list=PLClKgnzRFYe6tIAmSheqomQrn7Frcd4_V&index=8\" target=\"_blank\" rel=\"noopener noreferrer\">\"In questi 50 anni le Regioni si sono affermate come componente fondamentale dell\u00b4architettura instituzionale della Repubblica\". La complessa fase di attuazione del regionalismo in Italia: aspetti e problemi (1948-1970).\u00a0<\/a><\/strong><br \/>Prof\u00aa. Dr\u00aa. Daniela Novarese.<br \/>Catedr\u00e1tica de Historia de las Instituciones pol\u00edticas.<br \/>Universit\u00e0 degli Studi di Messina.<\/p><p><strong>13:00<a href=\"https:\/\/www.youtube.com\/watch?v=LbRmnL0esWY&list=PLClKgnzRFYe6tIAmSheqomQrn7Frcd4_V&index=9\" target=\"_blank\" rel=\"noopener noreferrer\"> L\u00b4incerta prospettiva del regionalismo speciale in Italia.<\/a><\/strong><br \/>Prof. Dr. Giovanni Moschella.<br \/>Catedr\u00e1tico de Diritto Pubblico<br \/>Universit\u00e0 degli Studi di Messina.<\/p><table><tbody><tr><td width=\"566\"><strong><em>Sesi\u00f3n presencial Aula 0.7 Edif. Altabix. Campus de Elche.\u00a0<\/em><\/strong><\/td><\/tr><\/tbody><\/table><p><strong>16:00 <a href=\"https:\/\/www.youtube.com\/watch?v=zR7-RxkE5KU&list=PLClKgnzRFYe6tIAmSheqomQrn7Frcd4_V&index=10\" target=\"_blank\" rel=\"noopener noreferrer\">Conferencia de clausura: \"Diputaciones provinciales para el siglo XXI. Algunas reflexiones\".<\/a><\/strong><br \/>Adri\u00e1n Ballester Espinosa.<br \/>Portavoz del Gobierno de la Diputaci\u00f3n de Alicante. Diputado de fondos europeos, innovaci\u00f3n y agenda digital.<br \/>Exma. Diputaci\u00f3n provincial de Alicante.<br \/><em>(Asistencia limitada al aforo del aula seg\u00fan condiciones COVID-19)<\/em><\/p>","_et_gb_content_width":"","_links_to":"","_links_to_target":""},"_links":{"self":[{"href":"https:\/\/historiadelderecho.umh.es\/ca\/wp-json\/wp\/v2\/pages\/1077"}],"collection":[{"href":"https:\/\/historiadelderecho.umh.es\/ca\/wp-json\/wp\/v2\/pages"}],"about":[{"href":"https:\/\/historiadelderecho.umh.es\/ca\/wp-json\/wp\/v2\/types\/page"}],"author":[{"embeddable":true,"href":"https:\/\/historiadelderecho.umh.es\/ca\/wp-json\/wp\/v2\/users\/5730"}],"replies":[{"embeddable":true,"href":"https:\/\/historiadelderecho.umh.es\/ca\/wp-json\/wp\/v2\/comments?post=1077"}],"version-history":[{"count":0,"href":"https:\/\/historiadelderecho.umh.es\/ca\/wp-json\/wp\/v2\/pages\/1077\/revisions"}],"up":[{"embeddable":true,"href":"https:\/\/historiadelderecho.umh.es\/ca\/wp-json\/wp\/v2\/pages\/1073"}],"wp:attachment":[{"href":"https:\/\/historiadelderecho.umh.es\/ca\/wp-json\/wp\/v2\/media?parent=1077"}],"curies":[{"name":"wp","href":"https:\/\/api.w.org\/{rel}","templated":true}]}}