{"id":1285,"date":"2021-11-14T17:37:14","date_gmt":"2021-11-14T16:37:14","guid":{"rendered":"https:\/\/historiadelderecho.umh.es\/?page_id=1285"},"modified":"2021-12-11T09:49:39","modified_gmt":"2021-12-11T08:49:39","slug":"congreso-la-justicia-al-servicio-de-los-totalitarismos-en-europa","status":"publish","type":"page","link":"https:\/\/historiadelderecho.umh.es\/ca\/actividades\/congresos\/congreso-la-justicia-al-servicio-de-los-totalitarismos-en-europa\/","title":{"rendered":"Congreso internacional LA JUSTICIA AL SERVICIO DE LOS TOTALITARISMOS EN EUROPA. La vigencia de los Derechos individuales en Espa\u00f1a, Italia y Alemania en la primera mitad del s.XX"},"content":{"rendered":"<p>[et_pb_section fb_built=&#8221;1&#8243; _builder_version=&#8221;3.22&#8243;][et_pb_row _builder_version=&#8221;3.25&#8243; background_size=&#8221;initial&#8221; background_position=&#8221;top_left&#8221; background_repeat=&#8221;repeat&#8221;][et_pb_column type=&#8221;4_4&#8243; _builder_version=&#8221;3.25&#8243; custom_padding=&#8221;|||&#8221; custom_padding__hover=&#8221;|||&#8221;][et_pb_text _builder_version=&#8221;3.27.4&#8243; background_size=&#8221;initial&#8221; background_position=&#8221;top_left&#8221; background_repeat=&#8221;repeat&#8221;]<a href=\"https:\/\/historiadelderecho.umh.es\/files\/2021\/11\/Cartel_Congreso-scaled.jpg\"><img loading=\"lazy\" class=\"alignleft size-medium wp-image-1318\" src=\"https:\/\/historiadelderecho.umh.es\/files\/2021\/11\/Cartel_Congreso-213x300.jpg\" alt=\"\" width=\"213\" height=\"300\" srcset=\"https:\/\/historiadelderecho.umh.es\/files\/2021\/11\/Cartel_Congreso-213x300.jpg 213w, https:\/\/historiadelderecho.umh.es\/files\/2021\/11\/Cartel_Congreso-728x1024.jpg 728w, https:\/\/historiadelderecho.umh.es\/files\/2021\/11\/Cartel_Congreso-768x1080.jpg 768w, https:\/\/historiadelderecho.umh.es\/files\/2021\/11\/Cartel_Congreso-1092x1536.jpg 1092w, https:\/\/historiadelderecho.umh.es\/files\/2021\/11\/Cartel_Congreso-1456x2048.jpg 1456w, https:\/\/historiadelderecho.umh.es\/files\/2021\/11\/Cartel_Congreso-scaled.jpg 1820w\" sizes=\"(max-width: 213px) 100vw, 213px\" \/><\/a><\/p>\n<p style=\"text-align: justify\">El Congreso Internacional <em>La Justicia al servicio de los totalitarismos en Europa: La vigencia de los derechos individuales en Espa\u00f1a, Italia y Alemania durante la primera mitad del s. XX<\/em>, est\u00e1 dirigido al estudio, desde una perspectiva comparada, de la quiebra de los principios democr\u00e1ticos sobre los que se asent\u00f3 la actividad pol\u00edtica de los pa\u00edses sometidos al yugo de las dictaduras durante el siglo pasado.<\/p>\n<p style=\"text-align: justify\">Se trata, sin duda, de un encuentro cient\u00edfico de gran envergadura, que pretende realizar un an\u00e1lisis, desde una perspectiva multidisciplinar e internacional, de nuestra Memoria Hist\u00f3rica. Este examen resulta imprescindible para favorecer la convivencia y el desarrollo de las libertades democr\u00e1ticas. Solo conociendo el pasado podemos evitar la repetici\u00f3n de los errores cometidos en etapas hist\u00f3ricas anteriores. En concreto, es necesario profundizar en las consecuencias y repercusiones de la extrema politizaci\u00f3n de la Justicia. No debemos olvidar que la independencia judicial es un elemento indispensable para el respeto de los derechos y libertades de los ciudadanos quienes vieron violentadas sus garant\u00edas procesales y su integridad personal durante el periodo que nos ocupa.<\/p>\n<p style=\"text-align: justify\">El simposio se desarrollar\u00e1 en formato presencial. Todas las sesiones se celebrar\u00e1n en la Sala Misteri d&#8217;Elx, del edificio Torreva\u00edllo de la Universidad Miguel Hern\u00e1ndez, (campus de Elche).<\/p>\n<ul>\n<li><strong><a href=\"https:\/\/historiadelderecho.umh.es\/actividades\/congresos\/congreso-la-justicia-al-servicio-de-los-totalitarismos-en-europa\/programa\/\" rel=\"noopener noreferrer\">PROGRAMA<\/a>\u00a0<\/strong><\/li>\n<li><strong><a href=\"https:\/\/forms.gle\/hjPvcQTT8RfAe7cP7\" rel=\"noopener noreferrer\">INSCRIPCI\u00d3N<\/a><\/strong><\/li>\n<li><strong><a href=\"https:\/\/historiadelderecho.umh.es\/actividades\/congresos\/congreso-la-justicia-al-servicio-de-los-totalitarismos-en-europa\/localizacion\/\" rel=\"noopener noreferrer\">LOCALIZACI\u00d3N<\/a><\/strong><\/li>\n<\/ul>\n<table style=\"height: 268px\" border=\"1\" width=\"1048\" cellspacing=\"0\" cellpadding=\"0\" align=\"center\">\n<tbody>\n<tr>\n<td valign=\"top\" width=\"150\"><strong>Organiza:<\/strong><\/p>\n<p><a href=\"https:\/\/historiadelderecho.umh.es\/files\/2021\/01\/Logo-HDI-UMH.jpg\"><img loading=\"lazy\" class=\"size-medium wp-image-1131 alignleft\" src=\"https:\/\/historiadelderecho.umh.es\/files\/2021\/01\/Logo-HDI-UMH-300x114.jpg\" alt=\"\" width=\"300\" height=\"114\" srcset=\"https:\/\/historiadelderecho.umh.es\/files\/2021\/01\/Logo-HDI-UMH-300x114.jpg 300w, https:\/\/historiadelderecho.umh.es\/files\/2021\/01\/Logo-HDI-UMH.jpg 375w\" sizes=\"(max-width: 300px) 100vw, 300px\" \/><\/a><\/p>\n<p>Directores:<br \/>\nProf. Dr. Jos\u00e9 A. P\u00e9rez Juan<br \/>\nProf. Dr\u00aa. Sara Moreno Tejada<\/p>\n<p>Secretaria t\u00e9cnica:<br \/>\nProf\u00aa. Roc\u00edo Rodr\u00edguez Mas<\/td>\n<td valign=\"middle\"><strong>Patrocina :<\/strong><\/p>\n<p><a href=\"https:\/\/historiadelderecho.umh.es\/files\/2020\/09\/Captura.JPG-2.jpg\"><img loading=\"lazy\" class=\" wp-image-1037 alignleft\" src=\"https:\/\/historiadelderecho.umh.es\/files\/2020\/09\/Captura.JPG-2-300x186.jpg\" alt=\"\" width=\"190\" height=\"90 \" srcset=\"https:\/\/historiadelderecho.umh.es\/files\/2020\/09\/Captura.JPG-2-300x186.jpg 300w, https:\/\/historiadelderecho.umh.es\/files\/2020\/09\/Captura.JPG-2.jpg 355w\" sizes=\"(max-width: 300px) 100vw, 300px\" \/><\/a><\/p>\n<p>Resoluci\u00f3n de 26\u00a0de octubre de 2021, del director general de Ciencia e Investigaci\u00f3n, por la que se conceden subvenciones para la organizaci\u00f3n y difusi\u00f3n de congresos, jornadas y reuniones cient\u00edficas, tecnol\u00f3gicas, human\u00edsticas o art\u00edsticas de car\u00e1cter internacional (AORG- 2021).<\/p>\n<p><a href=\"https:\/\/historiadelderecho.umh.es\/files\/2021\/11\/proyecto.jpg\"><img loading=\"lazy\" class=\"size-medium wp-image-1312 alignleft\" src=\"https:\/\/historiadelderecho.umh.es\/files\/2021\/11\/proyecto-300x117.jpg\" alt=\"\" width=\"300\" height=\"117\" srcset=\"https:\/\/historiadelderecho.umh.es\/files\/2021\/11\/proyecto-300x117.jpg 300w, https:\/\/historiadelderecho.umh.es\/files\/2021\/11\/proyecto.jpg 414w\" sizes=\"(max-width: 300px) 100vw, 300px\" \/><\/a><\/p>\n<p>&nbsp;<\/p>\n<p>&nbsp;<\/p>\n<p>&nbsp;<\/p>\n<p>&nbsp;<\/p>\n<p><span style=\"color: #ffffff\">o<\/span><\/p>\n<p>Actividad incluida en el Proyecto <em>Conflicto y reparaci\u00f3n en la historia jur\u00eddica espa\u00f1ola moderna y contempor\u00e1nea<\/em> referencia PID2020-113346GB-C21, financiado por el Ministerio de Ciencia e Innovaci\u00f3n del Gobierno de Espa\u00f1a en el marco del Programa Estatal de Generaci\u00f3n de Conocimiento y Fortalecimiento Cient\u00edfico y Tecnol\u00f3gico del Sistema de I+D+i del Plan de Investigaci\u00f3n Cient\u00edfica y T\u00e9cnica y de Innovaci\u00f3n 2017-2020(AEI\/10.13039\/501100011033)<\/td>\n<\/tr>\n<\/tbody>\n<\/table>\n<p>[\/et_pb_text][\/et_pb_column][\/et_pb_row][\/et_pb_section]<\/p>","protected":false},"excerpt":{"rendered":"<p>[et_pb_section fb_built=&#8221;1&#8243; _builder_version=&#8221;3.22&#8243;][et_pb_row _builder_version=&#8221;3.25&#8243; background_size=&#8221;initial&#8221; background_position=&#8221;top_left&#8221; background_repeat=&#8221;repeat&#8221;][et_pb_column type=&#8221;4_4&#8243; _builder_version=&#8221;3.25&#8243; custom_padding=&#8221;|||&#8221; custom_padding__hover=&#8221;|||&#8221;][et_pb_text _builder_version=&#8221;3.27.4&#8243; background_size=&#8221;initial&#8221; background_position=&#8221;top_left&#8221; background_repeat=&#8221;repeat&#8221;]<br \/>\nEl Congreso Internacional La Justicia al servicio de los totalitarismos en Europa: La vigencia de los derechos individuales en Espa\u00f1a, Italia y Alemania durante la primera mitad del s. XX, est\u00e1 dirigido al estudio, desde una perspectiva comparada, de la quiebra [&#8230;]<\/p>\n","protected":false},"author":50,"featured_media":0,"parent":23,"menu_order":0,"comment_status":"closed","ping_status":"closed","template":"","meta":{"_et_pb_use_builder":"off","_et_pb_old_content":"","_et_gb_content_width":"","_links_to":"","_links_to_target":""},"_links":{"self":[{"href":"https:\/\/historiadelderecho.umh.es\/ca\/wp-json\/wp\/v2\/pages\/1285"}],"collection":[{"href":"https:\/\/historiadelderecho.umh.es\/ca\/wp-json\/wp\/v2\/pages"}],"about":[{"href":"https:\/\/historiadelderecho.umh.es\/ca\/wp-json\/wp\/v2\/types\/page"}],"author":[{"embeddable":true,"href":"https:\/\/historiadelderecho.umh.es\/ca\/wp-json\/wp\/v2\/users\/50"}],"replies":[{"embeddable":true,"href":"https:\/\/historiadelderecho.umh.es\/ca\/wp-json\/wp\/v2\/comments?post=1285"}],"version-history":[{"count":0,"href":"https:\/\/historiadelderecho.umh.es\/ca\/wp-json\/wp\/v2\/pages\/1285\/revisions"}],"up":[{"embeddable":true,"href":"https:\/\/historiadelderecho.umh.es\/ca\/wp-json\/wp\/v2\/pages\/23"}],"wp:attachment":[{"href":"https:\/\/historiadelderecho.umh.es\/ca\/wp-json\/wp\/v2\/media?parent=1285"}],"curies":[{"name":"wp","href":"https:\/\/api.w.org\/{rel}","templated":true}]}}