{"id":1306,"date":"2021-11-15T12:42:07","date_gmt":"2021-11-15T11:42:07","guid":{"rendered":"https:\/\/historiadelderecho.umh.es\/?page_id=1306"},"modified":"2021-12-03T23:38:47","modified_gmt":"2021-12-03T22:38:47","slug":"localizacion","status":"publish","type":"page","link":"https:\/\/historiadelderecho.umh.es\/ca\/actividades\/congresos\/congreso-la-justicia-al-servicio-de-los-totalitarismos-en-europa\/localizacion\/","title":{"rendered":"LOCALIZACI\u00d3N"},"content":{"rendered":"<p>[et_pb_section fb_built=&#8221;1&#8243; _builder_version=&#8221;3.22&#8243;][et_pb_row _builder_version=&#8221;3.25&#8243; background_size=&#8221;initial&#8221; background_position=&#8221;top_left&#8221; background_repeat=&#8221;repeat&#8221;][et_pb_column type=&#8221;4_4&#8243; _builder_version=&#8221;3.25&#8243; custom_padding=&#8221;|||&#8221; custom_padding__hover=&#8221;|||&#8221;][et_pb_text _builder_version=&#8221;3.27.4&#8243; background_size=&#8221;initial&#8221; background_position=&#8221;top_left&#8221; background_repeat=&#8221;repeat&#8221;]El Congreso Internacional <strong><em>La justicia al servicio de los totalitarismos en Europa. La vigencia de los derechos individuales en Espa\u00f1a, Italia y Alemania durante la primera mitad del siglo XX <\/em><\/strong>tendr\u00e1 lugar en la Sala Misteri d&#8217;Elx, Edificio Torrevaillo, Campus de Elche, de la Universidad Miguel Hern\u00e1ndez de Elche.<\/p>\n<p><a href=\"https:\/\/www.google.es\/maps\/place\/38%C2%B016'40.4%22N+0%C2%B041'29.4%22W\/@38.277898,-0.6920392,166m\/data=!3m2!1e3!4b1!4m6!3m5!1s0x0:0x0!7e2!8m2!3d38.2778983!4d-0.6914916\"><img loading=\"lazy\" class=\"alignleft wp-image-641 size-medium\" src=\"https:\/\/historiadelderecho.umh.es\/files\/2017\/10\/TORREVAILLO-300x200.jpg\" alt=\"\" width=\"300\" height=\"200\" srcset=\"https:\/\/historiadelderecho.umh.es\/files\/2017\/10\/TORREVAILLO-300x200.jpg 300w, https:\/\/historiadelderecho.umh.es\/files\/2017\/10\/TORREVAILLO-768x512.jpg 768w, https:\/\/historiadelderecho.umh.es\/files\/2017\/10\/TORREVAILLO-1024x683.jpg 1024w\" sizes=\"(max-width: 300px) 100vw, 300px\" \/><\/a><\/p>\n<p>Puede consultar la localizaci\u00f3n, pinchando en la anterior imagen o en el siguiente mapa:<\/p>\n<p>[<a href=\"https:\/\/universite.umh.es\/localizaciones\/default.htm?&amp;selT=estancias&amp;selI=E09P0037\">Veure pantalla completa<\/a>]<br><br><iframe loading=\"lazy\" src=\"https:\/\/universite.umh.es\/localizaciones\/default.htm?face=nok&amp;selT=estancias&amp;selI=E09P0037\" frameborder=0 style=\"border: 0px solid #ffffff;\" width=\"600 px\" height=\"425 px\"><\/iframe>\n<br \/>\n[\/et_pb_text][\/et_pb_column][\/et_pb_row][\/et_pb_section]<\/p>\n","protected":false},"excerpt":{"rendered":"<p>El Congreso Internacional La justicia al servicio de los totalitarismos en Europa. La vigencia de los derechos individuales en Espa\u00f1a, Italia y Alemania durante la primera mitad del siglo XX tendr\u00e1 lugar en la Sala Misteri d&#8217;Elx, Edificio Torrevaillo, Campus de Elche, de la Universidad Miguel Hern\u00e1ndez de Elche. Puede consultar la localizaci\u00f3n, pinchando en [&hellip;]<\/p>\n","protected":false},"author":5730,"featured_media":0,"parent":1285,"menu_order":0,"comment_status":"closed","ping_status":"closed","template":"","meta":{"_et_pb_use_builder":"on","_et_pb_old_content":"<p>El Congreso Internacional <strong><em>La justicia al servicio de los totalitarismos en Europa. La vigencia de los derechos individuales en Espa\u00f1a, Italia y Alemania durante la primera mitad del siglo XX <\/em><\/strong>tendr\u00e1 lugar en la Sala Misteri d'Elx, Edificio Torrevaillo, Campus de Elche, de la Universidad Miguel Hern\u00e1ndez de Elche.<\/p><p><a href=\"https:\/\/www.google.es\/maps\/place\/38%C2%B016'40.4%22N+0%C2%B041'29.4%22W\/@38.277898,-0.6920392,166m\/data=!3m2!1e3!4b1!4m6!3m5!1s0x0:0x0!7e2!8m2!3d38.2778983!4d-0.6914916\"><img class=\"alignleft wp-image-641 size-medium\" src=\"https:\/\/historiadelderecho.umh.es\/files\/2017\/10\/TORREVAILLO-300x200.jpg\" alt=\"\" width=\"300\" height=\"200\" \/><\/a><\/p><p>Puede consultar la localizaci\u00f3n, pinchando en la anterior imagen o en el siguiente mapa:<\/p><p>[localiza cod=\"E09P0037\" width=\"600\" height=\"425\" zoom=\"4\"]<\/p>","_et_gb_content_width":"","_links_to":"","_links_to_target":""},"_links":{"self":[{"href":"https:\/\/historiadelderecho.umh.es\/ca\/wp-json\/wp\/v2\/pages\/1306"}],"collection":[{"href":"https:\/\/historiadelderecho.umh.es\/ca\/wp-json\/wp\/v2\/pages"}],"about":[{"href":"https:\/\/historiadelderecho.umh.es\/ca\/wp-json\/wp\/v2\/types\/page"}],"author":[{"embeddable":true,"href":"https:\/\/historiadelderecho.umh.es\/ca\/wp-json\/wp\/v2\/users\/5730"}],"replies":[{"embeddable":true,"href":"https:\/\/historiadelderecho.umh.es\/ca\/wp-json\/wp\/v2\/comments?post=1306"}],"version-history":[{"count":0,"href":"https:\/\/historiadelderecho.umh.es\/ca\/wp-json\/wp\/v2\/pages\/1306\/revisions"}],"up":[{"embeddable":true,"href":"https:\/\/historiadelderecho.umh.es\/ca\/wp-json\/wp\/v2\/pages\/1285"}],"wp:attachment":[{"href":"https:\/\/historiadelderecho.umh.es\/ca\/wp-json\/wp\/v2\/media?parent=1306"}],"curies":[{"name":"wp","href":"https:\/\/api.w.org\/{rel}","templated":true}]}}