{"id":167,"date":"2006-04-14T08:01:15","date_gmt":"2006-04-14T06:01:15","guid":{"rendered":"http:\/\/historiadelderecho.umh.es\/la-justicia-en-las-fuentes-literarias\/"},"modified":"2021-12-11T10:10:19","modified_gmt":"2021-12-11T09:10:19","slug":"la-justicia-en-las-fuentes-literarias","status":"publish","type":"page","link":"https:\/\/historiadelderecho.umh.es\/ca\/actividades\/charlas-conferencias\/la-justicia-en-las-fuentes-literarias\/","title":{"rendered":"La Justicia en las fuentes literarias"},"content":{"rendered":"<p>[et_pb_section fb_built=&#8221;1&#8243; _builder_version=&#8221;3.22&#8243;][et_pb_row _builder_version=&#8221;3.25&#8243; background_size=&#8221;initial&#8221; background_position=&#8221;top_left&#8221; background_repeat=&#8221;repeat&#8221;][et_pb_column type=&#8221;4_4&#8243; _builder_version=&#8221;3.25&#8243; custom_padding=&#8221;|||&#8221; custom_padding__hover=&#8221;|||&#8221;][et_pb_text _builder_version=&#8221;3.27.4&#8243; background_size=&#8221;initial&#8221; background_position=&#8221;top_left&#8221; background_repeat=&#8221;repeat&#8221;]<\/p>\n<p style=\"text-align: justify\"><a href=\"https:\/\/historiadelderecho.umh.es\/files\/2013\/04\/Enrique-Gacto-Historia-Justicia-2006.jpg\"><img loading=\"lazy\" class=\"alignleft size-medium wp-image-166\" title=\"Enrique Gacto Historia Justicia 2006\" src=\"https:\/\/historiadelderecho.umh.es\/files\/2013\/04\/Enrique-Gacto-Historia-Justicia-2006-300x200.jpg\" alt=\"\" width=\"300\" height=\"200\" srcset=\"https:\/\/historiadelderecho.umh.es\/files\/2013\/04\/Enrique-Gacto-Historia-Justicia-2006-300x200.jpg 300w, https:\/\/historiadelderecho.umh.es\/files\/2013\/04\/Enrique-Gacto-Historia-Justicia-2006-1024x682.jpg 1024w\" sizes=\"(max-width: 300px) 100vw, 300px\" \/><\/a><\/p>\n<p style=\"text-align: justify\">Enrique Gacto Fern\u00e1ndez, catedr\u00e1tico de Historia del Derecho y de las Instituciones de la Universidad de Murcia impartir\u00e1\u00a0 el\u00a0mi\u00e9rcoles 5 de abril de 2006, en el marco del curso de doctorado el Derecho, Pol\u00edtica y\u00a0 Justicia, una conferencia sobre <em>La Justicia<\/em><em> en las fuentes literarias<\/em>. La actividad se celebrar\u00e1 a las 17:00 h en el Laboratorio de Documentaci\u00f3n Jur\u00eddica del Edif. La Gal.lia y est\u00e1 organizada por el \u00e1rea de Historia del Derecho y de las Instituciones de la UMH en colaboraci\u00f3n con el Departamento de Arte, Humanidades y Ciencias Sociales y Jur\u00eddicas.<\/p>\n<p style=\"text-align: justify\">\u00a0Enrique Gacto es miembro del Instituto de la Inquisici\u00f3n y vocal del consejo de redacci\u00f3n del Anuario de Historia del Derecho Espa\u00f1ol. Es autor de un buen n\u00famero de publicaciones, siendo especialista en la historia de la jurisdicci\u00f3n mercantil y en el estudio de la Inquisici\u00f3n espa\u00f1ola. Destacan sus trabajos <em>aproximaci\u00f3n al derecho penal de la Inquisici\u00f3n; las circunstancias atenuantes de la responsabilidad criminal en la doctrina jur\u00eddica de la Inquisici\u00f3n, as\u00ed como su r<\/em>ecientemente publicaci\u00f3n sobre la Inquisici\u00f3n en Cantabria durante el s.XVIII.<\/p>\n<p>[\/et_pb_text][\/et_pb_column][\/et_pb_row][\/et_pb_section]<\/p>\n","protected":false},"excerpt":{"rendered":"<p>Enrique Gacto Fern\u00e1ndez, catedr\u00e1tico de Historia del Derecho y de las Instituciones de la Universidad de Murcia impartir\u00e1\u00a0 el\u00a0mi\u00e9rcoles 5 de abril de 2006, en el marco del curso de doctorado el Derecho, Pol\u00edtica y\u00a0 Justicia, una conferencia sobre La Justicia en las fuentes literarias. La actividad se celebrar\u00e1 a las 17:00 h en el [&hellip;]<\/p>\n","protected":false},"author":50,"featured_media":0,"parent":25,"menu_order":0,"comment_status":"closed","ping_status":"closed","template":"","meta":{"_et_pb_use_builder":"on","_et_pb_old_content":"<p style=\"text-align: justify;\"><a href=\"https:\/\/historiadelderecho.umh.es\/files\/2013\/04\/Enrique-Gacto-Historia-Justicia-2006.jpg\"><img class=\"alignleft size-medium wp-image-166\" title=\"Enrique Gacto Historia Justicia 2006\" src=\"https:\/\/historiadelderecho.umh.es\/files\/2013\/04\/Enrique-Gacto-Historia-Justicia-2006-300x200.jpg\" alt=\"\" width=\"300\" height=\"200\" \/><\/a><\/p><p style=\"text-align: justify;\">Enrique Gacto Fern\u00e1ndez, catedr\u00e1tico de Historia del Derecho y de las Instituciones de la Universidad de Murcia impartir\u00e1\u00a0 el\u00a0mi\u00e9rcoles 5 de abril de 2006, en el marco del curso de doctorado el Derecho, Pol\u00edtica y\u00a0 Justicia, una conferencia sobre <em>La Justicia<\/em><em> en las fuentes literarias<\/em>. La actividad se celebrar\u00e1 a las 17:00 h en el Laboratorio de Documentaci\u00f3n Jur\u00eddica del Edif. La Gal.lia y est\u00e1 organizada por el \u00e1rea de Historia del Derecho y de las Instituciones de la UMH en colaboraci\u00f3n con el Departamento de Arte, Humanidades y Ciencias Sociales y Jur\u00eddicas.<\/p><p style=\"text-align: justify;\">\u00a0Enrique Gacto es miembro del Instituto de la Inquisici\u00f3n y vocal del consejo de redacci\u00f3n del Anuario de Historia del Derecho Espa\u00f1ol. Es autor de un buen n\u00famero de publicaciones, siendo especialista en la historia de la jurisdicci\u00f3n mercantil y en el estudio de la Inquisici\u00f3n espa\u00f1ola. Destacan sus trabajos <em>aproximaci\u00f3n al derecho penal de la Inquisici\u00f3n; las circunstancias atenuantes de la responsabilidad criminal en la doctrina jur\u00eddica de la Inquisici\u00f3n, as\u00ed como su r<\/em>ecientemente publicaci\u00f3n sobre la Inquisici\u00f3n en Cantabria durante el s.XVIII.<\/p>","_et_gb_content_width":"","_links_to":"","_links_to_target":""},"_links":{"self":[{"href":"https:\/\/historiadelderecho.umh.es\/ca\/wp-json\/wp\/v2\/pages\/167"}],"collection":[{"href":"https:\/\/historiadelderecho.umh.es\/ca\/wp-json\/wp\/v2\/pages"}],"about":[{"href":"https:\/\/historiadelderecho.umh.es\/ca\/wp-json\/wp\/v2\/types\/page"}],"author":[{"embeddable":true,"href":"https:\/\/historiadelderecho.umh.es\/ca\/wp-json\/wp\/v2\/users\/50"}],"replies":[{"embeddable":true,"href":"https:\/\/historiadelderecho.umh.es\/ca\/wp-json\/wp\/v2\/comments?post=167"}],"version-history":[{"count":0,"href":"https:\/\/historiadelderecho.umh.es\/ca\/wp-json\/wp\/v2\/pages\/167\/revisions"}],"up":[{"embeddable":true,"href":"https:\/\/historiadelderecho.umh.es\/ca\/wp-json\/wp\/v2\/pages\/25"}],"wp:attachment":[{"href":"https:\/\/historiadelderecho.umh.es\/ca\/wp-json\/wp\/v2\/media?parent=167"}],"curies":[{"name":"wp","href":"https:\/\/api.w.org\/{rel}","templated":true}]}}