{"id":168,"date":"2007-02-01T08:11:34","date_gmt":"2007-02-01T07:11:34","guid":{"rendered":"http:\/\/historiadelderecho.umh.es\/actividades\/charlas-conferencias\/la-inquisicion-espanola\/"},"modified":"2021-12-11T10:09:37","modified_gmt":"2021-12-11T09:09:37","slug":"la-inquisicion-espanola","status":"publish","type":"page","link":"https:\/\/historiadelderecho.umh.es\/ca\/actividades\/charlas-conferencias\/la-inquisicion-espanola\/","title":{"rendered":"La Inquisici\u00f3n espa\u00f1ola"},"content":{"rendered":"<p>[et_pb_section fb_built=&#8221;1&#8243; _builder_version=&#8221;3.22&#8243;][et_pb_row _builder_version=&#8221;3.25&#8243; background_size=&#8221;initial&#8221; background_position=&#8221;top_left&#8221; background_repeat=&#8221;repeat&#8221;][et_pb_column type=&#8221;4_4&#8243; _builder_version=&#8221;3.25&#8243; custom_padding=&#8221;|||&#8221; custom_padding__hover=&#8221;|||&#8221;][et_pb_text _builder_version=&#8221;3.27.4&#8243; background_size=&#8221;initial&#8221; background_position=&#8221;top_left&#8221; background_repeat=&#8221;repeat&#8221;]<a href=\"https:\/\/historiadelderecho.umh.es\/files\/2013\/04\/Cartel-conferencia-Escudero.jpg\"><img loading=\"lazy\" class=\"alignleft size-medium wp-image-169\" title=\"Cartel conferencia Escudero\" src=\"https:\/\/historiadelderecho.umh.es\/files\/2013\/04\/Cartel-conferencia-Escudero-212x300.jpg\" alt=\"\" width=\"212\" height=\"300\" srcset=\"https:\/\/historiadelderecho.umh.es\/files\/2013\/04\/Cartel-conferencia-Escudero-212x300.jpg 212w, https:\/\/historiadelderecho.umh.es\/files\/2013\/04\/Cartel-conferencia-Escudero-724x1024.jpg 724w, https:\/\/historiadelderecho.umh.es\/files\/2013\/04\/Cartel-conferencia-Escudero.jpg 1381w\" sizes=\"(max-width: 212px) 100vw, 212px\" \/><\/a><\/p>\n<p>El prof. Jos\u00e9 Antonio Escudero, catedr\u00e1tico de Historia del Derecho y de las Instituciones de la UNED impartir\u00e1\u00a0el jueves\u00a08 de febrero de 2007 \u00a0en la Facultad de Ciencias Sociales y Jur\u00eddicas de Orihuela una conferencia sobre <em>La Inquisici\u00f3n<\/em><em> Espa\u00f1ola<\/em>. La actividad que se celebrar\u00e1 a las 17.00 h en la Sala de Conferencias del Edif. Casa del Paso (Campus de la Salesas) est\u00e1 organizada por el \u00e1rea de Historia del Derecho y de las Instituciones de la UMH en colaboraci\u00f3n con el departamento de Arte, Humanidades y Ciencias Sociales y Jur\u00eddicas.<\/p>\n<p>Jos\u00e9 Antonio Escudero es miembro de la Real Academia de la Historia y de la Academia de Legislaci\u00f3n y Jurisprudencia. Asimismo, ha sido investido <em>Doctor Honoris Causa<\/em> por la Universidad Miguel Hern\u00e1ndez de Elche. Actualmente es director del <em>Instituto de Intolerancia. Inquisici\u00f3n y Derechos Humanos<\/em>. Es autor de un buen n\u00famero de publicaciones, siendo especialista en la historia de Inquisici\u00f3n espa\u00f1ola y en el estudio de la Administraci\u00f3n central durante la Edad Moderna. Entre sus numerosas publicaciones destaca las obras <em>Perfiles jur\u00eddicos de la Inquisici\u00f3n espa\u00f1ola<\/em>, Madrid, 1992; <em>Los secretarios de Estado y del Despacho (1474-1724)<\/em>, Madrid, 1976 y <em>Los or\u00edgenes del Consejo de Ministros en Espa\u00f1a<\/em>, Madrid, 1979.<br \/>\n[\/et_pb_text][\/et_pb_column][\/et_pb_row][\/et_pb_section]<\/p>\n","protected":false},"excerpt":{"rendered":"<p>El prof. Jos\u00e9 Antonio Escudero, catedr\u00e1tico de Historia del Derecho y de las Instituciones de la UNED impartir\u00e1\u00a0el jueves\u00a08 de febrero de 2007 \u00a0en la Facultad de Ciencias Sociales y Jur\u00eddicas de Orihuela una conferencia sobre La Inquisici\u00f3n Espa\u00f1ola. La actividad que se celebrar\u00e1 a las 17.00 h en la Sala de Conferencias del Edif. [&hellip;]<\/p>\n","protected":false},"author":50,"featured_media":0,"parent":25,"menu_order":0,"comment_status":"closed","ping_status":"closed","template":"","meta":{"_et_pb_use_builder":"on","_et_pb_old_content":"<p><a href=\"https:\/\/historiadelderecho.umh.es\/files\/2013\/04\/Cartel-conferencia-Escudero.jpg\"><img class=\"alignleft size-medium wp-image-169\" title=\"Cartel conferencia Escudero\" src=\"https:\/\/historiadelderecho.umh.es\/files\/2013\/04\/Cartel-conferencia-Escudero-212x300.jpg\" alt=\"\" width=\"212\" height=\"300\" \/><\/a><\/p><p>El prof. Jos\u00e9 Antonio Escudero, catedr\u00e1tico de Historia del Derecho y de las Instituciones de la UNED impartir\u00e1\u00a0el jueves\u00a08 de febrero de 2007 \u00a0en la Facultad de Ciencias Sociales y Jur\u00eddicas de Orihuela una conferencia sobre <em>La Inquisici\u00f3n<\/em><em> Espa\u00f1ola<\/em>. La actividad que se celebrar\u00e1 a las 17.00 h en la Sala de Conferencias del Edif. Casa del Paso (Campus de la Salesas) est\u00e1 organizada por el \u00e1rea de Historia del Derecho y de las Instituciones de la UMH en colaboraci\u00f3n con el departamento de Arte, Humanidades y Ciencias Sociales y Jur\u00eddicas.<\/p><p>Jos\u00e9 Antonio Escudero es miembro de la Real Academia de la Historia y de la Academia de Legislaci\u00f3n y Jurisprudencia. Asimismo, ha sido investido <em>Doctor Honoris Causa<\/em> por la Universidad Miguel Hern\u00e1ndez de Elche. Actualmente es director del <em>Instituto de Intolerancia. Inquisici\u00f3n y Derechos Humanos<\/em>. Es autor de un buen n\u00famero de publicaciones, siendo especialista en la historia de Inquisici\u00f3n espa\u00f1ola y en el estudio de la Administraci\u00f3n central durante la Edad Moderna. Entre sus numerosas publicaciones destaca las obras <em>Perfiles jur\u00eddicos de la Inquisici\u00f3n espa\u00f1ola<\/em>, Madrid, 1992; <em>Los secretarios de Estado y del Despacho (1474-1724)<\/em>, Madrid, 1976 y <em>Los or\u00edgenes del Consejo de Ministros en Espa\u00f1a<\/em>, Madrid, 1979.<\/p>","_et_gb_content_width":"","_links_to":"","_links_to_target":""},"_links":{"self":[{"href":"https:\/\/historiadelderecho.umh.es\/ca\/wp-json\/wp\/v2\/pages\/168"}],"collection":[{"href":"https:\/\/historiadelderecho.umh.es\/ca\/wp-json\/wp\/v2\/pages"}],"about":[{"href":"https:\/\/historiadelderecho.umh.es\/ca\/wp-json\/wp\/v2\/types\/page"}],"author":[{"embeddable":true,"href":"https:\/\/historiadelderecho.umh.es\/ca\/wp-json\/wp\/v2\/users\/50"}],"replies":[{"embeddable":true,"href":"https:\/\/historiadelderecho.umh.es\/ca\/wp-json\/wp\/v2\/comments?post=168"}],"version-history":[{"count":0,"href":"https:\/\/historiadelderecho.umh.es\/ca\/wp-json\/wp\/v2\/pages\/168\/revisions"}],"up":[{"embeddable":true,"href":"https:\/\/historiadelderecho.umh.es\/ca\/wp-json\/wp\/v2\/pages\/25"}],"wp:attachment":[{"href":"https:\/\/historiadelderecho.umh.es\/ca\/wp-json\/wp\/v2\/media?parent=168"}],"curies":[{"name":"wp","href":"https:\/\/api.w.org\/{rel}","templated":true}]}}