{"id":2077,"date":"2021-12-15T14:22:37","date_gmt":"2021-12-15T13:22:37","guid":{"rendered":"https:\/\/historiadelderecho.umh.es\/?page_id=2077"},"modified":"2021-12-15T14:36:19","modified_gmt":"2021-12-15T13:36:19","slug":"justicia-y-memoria-historica","status":"publish","type":"page","link":"https:\/\/historiadelderecho.umh.es\/ca\/investigacion\/proyectos\/justicia-y-memoria-historica\/","title":{"rendered":"<span lang=\"es\">(Espa\u00f1ol) Justicia y Memoria Hist\u00f3rica<\/span>"},"content":{"rendered":"<p>[et_pb_section fb_built=&#8221;1&#8243; _builder_version=&#8221;3.22&#8243;][et_pb_row _builder_version=&#8221;3.25&#8243; background_size=&#8221;initial&#8221; background_position=&#8221;top_left&#8221; background_repeat=&#8221;repeat&#8221;][et_pb_column type=&#8221;4_4&#8243; _builder_version=&#8221;3.25&#8243; custom_padding=&#8221;|||&#8221; custom_padding__hover=&#8221;|||&#8221;][et_pb_text _builder_version=&#8221;3.27.4&#8243; background_size=&#8221;initial&#8221; background_position=&#8221;top_left&#8221; background_repeat=&#8221;repeat&#8221;]JUSTICIA Y MEMORIA HIST\u00d3RICA<\/p>\n<p style=\"text-align: justify\"><strong>Investigador principal<\/strong>: Prof. Dr.\u00a0 Jos\u00e9 Antonio P\u00e9rez Juan<\/p>\n<p style=\"text-align: justify\">Conselleria de Justicia, Administraci\u00f3n P\u00fablica, Reformes democr\u00e1tiques i Llibertats p\u00fabliques<\/p>\n<p style=\"text-align: justify\">Vigencia: 2017-2018<\/p>\n<p style=\"text-align: justify\"><strong>Equipo de investigadores<\/strong>:<\/p>\n<ul style=\"text-align: justify\">\n<li><a href=\"https:\/\/historiadelderecho.umh.es\/directorio\/jose-antonio-perez-juan\/\">Prof. Dr. Jos\u00e9 Antonio P\u00e9rez Juan<\/a><\/li>\n<\/ul>\n<p style=\"text-align: justify\">Historia del Derecho y de las Instituciones, Universidad Miguel Hern\u00e1ndez de Elche.<\/p>\n<ul style=\"text-align: justify\">\n<li>Prof. D. Sara Moreno Tejada<\/li>\n<\/ul>\n<p style=\"text-align: justify\">Historia del Derecho y de las Instituciones, Universidad Miguel Hern\u00e1ndez de Elche.<\/p>\n<ul style=\"text-align: justify\">\n<li>Prof. Dr.\u00a0 Antonio S\u00e1nchez Aranda<\/li>\n<\/ul>\n<p style=\"text-align: justify\">Historia del Derecho y de las Instituciones,\u00a0 Universidad Granada<\/p>\n<ul style=\"text-align: justify\">\n<li>Prof. Dr.\u00a0 Jos\u00e9 Miguel Pay\u00e1 Poveda<\/li>\n<\/ul>\n<p style=\"text-align: justify\">Historia del Derecho y de las Instituciones,\u00a0 Universidad Miguel Hern\u00e1ndez de Elche<\/p>\n<p style=\"text-align: justify\"><strong>Resumen y objetivos<\/strong>:<\/p>\n<p style=\"text-align: justify\">Proyecto analiza el funcionamiento de la Administraci\u00f3n de Justicia durante la Segunda Rep\u00fablica, la Guerra civil y el Franquismo, haciendo especial hincapi\u00e9 en el an\u00e1lisis de los procesos y causas que sufrieron gran cantidad de ciudadanos este tr\u00e1gico momento de nuestra Historia. Hay que rese\u00f1ar que en estas fechas la falta de independencia del Poder Judicial afect\u00f3 a la vigencia de las garant\u00edas procesales y los derechos individuales de numerosos ciudadanos repercutiendo directamente en su integridad personal y la de sus familiares.\u00a0 En particular, las actuaciones incluidas en este proyecto, se dirigen a alcanzar los siguientes resultados concretos:<\/p>\n<ol>\n<li style=\"text-align: justify\">Conocer el funcionamiento de la Administraci\u00f3n de Justicia durante la Segunda Rep\u00fablica, la Guerra civil y el Franquismo.<\/li>\n<li style=\"text-align: justify\">Identificar la participaci\u00f3n de los profesionales de la Justicia en las contiendas pol\u00edticas y partidistas de los diferentes periodos republicanos.<\/li>\n<li style=\"text-align: justify\">Localizar y estudiar los procesos de depuraci\u00f3n a que fue sometido no s\u00f3lo el funcionariado de la Administraci\u00f3n de Justicia y la propia judicatura tras el triunfo del bando franquista sino tambi\u00e9n muchos de los ciudadanos a quienes toc\u00f3 la suerte de vivir aquella etapa de nuestra historia.<\/li>\n<\/ol>\n<p>&nbsp;<br \/>\n[\/et_pb_text][\/et_pb_column][\/et_pb_row][\/et_pb_section]<\/p>\n","protected":false},"excerpt":{"rendered":"<p>JUSTICIA Y MEMORIA HIST\u00d3RICA Investigador principal: Prof. Dr.\u00a0 Jos\u00e9 Antonio P\u00e9rez Juan Conselleria de Justicia, Administraci\u00f3n P\u00fablica, Reformes democr\u00e1tiques i Llibertats p\u00fabliques Vigencia: 2017-2018 Equipo de investigadores: Prof. Dr. Jos\u00e9 Antonio P\u00e9rez Juan Historia del Derecho y de las Instituciones, Universidad Miguel Hern\u00e1ndez de Elche. Prof. D. Sara Moreno Tejada Historia del Derecho y de [&hellip;]<\/p>\n","protected":false},"author":50,"featured_media":0,"parent":16,"menu_order":0,"comment_status":"closed","ping_status":"closed","template":"","meta":{"_et_pb_use_builder":"on","_et_pb_old_content":"<p>JUSTICIA Y MEMORIA HIST\u00d3RICA<\/p><p style=\"text-align: justify;\"><strong>Investigador principal<\/strong>: Prof. Dr.\u00a0 Jos\u00e9 Antonio P\u00e9rez Juan<\/p><p style=\"text-align: justify;\">Conselleria de Justicia, Administraci\u00f3n P\u00fablica, Reformes democr\u00e1tiques i Llibertats p\u00fabliques<\/p><p style=\"text-align: justify;\">Vigencia: 2017-2018<\/p><p style=\"text-align: justify;\"><strong>Equipo de investigadores<\/strong>:<\/p><ul style=\"text-align: justify;\"><li><a href=\"https:\/\/historiadelderecho.umh.es\/directorio\/jose-antonio-perez-juan\/\">Prof. Dr. Jos\u00e9 Antonio P\u00e9rez Juan<\/a><\/li><\/ul><p style=\"text-align: justify;\">Historia del Derecho y de las Instituciones, Universidad Miguel Hern\u00e1ndez de Elche.<\/p><ul style=\"text-align: justify;\"><li>Prof. D. Sara Moreno Tejada<\/li><\/ul><p style=\"text-align: justify;\">Historia del Derecho y de las Instituciones, Universidad Miguel Hern\u00e1ndez de Elche.<\/p><ul style=\"text-align: justify;\"><li>Prof. Dr.\u00a0 Antonio S\u00e1nchez Aranda<\/li><\/ul><p style=\"text-align: justify;\">Historia del Derecho y de las Instituciones,\u00a0 Universidad Granada<\/p><ul style=\"text-align: justify;\"><li>Prof. Dr.\u00a0 Jos\u00e9 Miguel Pay\u00e1 Poveda<\/li><\/ul><p style=\"text-align: justify;\">Historia del Derecho y de las Instituciones,\u00a0 Universidad Miguel Hern\u00e1ndez de Elche<\/p><p style=\"text-align: justify;\"><strong>Resumen y objetivos<\/strong>:<\/p><p style=\"text-align: justify;\">Proyecto analiza el funcionamiento de la Administraci\u00f3n de Justicia durante la Segunda Rep\u00fablica, la Guerra civil y el Franquismo, haciendo especial hincapi\u00e9 en el an\u00e1lisis de los procesos y causas que sufrieron gran cantidad de ciudadanos este tr\u00e1gico momento de nuestra Historia. Hay que rese\u00f1ar que en estas fechas la falta de independencia del Poder Judicial afect\u00f3 a la vigencia de las garant\u00edas procesales y los derechos individuales de numerosos ciudadanos repercutiendo directamente en su integridad personal y la de sus familiares.\u00a0 En particular, las actuaciones incluidas en este proyecto, se dirigen a alcanzar los siguientes resultados concretos:<\/p><ol><li style=\"text-align: justify;\">Conocer el funcionamiento de la Administraci\u00f3n de Justicia durante la Segunda Rep\u00fablica, la Guerra civil y el Franquismo.<\/li><li style=\"text-align: justify;\">Identificar la participaci\u00f3n de los profesionales de la Justicia en las contiendas pol\u00edticas y partidistas de los diferentes periodos republicanos.<\/li><li style=\"text-align: justify;\">Localizar y estudiar los procesos de depuraci\u00f3n a que fue sometido no s\u00f3lo el funcionariado de la Administraci\u00f3n de Justicia y la propia judicatura tras el triunfo del bando franquista sino tambi\u00e9n muchos de los ciudadanos a quienes toc\u00f3 la suerte de vivir aquella etapa de nuestra historia.<\/li><\/ol><p>\u00a0<\/p>","_et_gb_content_width":"","_links_to":"","_links_to_target":""},"_links":{"self":[{"href":"https:\/\/historiadelderecho.umh.es\/ca\/wp-json\/wp\/v2\/pages\/2077"}],"collection":[{"href":"https:\/\/historiadelderecho.umh.es\/ca\/wp-json\/wp\/v2\/pages"}],"about":[{"href":"https:\/\/historiadelderecho.umh.es\/ca\/wp-json\/wp\/v2\/types\/page"}],"author":[{"embeddable":true,"href":"https:\/\/historiadelderecho.umh.es\/ca\/wp-json\/wp\/v2\/users\/50"}],"replies":[{"embeddable":true,"href":"https:\/\/historiadelderecho.umh.es\/ca\/wp-json\/wp\/v2\/comments?post=2077"}],"version-history":[{"count":0,"href":"https:\/\/historiadelderecho.umh.es\/ca\/wp-json\/wp\/v2\/pages\/2077\/revisions"}],"up":[{"embeddable":true,"href":"https:\/\/historiadelderecho.umh.es\/ca\/wp-json\/wp\/v2\/pages\/16"}],"wp:attachment":[{"href":"https:\/\/historiadelderecho.umh.es\/ca\/wp-json\/wp\/v2\/media?parent=2077"}],"curies":[{"name":"wp","href":"https:\/\/api.w.org\/{rel}","templated":true}]}}