{"id":2560,"date":"2023-09-15T11:20:26","date_gmt":"2023-09-15T09:20:26","guid":{"rendered":"https:\/\/historiadelderecho.umh.es\/?page_id=2560"},"modified":"2023-10-26T10:10:16","modified_gmt":"2023-10-26T08:10:16","slug":"martes-7-de-noviembre-de-2023","status":"publish","type":"page","link":"https:\/\/historiadelderecho.umh.es\/ca\/martes-7-de-noviembre-de-2023\/","title":{"rendered":"<span lang=\"es\">(Espa\u00f1ol) Martes, 7 de noviembre de 2023<\/span>"},"content":{"rendered":"<p class=\"qtranxs-available-languages-message qtranxs-available-languages-message-ca\">Ho sentim, aquesta entrada es troba disponible \u00fanicament en <a href=\"https:\/\/historiadelderecho.umh.es\/es\/wp-json\/wp\/v2\/pages\/2560\" class=\"qtranxs-available-language-link qtranxs-available-language-link-es\" title=\"Espa\u00f1ol\">Espanyol Europeu<\/a>.<\/p>","protected":false},"excerpt":{"rendered":"<p>Ho sentim, aquesta entrada es troba disponible \u00fanicament en Espanyol Europeu.<\/p>\n","protected":false},"author":25833,"featured_media":0,"parent":0,"menu_order":0,"comment_status":"closed","ping_status":"closed","template":"","meta":{"_et_pb_use_builder":"on","_et_pb_old_content":"<span lang=\"es\">(Espa\u00f1ol) <a href=\"https:\/\/historiadelderecho.umh.es\/files\/2023\/10\/image-3.png\"><img class=\" wp-image-2709 alignright\" src=\"https:\/\/historiadelderecho.umh.es\/files\/2023\/10\/image-3.png\" alt=\"\" width=\"236\" height=\"332\" \/><\/a>\r\n<strong>10:00h. \"Violencia, g\u00e9nero y derecho: el maltrato a la mujer casada ante la ley y la justicia penal de la \u00e9poca liberal\"<\/strong>\r\nProf\u00aa. Dra. Isabel Ramos V\u00e1zquez\r\nUniversidad de Ja\u00e9n\r\n\r\n<strong>10:45h. \"Una valoraci\u00f3n hist\u00f3rico-jur\u00eddica de los fundamentos de las medidas de gracia en \u00e9poca contempor\u00e1nea\"<\/strong>\r\nProf. Dr. Manuel Torres Aguilar\r\nUniversidad de C\u00f3rdoba\r\n\r\n<strong>11:30h. Pausa caf\u00e9<\/strong>\r\n\r\n<strong>11:45h. \"Los trabajos de la Comisi\u00f3n Municipal de Responsabilidades del Ayuntamiento de Barcelona: la corrupci\u00f3n municipal durante la dictadura de Primo de Rivera\"<\/strong>\r\nProf. Dr. Daniel Vall\u00e9s Mu\u00f1\u00edo\r\nUniversitat Aut\u00f2noma de Barcelona\r\n\r\n<strong>12:30h. \"'Llibertat, Amnist\u00eda, Estatut d\u2019Autonom\u00eda!'. La lucha de un pueblo para la recuperaci\u00f3n de las instituciones catalanas\"<\/strong>\r\nProf\u00aa Dra. Elisabet Velo Fabregat\r\nUniversitat Aut\u00f2noma de Barcelona\r\n\r\n<strong>13:15h Pausa comida<\/strong>\r\n\r\n<strong>17:00h. \"Memoria, migraci\u00f3n y justicia en el siglo XX\"<\/strong>\r\nProf. Dr. Stefano Vinci\r\nUniversit\u00e0 degli Studi di Bari \u201cAldo Moro\"\r\n\r\n<strong>17:45h. \"Un posto all\u2019ombra. Sull\u2019organizzazione del potere nelle relazioni interpersonali. Brevi Riflessioni di Teoria sociale\"<\/strong>\r\nProf. Dr. Angelo Zotti\r\nUniversit\u00e0 degli Studi della Campania \u201cLuigi Vanvitelli\u201d\r\n\r\n<strong>18:30h. Clausura<\/strong><\/span>","_et_gb_content_width":"","_links_to":"","_links_to_target":""},"_links":{"self":[{"href":"https:\/\/historiadelderecho.umh.es\/ca\/wp-json\/wp\/v2\/pages\/2560"}],"collection":[{"href":"https:\/\/historiadelderecho.umh.es\/ca\/wp-json\/wp\/v2\/pages"}],"about":[{"href":"https:\/\/historiadelderecho.umh.es\/ca\/wp-json\/wp\/v2\/types\/page"}],"author":[{"embeddable":true,"href":"https:\/\/historiadelderecho.umh.es\/ca\/wp-json\/wp\/v2\/users\/25833"}],"replies":[{"embeddable":true,"href":"https:\/\/historiadelderecho.umh.es\/ca\/wp-json\/wp\/v2\/comments?post=2560"}],"version-history":[{"count":0,"href":"https:\/\/historiadelderecho.umh.es\/ca\/wp-json\/wp\/v2\/pages\/2560\/revisions"}],"wp:attachment":[{"href":"https:\/\/historiadelderecho.umh.es\/ca\/wp-json\/wp\/v2\/media?parent=2560"}],"curies":[{"name":"wp","href":"https:\/\/api.w.org\/{rel}","templated":true}]}}