{"id":2584,"date":"2023-09-21T11:19:16","date_gmt":"2023-09-21T09:19:16","guid":{"rendered":"https:\/\/historiadelderecho.umh.es\/?page_id=2584"},"modified":"2023-10-31T10:23:35","modified_gmt":"2023-10-31T09:23:35","slug":"lunes-6-de-noviembre-de-2023-2","status":"publish","type":"page","link":"https:\/\/historiadelderecho.umh.es\/ca\/lunes-6-de-noviembre-de-2023-2\/","title":{"rendered":"<span lang=\"es\">(Espa\u00f1ol) Lunes, 6 de noviembre de 2023<\/span>"},"content":{"rendered":"<p class=\"qtranxs-available-languages-message qtranxs-available-languages-message-ca\">Ho sentim, aquesta entrada es troba disponible \u00fanicament en <a href=\"https:\/\/historiadelderecho.umh.es\/es\/wp-json\/wp\/v2\/pages\/2584\" class=\"qtranxs-available-language-link qtranxs-available-language-link-es\" title=\"Espa\u00f1ol\">Espanyol Europeu<\/a>.<\/p>","protected":false},"excerpt":{"rendered":"<p>Ho sentim, aquesta entrada es troba disponible \u00fanicament en Espanyol Europeu.<\/p>\n","protected":false},"author":25833,"featured_media":0,"parent":0,"menu_order":0,"comment_status":"closed","ping_status":"closed","template":"","meta":{"_et_pb_use_builder":"on","_et_pb_old_content":"<span lang=\"es\">(Espa\u00f1ol) <a href=\"https:\/\/historiadelderecho.umh.es\/files\/2023\/10\/image-1.png\"><img class=\"wp-image-2703 alignright\" src=\"https:\/\/historiadelderecho.umh.es\/files\/2023\/10\/image-1.png\" alt=\"\" width=\"244\" height=\"337\" \/><\/a>\r\n\r\n<b>16:00h.\u00a0<\/b><strong>Recepci\u00f3n y recogida de acreditaciones<\/strong>\r\n<p style=\"text-align: justify\"><b>16:30h.\u00a0<\/b><strong>Inauguraci\u00f3n oficial<\/strong><\/p>\r\n<b>17:00h. <\/b><strong>Conferencia inaugural: \"'\u00bfPor qu\u00e9 obrar si soy una voz que nadie escucha?'. Voces femeninas por la igualdad en el siglo XIX\"<\/strong>\r\nProf\u00aa. Dra. Remedios Mor\u00e1n Mart\u00edn\r\nUniversidad Nacional a Distancia\r\n\r\n<b>18:00h.\u00a0<\/b><strong>Pausa caf\u00e9<\/strong>\r\n\r\n<b>18:15h.<\/b><strong> \"Sistematizaci\u00f3n procesal del dep\u00f3sito de mujer casada\"<\/strong>\r\nProf\u00aa. Dra. M\u00f3nica Soria Moya\r\nUniversidad de Valencia\r\n\r\n<b>19:00h.<\/b> <strong>\"Acciones y reacciones en la defensa de la igualdad entre mujeres y hombres: una revisi\u00f3n a nuestra Memoria del tardofranquismo y la transici\u00f3n (1958-1978)\"<\/strong>\r\nProf\u00aa. Dra. Rosario Ruiz Franco.\r\nUniversidad Carlos III de Madrid\r\n\r\n<strong>19:45h. \"Advogados e oposi\u00e7\u00e3o \u00e0 ditadura portuguesa - defesa das liberdades pol\u00edticas e den\u00fancia do fim do Estado de Direito\".<\/strong>\r\nProf\u00aa Dra. Paula Borges\r\nInstituto Portugu\u00eas de Rela\u00e7\u00f5es Internacionais. Faculdade de Ci\u00eancias Sociais e Humanas \u2013 NOVA FCSH<\/span>","_et_gb_content_width":"","_links_to":"","_links_to_target":""},"_links":{"self":[{"href":"https:\/\/historiadelderecho.umh.es\/ca\/wp-json\/wp\/v2\/pages\/2584"}],"collection":[{"href":"https:\/\/historiadelderecho.umh.es\/ca\/wp-json\/wp\/v2\/pages"}],"about":[{"href":"https:\/\/historiadelderecho.umh.es\/ca\/wp-json\/wp\/v2\/types\/page"}],"author":[{"embeddable":true,"href":"https:\/\/historiadelderecho.umh.es\/ca\/wp-json\/wp\/v2\/users\/25833"}],"replies":[{"embeddable":true,"href":"https:\/\/historiadelderecho.umh.es\/ca\/wp-json\/wp\/v2\/comments?post=2584"}],"version-history":[{"count":0,"href":"https:\/\/historiadelderecho.umh.es\/ca\/wp-json\/wp\/v2\/pages\/2584\/revisions"}],"wp:attachment":[{"href":"https:\/\/historiadelderecho.umh.es\/ca\/wp-json\/wp\/v2\/media?parent=2584"}],"curies":[{"name":"wp","href":"https:\/\/api.w.org\/{rel}","templated":true}]}}