{"id":29,"date":"2013-03-05T19:20:29","date_gmt":"2013-03-05T18:20:29","guid":{"rendered":"http:\/\/historiadelderecho.zeus.umh.es\/investigacion\/prueba\/la-libertad-de-imprenta\/"},"modified":"2021-12-08T20:27:11","modified_gmt":"2021-12-08T19:27:11","slug":"derechos-y-libertades","status":"publish","type":"page","link":"https:\/\/historiadelderecho.umh.es\/ca\/investigacion\/lineas_trabajo\/derechos-y-libertades\/","title":{"rendered":"Derecho y Libertades"},"content":{"rendered":"<p>[et_pb_section fb_built=&#8221;1&#8243; admin_label=&#8221;section&#8221; _builder_version=&#8221;3.22&#8243;][et_pb_row admin_label=&#8221;row&#8221; _builder_version=&#8221;3.25&#8243; background_size=&#8221;initial&#8221; background_position=&#8221;top_left&#8221; background_repeat=&#8221;repeat&#8221; custom_padding=&#8221;43px|||||&#8221;][et_pb_column type=&#8221;4_4&#8243; _builder_version=&#8221;3.25&#8243; custom_padding=&#8221;|||&#8221; custom_padding__hover=&#8221;|||&#8221;][et_pb_text admin_label=&#8221;Text&#8221; _builder_version=&#8221;3.27.4&#8243; background_size=&#8221;initial&#8221; background_position=&#8221;top_left&#8221; background_repeat=&#8221;repeat&#8221;]<\/p>\n<p><span style=\"font-size: 14px;text-align: justify\">Resumen: An\u00e1lisis de la legislaci\u00f3n y vigencia pr\u00e1ctica de los derechos fundamentales en el s.XIX<\/span><\/p>\n<p style=\"text-align: justify\">En la actualidad no cabe duda que la dignidad de la persona y la protecci\u00f3n de sus derechos fundamentales constituyen el fundamento de toda comunidad pol\u00edtica, tal como lo establecen las m\u00e1s destacadas constituciones del continente europeo. La importancia de los derechos fundamentales, no obstante, ya ven\u00eda siendo destacada desde el tr\u00e1nsito a la modernidad, y cobr\u00f3 especial relieve en el comienzo del constitucionalismo contempor\u00e1neo, con textos tan significativos como la declaraci\u00f3n de derechos del hombre y del ciudadano de la Revoluci\u00f3n francesa, y a lo largo del siglo XIX.<\/p>\n<p style=\"text-align: justify\">El objetivo de la presente l\u00ednea de investigaci\u00f3n consiste precisamente en analizar la vigencia real de los derechos fundamentales en la Espa\u00f1a del siglo XIX, tanto en el \u00e1mbito legislativo como en el jurisdiccional.<\/p>\n<p>[\/et_pb_text][\/et_pb_column][\/et_pb_row][\/et_pb_section]<\/p>\n","protected":false},"excerpt":{"rendered":"<p>Resumen: An\u00e1lisis de la legislaci\u00f3n y vigencia pr\u00e1ctica de los derechos fundamentales en el s.XIX En la actualidad no cabe duda que la dignidad de la persona y la protecci\u00f3n de sus derechos fundamentales constituyen el fundamento de toda comunidad pol\u00edtica, tal como lo establecen las m\u00e1s destacadas constituciones del continente europeo. La importancia de [&hellip;]<\/p>\n","protected":false},"author":50,"featured_media":0,"parent":14,"menu_order":0,"comment_status":"closed","ping_status":"closed","template":"","meta":{"_et_pb_use_builder":"on","_et_pb_old_content":"<p>\r\n<\/p>\r\n<p><\/p>","_et_gb_content_width":"","_links_to":"","_links_to_target":""},"_links":{"self":[{"href":"https:\/\/historiadelderecho.umh.es\/ca\/wp-json\/wp\/v2\/pages\/29"}],"collection":[{"href":"https:\/\/historiadelderecho.umh.es\/ca\/wp-json\/wp\/v2\/pages"}],"about":[{"href":"https:\/\/historiadelderecho.umh.es\/ca\/wp-json\/wp\/v2\/types\/page"}],"author":[{"embeddable":true,"href":"https:\/\/historiadelderecho.umh.es\/ca\/wp-json\/wp\/v2\/users\/50"}],"replies":[{"embeddable":true,"href":"https:\/\/historiadelderecho.umh.es\/ca\/wp-json\/wp\/v2\/comments?post=29"}],"version-history":[{"count":0,"href":"https:\/\/historiadelderecho.umh.es\/ca\/wp-json\/wp\/v2\/pages\/29\/revisions"}],"up":[{"embeddable":true,"href":"https:\/\/historiadelderecho.umh.es\/ca\/wp-json\/wp\/v2\/pages\/14"}],"wp:attachment":[{"href":"https:\/\/historiadelderecho.umh.es\/ca\/wp-json\/wp\/v2\/media?parent=29"}],"curies":[{"name":"wp","href":"https:\/\/api.w.org\/{rel}","templated":true}]}}