{"id":456,"date":"2016-03-23T11:55:27","date_gmt":"2016-03-23T10:55:27","guid":{"rendered":"http:\/\/historiadelderecho.umh.es\/?page_id=456"},"modified":"2021-12-11T10:05:05","modified_gmt":"2021-12-11T09:05:05","slug":"propaganda-libertad-de-imprenta-y-circulacion-de-las-ideas","status":"publish","type":"page","link":"https:\/\/historiadelderecho.umh.es\/ca\/actividades\/charlas-conferencias\/propaganda-libertad-de-imprenta-y-circulacion-de-las-ideas\/","title":{"rendered":"Propaganda, libertad de imprenta y circulaci\u00f3n de las ideas: la influencia inglesa en el Mediterr\u00e1neo (1794-1818)"},"content":{"rendered":"<p>[et_pb_section fb_built=&#8221;1&#8243; _builder_version=&#8221;3.22&#8243;][et_pb_row _builder_version=&#8221;3.25&#8243; background_size=&#8221;initial&#8221; background_position=&#8221;top_left&#8221; background_repeat=&#8221;repeat&#8221;][et_pb_column type=&#8221;4_4&#8243; _builder_version=&#8221;3.25&#8243; custom_padding=&#8221;|||&#8221; custom_padding__hover=&#8221;|||&#8221;][et_pb_text _builder_version=&#8221;3.27.4&#8243; background_size=&#8221;initial&#8221; background_position=&#8221;top_left&#8221; background_repeat=&#8221;repeat&#8221;]<\/p>\n<p style=\"text-align: justify\"><a href=\"https:\/\/historiadelderecho.umh.es\/files\/2016\/03\/Elche-vertical-1.jpg\"><img loading=\"lazy\" class=\" wp-image-469 alignleft\" src=\"https:\/\/historiadelderecho.umh.es\/files\/2016\/03\/Elche-vertical-1-194x300.jpg\" alt=\"Elche vertical 1\" width=\"229\" height=\"354\" srcset=\"https:\/\/historiadelderecho.umh.es\/files\/2016\/03\/Elche-vertical-1-194x300.jpg 194w, https:\/\/historiadelderecho.umh.es\/files\/2016\/03\/Elche-vertical-1-663x1024.jpg 663w, https:\/\/historiadelderecho.umh.es\/files\/2016\/03\/Elche-vertical-1.jpg 825w\" sizes=\"(max-width: 229px) 100vw, 229px\" \/><\/a>El \u00c1rea de Historia del Derecho y de las Instituciones, en colaboraci\u00f3n con el Departamento de Ciencia Jur\u00eddica y la Facultad de Ciencias Sociales y Jur\u00eddicas de Elche, ha organizado el Seminario \u201cPropaganda, libertad de la imprenta y circulaci\u00f3n de las ideas: la influencia inglesa en el Mediterr\u00e1neo\u201d, que ser\u00e1 impartido por la Prof\u00aa Dra. Patrizia De Salvo, de la Universit\u00e0 Degli Studi Di Messina.<\/p>\n<p style=\"text-align: justify\">Patrizia De Salvo cuenta con una destacada trayectoria acad\u00e9mico profesional, avalada por sus a\u00f1os de investigaci\u00f3n y ejercicio docente en el campo de la Historia de las Instituciones Pol\u00edticas. Son numerosas sus intervenciones en congresos cient\u00edficos de especial relevancia y sus publicaciones\u00a0 relativas a la materia sobre la que versa el seminario. Entre las citadas aportaciones que cabe destacar su contribuci\u00f3n en el n\u00famero 23 de la Revista \u201cCuadernos de Historia Moderna\u201d, en la que estudia el tema que va ser objeto de su conferencia.<\/p>\n<p style=\"text-align: justify\">En su disertaci\u00f3n nos hablar\u00e1 de c\u00f3mo la progresiva difusi\u00f3n de la cultura, el nacimiento de \u201clugares de la sociabilidad\u201d, y el uso crecientemente difundido de peri\u00f3dicos y gacetas habilit\u00f3, durante el periodo temporal de 1790 a 1818, a un p\u00fablico cada vez m\u00e1s amplio para constituirse en int\u00e9rprete de las instancias del constitucionalismo moderno. Adem\u00e1s, nos mostrar\u00e1 c\u00f3mo fue utilizado este hecho por Gran Breta\u00f1a, para la creaci\u00f3n y el control de informaci\u00f3n propagand\u00edstica en una \u201cguerra psicol\u00f3gica\u201d contra Francia que apareci\u00f3 directamente enlazada con el concepto de opini\u00f3n p\u00fablica como sujeto pol\u00edtico.<\/p>\n<p style=\"text-align: justify\">El acto tendr\u00e1 lugar el d\u00eda 11 de abril de 2016 a las 10:00 h en la Sala Misteri d\u2019Elx, Edificio Torrevaillo.<\/p>\n<p style=\"text-align: justify\">\n<p>[\/et_pb_text][\/et_pb_column][\/et_pb_row][\/et_pb_section]<\/p>\n","protected":false},"excerpt":{"rendered":"<p>El \u00c1rea de Historia del Derecho y de las Instituciones, en colaboraci\u00f3n con el Departamento de Ciencia Jur\u00eddica y la Facultad de Ciencias Sociales y Jur\u00eddicas de Elche, ha organizado el Seminario \u201cPropaganda, libertad de la imprenta y circulaci\u00f3n de las ideas: la influencia inglesa en el Mediterr\u00e1neo\u201d, que ser\u00e1 impartido por la Prof\u00aa Dra. [&hellip;]<\/p>\n","protected":false},"author":3004,"featured_media":0,"parent":25,"menu_order":0,"comment_status":"closed","ping_status":"closed","template":"","meta":{"_et_pb_use_builder":"on","_et_pb_old_content":"<p style=\"text-align: justify;\"><a href=\"https:\/\/historiadelderecho.umh.es\/files\/2016\/03\/Elche-vertical-1.jpg\"><img class=\" wp-image-469 alignleft\" src=\"https:\/\/historiadelderecho.umh.es\/files\/2016\/03\/Elche-vertical-1-194x300.jpg\" alt=\"Elche vertical 1\" width=\"229\" height=\"354\" \/><\/a>El \u00c1rea de Historia del Derecho y de las Instituciones, en colaboraci\u00f3n con el Departamento de Ciencia Jur\u00eddica y la Facultad de Ciencias Sociales y Jur\u00eddicas de Elche, ha organizado el Seminario \u201cPropaganda, libertad de la imprenta y circulaci\u00f3n de las ideas: la influencia inglesa en el Mediterr\u00e1neo\u201d, que ser\u00e1 impartido por la Prof\u00aa Dra. Patrizia De Salvo, de la Universit\u00e0 Degli Studi Di Messina.<\/p><p style=\"text-align: justify;\">Patrizia De Salvo cuenta con una destacada trayectoria acad\u00e9mico profesional, avalada por sus a\u00f1os de investigaci\u00f3n y ejercicio docente en el campo de la Historia de las Instituciones Pol\u00edticas. Son numerosas sus intervenciones en congresos cient\u00edficos de especial relevancia y sus publicaciones\u00a0 relativas a la materia sobre la que versa el seminario. Entre las citadas aportaciones que cabe destacar su contribuci\u00f3n en el n\u00famero 23 de la Revista \u201cCuadernos de Historia Moderna\u201d, en la que estudia el tema que va ser objeto de su conferencia.<\/p><p style=\"text-align: justify;\">En su disertaci\u00f3n nos hablar\u00e1 de c\u00f3mo la progresiva difusi\u00f3n de la cultura, el nacimiento de \u201clugares de la sociabilidad\u201d, y el uso crecientemente difundido de peri\u00f3dicos y gacetas habilit\u00f3, durante el periodo temporal de 1790 a 1818, a un p\u00fablico cada vez m\u00e1s amplio para constituirse en int\u00e9rprete de las instancias del constitucionalismo moderno. Adem\u00e1s, nos mostrar\u00e1 c\u00f3mo fue utilizado este hecho por Gran Breta\u00f1a, para la creaci\u00f3n y el control de informaci\u00f3n propagand\u00edstica en una \u201cguerra psicol\u00f3gica\u201d contra Francia que apareci\u00f3 directamente enlazada con el concepto de opini\u00f3n p\u00fablica como sujeto pol\u00edtico.<\/p><p style=\"text-align: justify;\">El acto tendr\u00e1 lugar el d\u00eda 11 de abril de 2016 a las 10:00 h en la Sala Misteri d\u2019Elx, Edificio Torrevaillo.<\/p><p style=\"text-align: justify;\">\u00a0<\/p>","_et_gb_content_width":"","_links_to":"","_links_to_target":""},"_links":{"self":[{"href":"https:\/\/historiadelderecho.umh.es\/ca\/wp-json\/wp\/v2\/pages\/456"}],"collection":[{"href":"https:\/\/historiadelderecho.umh.es\/ca\/wp-json\/wp\/v2\/pages"}],"about":[{"href":"https:\/\/historiadelderecho.umh.es\/ca\/wp-json\/wp\/v2\/types\/page"}],"author":[{"embeddable":true,"href":"https:\/\/historiadelderecho.umh.es\/ca\/wp-json\/wp\/v2\/users\/3004"}],"replies":[{"embeddable":true,"href":"https:\/\/historiadelderecho.umh.es\/ca\/wp-json\/wp\/v2\/comments?post=456"}],"version-history":[{"count":0,"href":"https:\/\/historiadelderecho.umh.es\/ca\/wp-json\/wp\/v2\/pages\/456\/revisions"}],"up":[{"embeddable":true,"href":"https:\/\/historiadelderecho.umh.es\/ca\/wp-json\/wp\/v2\/pages\/25"}],"wp:attachment":[{"href":"https:\/\/historiadelderecho.umh.es\/ca\/wp-json\/wp\/v2\/media?parent=456"}],"curies":[{"name":"wp","href":"https:\/\/api.w.org\/{rel}","templated":true}]}}