{"id":548,"date":"2017-10-04T20:25:29","date_gmt":"2017-10-04T18:25:29","guid":{"rendered":"https:\/\/historiadelderecho.umh.es\/?page_id=548"},"modified":"2023-03-30T12:29:26","modified_gmt":"2023-03-30T10:29:26","slug":"programa","status":"publish","type":"page","link":"https:\/\/historiadelderecho.umh.es\/ca\/actividades\/congresos\/congreso-internacional-el-poder-judicial-durante-la-republica-la-guerra-civil-y-el-franquismo-represion-y-orden-publico\/programa\/","title":{"rendered":"Programa"},"content":{"rendered":"<p>[et_pb_section fb_built=&#8221;1&#8243; _builder_version=&#8221;4.16&#8243; global_colors_info=&#8221;{}&#8221;][et_pb_row _builder_version=&#8221;4.16&#8243; background_size=&#8221;initial&#8221; background_position=&#8221;top_left&#8221; background_repeat=&#8221;repeat&#8221; global_colors_info=&#8221;{}&#8221;][et_pb_column type=&#8221;4_4&#8243; _builder_version=&#8221;4.16&#8243; custom_padding=&#8221;|||&#8221; global_colors_info=&#8221;{}&#8221; custom_padding__hover=&#8221;|||&#8221;][et_pb_text _builder_version=&#8221;4.17.4&#8243; background_size=&#8221;initial&#8221; background_position=&#8221;top_left&#8221; background_repeat=&#8221;repeat&#8221; hover_enabled=&#8221;0&#8243; global_colors_info=&#8221;{}&#8221; sticky_enabled=&#8221;0&#8243;]<\/p>\n<p style=\"text-align: justify\">La finalidad principal de este Congreso consiste en aumentar nuestros conocimientos sobre el funcionamiento de la Administraci\u00f3n de Justicia durante la Segunda Rep\u00fablica, la Guerra civil y el Franquismo, haciendo especial hincapi\u00e9 en el an\u00e1lisis de los procesos y causas que sufri\u00f3 nuestro pa\u00eds en los momentos m\u00e1s tr\u00e1gicos de nuestra historia. En concreto, se pretende identificar la participaci\u00f3n de los profesionales de la Justicia en las contiendas pol\u00edticas y partidistas de los diferentes periodos se\u00f1alados, estudiar los procesos de depuraci\u00f3n a que fueron sometidos tanto los funcionarios como los ciudadanos a quienes toc\u00f3 la suerte de vivir aquella \u00e9poca.<\/p>\n<p>El encuentro se desarrollar\u00e1 los d\u00edas 8 y 9 de noviembre en la Universidad Miguel Hern\u00e1ndez de Elche, Sala Misteri d&#8217;Elx, Edificio Torrevaillo, Campus de Elche.<\/p>\n<p><img loading=\"lazy\" class=\"size-medium wp-image-551 alignleft\" src=\"https:\/\/historiadelderecho.umh.es\/files\/2017\/10\/Guerra_civil_espa\u00f1ola_montaje-234x300.png\" alt=\"\" width=\"234\" height=\"300\" srcset=\"https:\/\/historiadelderecho.umh.es\/files\/2017\/10\/Guerra_civil_espa\u00f1ola_montaje-234x300.png 234w, https:\/\/historiadelderecho.umh.es\/files\/2017\/10\/Guerra_civil_espa\u00f1ola_montaje-768x983.png 768w, https:\/\/historiadelderecho.umh.es\/files\/2017\/10\/Guerra_civil_espa\u00f1ola_montaje-800x1024.png 800w\" sizes=\"(max-width: 234px) 100vw, 234px\" \/><\/p>\n<p>&nbsp;<\/p>\n<p><span style=\"color: #ffffff\">g<\/span><\/p>\n<p><span style=\"color: #ffffff\">g<\/span><\/p>\n<h4><a href=\"https:\/\/historiadelderecho.umh.es\/actividades\/congresos\/congreso-internacional-el-poder-judicial-durante-la-republica-la-guerra-civil-y-el-franquismo-represion-y-orden-publico\/programa\/8-de-noviembre\/\" target=\"_blank\" rel=\"noopener\"><strong>8 de noviembre de 2017<\/strong><\/a><\/h4>\n<h4><a href=\"https:\/\/historiadelderecho.umh.es\/actividades\/congresos\/congreso-internacional-el-poder-judicial-durante-la-republica-la-guerra-civil-y-el-franquismo-represion-y-orden-publico\/programa\/9-de-noviembre\/\" target=\"_blank\" rel=\"noopener\"><strong>9 de noviembre de 2017<\/strong><\/a><\/h4>\n<table border=\"1\" width=\"1174\" cellspacing=\"0\" cellpadding=\"0\" align=\"center\">\n<tbody>\n<tr>\n<td valign=\"top\" width=\"280\">\n<p><strong>Organiza:<\/strong><\/p>\n<p>Prof. Dr. Jos\u00e9 A. P\u00e9rez Juan<\/p>\n<p>Prof. D\u00f1a. Sara Moreno Tejada<\/p>\n<p>Historia del Derecho y de las Instituciones<\/p>\n<p>Departamento de Ciencia Jur\u00eddica<\/p>\n<p>Universidad Miguel Hern\u00e1ndez de Elche<\/p>\n<\/td>\n<td valign=\"middle\">\n<p><a href=\"https:\/\/historiadelderecho.umh.es\/conselleria-new\/\"><img loading=\"lazy\" class=\"alignleft size-medium wp-image-650\" src=\"https:\/\/historiadelderecho.umh.es\/files\/2017\/10\/Conselleria-New-300x164.png\" alt=\"\" width=\"300\" height=\"164\" srcset=\"https:\/\/historiadelderecho.umh.es\/files\/2017\/10\/Conselleria-New-300x164.png 300w, https:\/\/historiadelderecho.umh.es\/files\/2017\/10\/Conselleria-New-768x419.png 768w, https:\/\/historiadelderecho.umh.es\/files\/2017\/10\/Conselleria-New.png 825w\" sizes=\"(max-width: 300px) 100vw, 300px\" \/><\/a><strong>Patrocina y colabora:<\/strong><\/p>\n<p style=\"text-align: justify\"><em><a href=\"https:\/\/historiadelderecho.umh.es\/actividades\/seminariosjornadas\/ii-seminario-de-formacion-para-el-uso-de-recursos-en-linea-aplicados-a-la-memoria-democratica-valenciana\/catedra-interuniversitaria\/\" rel=\"attachment wp-att-653\"><img loading=\"lazy\" class=\"alignleft size-medium wp-image-653\" src=\"https:\/\/historiadelderecho.umh.es\/files\/2017\/10\/Catedra-interuniversitaria--300x112.png\" alt=\"\" width=\"300\" height=\"112\" srcset=\"https:\/\/historiadelderecho.umh.es\/files\/2017\/10\/Catedra-interuniversitaria--300x112.png 300w, https:\/\/historiadelderecho.umh.es\/files\/2017\/10\/Catedra-interuniversitaria--768x287.png 768w, https:\/\/historiadelderecho.umh.es\/files\/2017\/10\/Catedra-interuniversitaria--1024x382.png 1024w, https:\/\/historiadelderecho.umh.es\/files\/2017\/10\/Catedra-interuniversitaria-.png 1334w\" sizes=\"(max-width: 300px) 100vw, 300px\" \/><\/a><\/em>Resoluci\u00f3n de 23 de marzo de 2017, de la Conselleria de Justicia, Administraci\u00f3n P\u00fablica, Reformas Democr\u00e1ticas y Libertades P\u00fablicas, por la que se convocan, para el a\u00f1o 2017, subvenciones para la realizaci\u00f3n de proyectos e iniciativas en materia de recuperaci\u00f3n de la memoria hist\u00f3rica, en aras a la promoci\u00f3n de la convivencia democr\u00e1tica, y proyectos e iniciativas que promuevan el desarrollo de derechos y libertades fundamentales,\u00a0 desarrolladas por las Universidades de la Comunitat Valenciana.\u00a0 \u00a0\u00a0<span style=\"color: #ffffff\"> p<\/span><\/p>\n<\/td>\n<\/tr>\n<\/tbody>\n<\/table>\n<p class=\"p1\" style=\"text-align: justify\">[\/et_pb_text][\/et_pb_column][\/et_pb_row][\/et_pb_section]<\/p>\n","protected":false},"excerpt":{"rendered":"<p>La finalidad principal de este Congreso consiste en aumentar nuestros conocimientos sobre el funcionamiento de la Administraci\u00f3n de Justicia durante la Segunda Rep\u00fablica, la Guerra civil y el Franquismo, haciendo especial hincapi\u00e9 en el an\u00e1lisis de los procesos y causas que sufri\u00f3 nuestro pa\u00eds en los momentos m\u00e1s tr\u00e1gicos de nuestra historia. En concreto, se [&hellip;]<\/p>\n","protected":false},"author":3004,"featured_media":0,"parent":533,"menu_order":0,"comment_status":"closed","ping_status":"closed","template":"","meta":{"_et_pb_use_builder":"on","_et_pb_old_content":"<p style=\"text-align: justify;\">La finalidad principal de este Congreso consiste en aumentar nuestros conocimientos sobre el funcionamiento de la Administraci\u00f3n de Justicia durante la Segunda Rep\u00fablica, la Guerra civil y el Franquismo, haciendo especial hincapi\u00e9 en el an\u00e1lisis de los procesos y causas que sufri\u00f3 nuestro pa\u00eds en los momentos m\u00e1s tr\u00e1gicos de nuestra historia. En concreto, se pretende identificar la participaci\u00f3n de los profesionales de la Justicia en las contiendas pol\u00edticas y partidistas de los diferentes periodos se\u00f1alados, estudiar los procesos de depuraci\u00f3n a que fueron sometidos tanto los funcionarios como los ciudadanos a quienes toc\u00f3 la suerte de vivir aquella \u00e9poca.<\/p><p>El encuentro se desarrollar\u00e1 los d\u00edas 8 y 9 de noviembre en la Universidad Miguel Hern\u00e1ndez de Elche, Sala Misteri d'Elx, Edificio Torrevaillo, Campus de Elche.<\/p><p><img class=\"size-medium wp-image-551 alignleft\" src=\"https:\/\/historiadelderecho.umh.es\/files\/2017\/10\/Guerra_civil_espa\u00f1ola_montaje-234x300.png\" alt=\"\" width=\"234\" height=\"300\" \/><\/p><p><span style=\"color: #ffffff;\">a<\/span><\/p><h3><strong>PROGRAMA<\/strong><\/h3><p><span style=\"color: #ffffff;\">g<\/span><\/p><p><span style=\"color: #ffffff;\">g<\/span><\/p><h4><a href=\"https:\/\/historiadelderecho.umh.es\/actividades\/congresos\/congreso-internacional-el-poder-judicial-durante-la-republica-la-guerra-civil-y-el-franquismo-represion-y-orden-publico\/miercoles-8-de-noviembre\/\"><strong>8 de noviembre de 2017<\/strong><\/a><\/h4><p><span style=\"color: #ffffff;\">g<\/span><\/p><h4><strong><a href=\"https:\/\/historiadelderecho.umh.es\/actividades\/congresos\/congreso-internacional-el-poder-judicial-durante-la-republica-la-guerra-civil-y-el-franquismo-represion-y-orden-publico\/jueves-9-de-noviembre\/\">9 de noviembre de 2017<\/a><\/strong><\/h4><table border=\"1\" width=\"1174\" cellspacing=\"0\" cellpadding=\"0\" align=\"center\"><tbody><tr><td valign=\"top\" width=\"280\"><p><strong>Organiza:<\/strong><\/p><p>Prof. Dr. Jos\u00e9 A. P\u00e9rez Juan<\/p><p>Prof. D\u00f1a. Sara Moreno Tejada<\/p><p>Historia del Derecho y de las Instituciones<\/p><p>Departamento de Ciencia Jur\u00eddica<\/p><p>Universidad Miguel Hern\u00e1ndez de Elche<\/p><\/td><td valign=\"middle\"><p><a href=\"https:\/\/historiadelderecho.umh.es\/conselleria-new\/\"><img class=\"alignleft size-medium wp-image-650\" src=\"https:\/\/historiadelderecho.umh.es\/files\/2017\/10\/Conselleria-New-300x164.png\" alt=\"\" width=\"300\" height=\"164\" \/><\/a><strong>Patrocina y colabora:<\/strong><\/p><p style=\"text-align: justify;\"><em><a href=\"https:\/\/historiadelderecho.umh.es\/actividades\/seminariosjornadas\/ii-seminario-de-formacion-para-el-uso-de-recursos-en-linea-aplicados-a-la-memoria-democratica-valenciana\/catedra-interuniversitaria\/\" rel=\"attachment wp-att-653\"><img class=\"alignleft size-medium wp-image-653\" src=\"https:\/\/historiadelderecho.umh.es\/files\/2017\/10\/Catedra-interuniversitaria--300x112.png\" alt=\"\" width=\"300\" height=\"112\" \/><\/a><\/em>Resoluci\u00f3n de 23 de marzo de 2017, de la Conselleria de Justicia, Administraci\u00f3n P\u00fablica, Reformas Democr\u00e1ticas y Libertades P\u00fablicas, por la que se convocan, para el a\u00f1o 2017, subvenciones para la realizaci\u00f3n de proyectos e iniciativas en materia de recuperaci\u00f3n de la memoria hist\u00f3rica, en aras a la promoci\u00f3n de la convivencia democr\u00e1tica, y proyectos e iniciativas que promuevan el desarrollo de derechos y libertades fundamentales,\u00a0 desarrolladas por las Universidades de la Comunitat Valenciana.\u00a0 \u00a0\u00a0<span style=\"color: #ffffff;\"> p<\/span><\/p><\/td><\/tr><\/tbody><\/table><p class=\"p1\" style=\"text-align: justify;\">\u00a0<\/p>","_et_gb_content_width":"","_links_to":"","_links_to_target":""},"_links":{"self":[{"href":"https:\/\/historiadelderecho.umh.es\/ca\/wp-json\/wp\/v2\/pages\/548"}],"collection":[{"href":"https:\/\/historiadelderecho.umh.es\/ca\/wp-json\/wp\/v2\/pages"}],"about":[{"href":"https:\/\/historiadelderecho.umh.es\/ca\/wp-json\/wp\/v2\/types\/page"}],"author":[{"embeddable":true,"href":"https:\/\/historiadelderecho.umh.es\/ca\/wp-json\/wp\/v2\/users\/3004"}],"replies":[{"embeddable":true,"href":"https:\/\/historiadelderecho.umh.es\/ca\/wp-json\/wp\/v2\/comments?post=548"}],"version-history":[{"count":0,"href":"https:\/\/historiadelderecho.umh.es\/ca\/wp-json\/wp\/v2\/pages\/548\/revisions"}],"up":[{"embeddable":true,"href":"https:\/\/historiadelderecho.umh.es\/ca\/wp-json\/wp\/v2\/pages\/533"}],"wp:attachment":[{"href":"https:\/\/historiadelderecho.umh.es\/ca\/wp-json\/wp\/v2\/media?parent=548"}],"curies":[{"name":"wp","href":"https:\/\/api.w.org\/{rel}","templated":true}]}}