{"id":656,"date":"2017-10-25T00:12:49","date_gmt":"2017-10-24T22:12:49","guid":{"rendered":"https:\/\/historiadelderecho.umh.es\/?page_id=656"},"modified":"2021-12-11T09:39:59","modified_gmt":"2021-12-11T08:39:59","slug":"seminario-recursos-digitales-y-memoria-recuperada","status":"publish","type":"page","link":"https:\/\/historiadelderecho.umh.es\/ca\/actividades\/seminariosjornadas\/seminario-recursos-digitales-y-memoria-recuperada\/","title":{"rendered":"Seminario Recursos digitales y  Memoria Recuperada"},"content":{"rendered":"<p>[et_pb_section fb_built=&#8221;1&#8243; _builder_version=&#8221;3.22&#8243;][et_pb_row _builder_version=&#8221;3.25&#8243; background_size=&#8221;initial&#8221; background_position=&#8221;top_left&#8221; background_repeat=&#8221;repeat&#8221;][et_pb_column type=&#8221;4_4&#8243; _builder_version=&#8221;3.25&#8243; custom_padding=&#8221;|||&#8221; custom_padding__hover=&#8221;|||&#8221;][et_pb_text _builder_version=&#8221;3.27.4&#8243; background_size=&#8221;initial&#8221; background_position=&#8221;top_left&#8221; background_repeat=&#8221;repeat&#8221;]<\/p>\n<p style=\"text-align: justify\"><a href=\"https:\/\/historiadelderecho.umh.es\/files\/2017\/10\/CARTEL-1.jpg\"><img loading=\"lazy\" class=\"size-medium wp-image-683 alignleft\" src=\"https:\/\/historiadelderecho.umh.es\/files\/2017\/10\/CARTEL-1-232x300.jpg\" alt=\"\" width=\"232\" height=\"300\" srcset=\"https:\/\/historiadelderecho.umh.es\/files\/2017\/10\/CARTEL-1-232x300.jpg 232w, https:\/\/historiadelderecho.umh.es\/files\/2017\/10\/CARTEL-1-768x994.jpg 768w, https:\/\/historiadelderecho.umh.es\/files\/2017\/10\/CARTEL-1-791x1024.jpg 791w, https:\/\/historiadelderecho.umh.es\/files\/2017\/10\/CARTEL-1.jpg 1275w\" sizes=\"(max-width: 232px) 100vw, 232px\" \/><\/a>El proyecto <em>&#8220;La memoria recuperada: V\u00edctimas de la guerra civil y el franquismo en la Comunidad Valenciana&#8221;<\/em>\u00a0tiene como principal objetivo realizar una investigaci\u00f3n exhaustiva sobre los represaliados en el \u00e1mbito de la tres provincias de la Comunidad Valenciana durante la guerra civil y la dictadura franquista por su pertenencia, colaboraci\u00f3n o relaci\u00f3n con partidos pol\u00edticos, sindicatos, organizaciones religiosas o militares, minor\u00edas \u00e9tnicas, sociedades secretas, logias mas\u00f3nicas y grupos de resistencia, as\u00ed como el ejercicio de conductas vinculadas con opciones culturales, ling\u00fc\u00edsticas o de orientaci\u00f3n sexual.<\/p>\n<p style=\"text-align: justify\">En este sentido se ha puesto en marcha el\u00a0<em>&#8220;Seminario de Recursos digitales y Memoria recuperada&#8221;,\u00a0<\/em>dirigido a investigadores y estudiantes de tercer ciclo. A trav\u00e9s del mismo se persigue incrementar la informaci\u00f3n recopilada y su an\u00e1lisis, ampliar la base de datos existente conforme a la nueva documentaci\u00f3n obtenida, e incorporar nuevos contenidos \u00a0a la p\u00e1gina web,\u00a0especialmente documentos sonoros, testimonios orales, im\u00e1genes y cartograf\u00eda.<\/p>\n<p>Tendr\u00e1 lugar los d\u00edas\u00a023, 24, 25, 26,27, 30, 31 de octubre, y 2 de noviembre, de 10:00h a 12:00h, en el Seminario de Investigaci\u00f3n sito en el Edificio Torrevaillo, Campus de Elche.<\/p>\n<p><strong>Profesorado:<\/strong><\/p>\n<p>Gema Rubio Navarro<\/p>\n<p>Rafael McEvoy Bravo<\/p>\n<table style=\"height: 202px\" border=\"1\" width=\"1174\" cellspacing=\"0\" cellpadding=\"0\" align=\"center\">\n<tbody>\n<tr>\n<td style=\"text-align: justify\" valign=\"top\" width=\"280\"><strong>Organiza y coordina:<\/strong><\/p>\n<p>Prof. Dr. Jos\u00e9 A. P\u00e9rez Juan<\/p>\n<p>Prof. Dr. Miguel Ors Montenegro<\/p>\n<p><strong>Secretaria t\u00e9cnica:<\/strong><\/p>\n<p>Sara Moreno Tejada<\/p>\n<p><a href=\"https:\/\/historiadelderecho.umh.es\/files\/2017\/10\/20-ANIV-LOGO_correo.jpg\"><img loading=\"lazy\" class=\"wp-image-665 alignleft\" src=\"https:\/\/historiadelderecho.umh.es\/files\/2017\/10\/20-ANIV-LOGO_correo.jpg\" alt=\"\" width=\"120\" height=\"41\" \/><\/a><\/td>\n<td style=\"text-align: right\" valign=\"middle\">\n<p style=\"text-align: justify\"><strong>Patrocina:\u00a0 \u00a0 \u00a0 \u00a0 \u00a0 \u00a0 \u00a0 \u00a0 \u00a0 \u00a0 \u00a0 \u00a0 \u00a0 \u00a0 \u00a0 \u00a0 \u00a0 \u00a0 \u00a0 \u00a0 \u00a0 \u00a0 \u00a0 \u00a0 \u00a0 \u00a0 \u00a0 \u00a0 \u00a0 \u00a0 \u00a0 \u00a0 \u00a0 \u00a0 \u00a0 \u00a0 \u00a0 \u00a0 \u00a0 \u00a0 \u00a0 \u00a0 \u00a0 \u00a0 \u00a0 \u00a0 \u00a0 \u00a0 \u00a0 \u00a0 \u00a0 \u00a0 \u00a0 \u00a0 \u00a0 \u00a0 \u00a0 \u00a0 \u00a0 \u00a0 \u00a0 \u00a0 \u00a0 \u00a0 \u00a0 \u00a0 \u00a0 \u00a0 \u00a0 \u00a0 \u00a0 \u00a0 \u00a0 \u00a0 \u00a0 \u00a0 Colabora: <\/strong><\/p>\n<p><img loading=\"lazy\" class=\"size-medium wp-image-650 alignleft\" style=\"text-align: justify\" src=\"https:\/\/historiadelderecho.umh.es\/files\/2017\/10\/Conselleria-New-300x164.png\" alt=\"\" width=\"300\" height=\"164\" srcset=\"https:\/\/historiadelderecho.umh.es\/files\/2017\/10\/Conselleria-New-300x164.png 300w, https:\/\/historiadelderecho.umh.es\/files\/2017\/10\/Conselleria-New-768x419.png 768w, https:\/\/historiadelderecho.umh.es\/files\/2017\/10\/Conselleria-New.png 825w\" sizes=\"(max-width: 300px) 100vw, 300px\" \/><br \/>\n<img loading=\"lazy\" class=\"alignnone wp-image-662 alignright\" src=\"https:\/\/historiadelderecho.umh.es\/files\/2017\/10\/1-300x201.jpg\" alt=\"\" width=\"231\" height=\"155\" srcset=\"https:\/\/historiadelderecho.umh.es\/files\/2017\/10\/1-300x201.jpg 300w, https:\/\/historiadelderecho.umh.es\/files\/2017\/10\/1-768x515.jpg 768w, https:\/\/historiadelderecho.umh.es\/files\/2017\/10\/1-1024x687.jpg 1024w\" sizes=\"(max-width: 231px) 100vw, 231px\" \/><\/p>\n<p style=\"text-align: justify\">Resoluci\u00f3n de 23 de marzo de 2017, de la Conselleria de Justicia, Administraci\u00f3n P\u00fablica, Reformas Democr\u00e1ticas y Libertades P\u00fablicas, por la que se convocan, para el a\u00f1o 2017, subvenciones para la realizaci\u00f3n de proyectos e iniciativas en materia de recuperaci\u00f3n de la memoria hist\u00f3rica, en aras a la promoci\u00f3n de la convivencia democr\u00e1tica, y proyectos e iniciativas que promuevan el desarrollo de derechos y libertades fundamentales,\u00a0 desarrolladas por las Universidades de la Comunitat Valenciana.<\/p>\n<p><span style=\"color: #ffffff\"> p\u00a0<\/span><\/td>\n<\/tr>\n<\/tbody>\n<\/table>\n<p>[\/et_pb_text][\/et_pb_column][\/et_pb_row][\/et_pb_section]<\/p>\n","protected":false},"excerpt":{"rendered":"<p>El proyecto &#8220;La memoria recuperada: V\u00edctimas de la guerra civil y el franquismo en la Comunidad Valenciana&#8221;\u00a0tiene como principal objetivo realizar una investigaci\u00f3n exhaustiva sobre los represaliados en el \u00e1mbito de la tres provincias de la Comunidad Valenciana durante la guerra civil y la dictadura franquista por su pertenencia, colaboraci\u00f3n o relaci\u00f3n con partidos pol\u00edticos, [&hellip;]<\/p>\n","protected":false},"author":3004,"featured_media":0,"parent":24,"menu_order":0,"comment_status":"closed","ping_status":"closed","template":"","meta":{"_et_pb_use_builder":"on","_et_pb_old_content":"<p style=\"text-align: justify;\"><a href=\"https:\/\/historiadelderecho.umh.es\/files\/2017\/10\/CARTEL-1.jpg\"><img class=\"size-medium wp-image-683 alignleft\" src=\"https:\/\/historiadelderecho.umh.es\/files\/2017\/10\/CARTEL-1-232x300.jpg\" alt=\"\" width=\"232\" height=\"300\" \/><\/a>El proyecto <em>\"La memoria recuperada: V\u00edctimas de la guerra civil y el franquismo en la Comunidad Valenciana\"<\/em>\u00a0tiene como principal objetivo realizar una investigaci\u00f3n exhaustiva sobre los represaliados en el \u00e1mbito de la tres provincias de la Comunidad Valenciana durante la guerra civil y la dictadura franquista por su pertenencia, colaboraci\u00f3n o relaci\u00f3n con partidos pol\u00edticos, sindicatos, organizaciones religiosas o militares, minor\u00edas \u00e9tnicas, sociedades secretas, logias mas\u00f3nicas y grupos de resistencia, as\u00ed como el ejercicio de conductas vinculadas con opciones culturales, ling\u00fc\u00edsticas o de orientaci\u00f3n sexual.<\/p><p style=\"text-align: justify;\">En este sentido se ha puesto en marcha el\u00a0<em>\"Seminario de Recursos digitales y Memoria recuperada\",\u00a0<\/em>dirigido a investigadores y estudiantes de tercer ciclo. A trav\u00e9s del mismo se persigue incrementar la informaci\u00f3n recopilada y su an\u00e1lisis, ampliar la base de datos existente conforme a la nueva documentaci\u00f3n obtenida, e incorporar nuevos contenidos \u00a0a la p\u00e1gina web,\u00a0especialmente documentos sonoros, testimonios orales, im\u00e1genes y cartograf\u00eda.<\/p><p>Tendr\u00e1 lugar los d\u00edas\u00a023, 24, 25, 26,27, 30, 31 de octubre, y 2 de noviembre, de 10:00h a 12:00h, en el Seminario de Investigaci\u00f3n sito en el Edificio Torrevaillo, Campus de Elche.<\/p><p><strong>Profesorado:<\/strong><\/p><p>Gema Rubio Navarro<\/p><p>Rafael McEvoy Bravo<\/p><table style=\"height: 202px;\" border=\"1\" width=\"1174\" cellspacing=\"0\" cellpadding=\"0\" align=\"center\"><tbody><tr><td style=\"text-align: justify;\" valign=\"top\" width=\"280\"><p><strong>Organiza y coordina:<\/strong><\/p><p>Prof. Dr. Jos\u00e9 A. P\u00e9rez Juan<\/p><p>Prof. Dr. Miguel Ors Montenegro<\/p><p><strong>Secretaria t\u00e9cnica:<\/strong><\/p><p>Sara Moreno Tejada<\/p><p><a href=\"https:\/\/historiadelderecho.umh.es\/files\/2017\/10\/20-ANIV-LOGO_correo.jpg\"><img class=\"wp-image-665 alignleft\" src=\"https:\/\/historiadelderecho.umh.es\/files\/2017\/10\/20-ANIV-LOGO_correo.jpg\" alt=\"\" width=\"120\" height=\"41\" \/><\/a><\/p><\/td><td style=\"text-align: right;\" valign=\"middle\"><p style=\"text-align: justify;\"><strong>Patrocina:\u00a0 \u00a0 \u00a0 \u00a0 \u00a0 \u00a0 \u00a0 \u00a0 \u00a0 \u00a0 \u00a0 \u00a0 \u00a0 \u00a0 \u00a0 \u00a0 \u00a0 \u00a0 \u00a0 \u00a0 \u00a0 \u00a0 \u00a0 \u00a0 \u00a0 \u00a0 \u00a0 \u00a0 \u00a0 \u00a0 \u00a0 \u00a0 \u00a0 \u00a0 \u00a0 \u00a0 \u00a0 \u00a0 \u00a0 \u00a0 \u00a0 \u00a0 \u00a0 \u00a0 \u00a0 \u00a0 \u00a0 \u00a0 \u00a0 \u00a0 \u00a0 \u00a0 \u00a0 \u00a0 \u00a0 \u00a0 \u00a0 \u00a0 \u00a0 \u00a0 \u00a0 \u00a0 \u00a0 \u00a0 \u00a0 \u00a0 \u00a0 \u00a0 \u00a0 \u00a0 \u00a0 \u00a0 \u00a0 \u00a0 \u00a0 \u00a0 Colabora: <\/strong><\/p><p><img class=\"size-medium wp-image-650 alignleft\" style=\"text-align: justify;\" src=\"https:\/\/historiadelderecho.umh.es\/files\/2017\/10\/Conselleria-New-300x164.png\" alt=\"\" width=\"300\" height=\"164\" \/><br \/><img class=\"alignnone wp-image-662 alignright\" src=\"https:\/\/historiadelderecho.umh.es\/files\/2017\/10\/1-300x201.jpg\" alt=\"\" width=\"231\" height=\"155\" \/><\/p><p style=\"text-align: justify;\">Resoluci\u00f3n de 23 de marzo de 2017, de la Conselleria de Justicia, Administraci\u00f3n P\u00fablica, Reformas Democr\u00e1ticas y Libertades P\u00fablicas, por la que se convocan, para el a\u00f1o 2017, subvenciones para la realizaci\u00f3n de proyectos e iniciativas en materia de recuperaci\u00f3n de la memoria hist\u00f3rica, en aras a la promoci\u00f3n de la convivencia democr\u00e1tica, y proyectos e iniciativas que promuevan el desarrollo de derechos y libertades fundamentales,\u00a0 desarrolladas por las Universidades de la Comunitat Valenciana.<\/p><p><span style=\"color: #ffffff;\"> p\u00a0<\/span><\/p><\/td><\/tr><\/tbody><\/table>","_et_gb_content_width":"","_links_to":"","_links_to_target":""},"_links":{"self":[{"href":"https:\/\/historiadelderecho.umh.es\/ca\/wp-json\/wp\/v2\/pages\/656"}],"collection":[{"href":"https:\/\/historiadelderecho.umh.es\/ca\/wp-json\/wp\/v2\/pages"}],"about":[{"href":"https:\/\/historiadelderecho.umh.es\/ca\/wp-json\/wp\/v2\/types\/page"}],"author":[{"embeddable":true,"href":"https:\/\/historiadelderecho.umh.es\/ca\/wp-json\/wp\/v2\/users\/3004"}],"replies":[{"embeddable":true,"href":"https:\/\/historiadelderecho.umh.es\/ca\/wp-json\/wp\/v2\/comments?post=656"}],"version-history":[{"count":0,"href":"https:\/\/historiadelderecho.umh.es\/ca\/wp-json\/wp\/v2\/pages\/656\/revisions"}],"up":[{"embeddable":true,"href":"https:\/\/historiadelderecho.umh.es\/ca\/wp-json\/wp\/v2\/pages\/24"}],"wp:attachment":[{"href":"https:\/\/historiadelderecho.umh.es\/ca\/wp-json\/wp\/v2\/media?parent=656"}],"curies":[{"name":"wp","href":"https:\/\/api.w.org\/{rel}","templated":true}]}}