{"id":713,"date":"2017-11-01T12:30:21","date_gmt":"2017-11-01T11:30:21","guid":{"rendered":"http:\/\/historiadelderecho.umh.es\/?page_id=713"},"modified":"2021-12-11T10:00:40","modified_gmt":"2021-12-11T09:00:40","slug":"la-ii-republica-como-oportunidad-fallida","status":"publish","type":"page","link":"https:\/\/historiadelderecho.umh.es\/ca\/actividades\/charlas-conferencias\/la-ii-republica-como-oportunidad-fallida\/","title":{"rendered":"La II Rep\u00fablica como oportunidad fallida"},"content":{"rendered":"<p>[et_pb_section fb_built=&#8221;1&#8243; _builder_version=&#8221;3.22&#8243;][et_pb_row _builder_version=&#8221;3.25&#8243; background_size=&#8221;initial&#8221; background_position=&#8221;top_left&#8221; background_repeat=&#8221;repeat&#8221;][et_pb_column type=&#8221;4_4&#8243; _builder_version=&#8221;3.25&#8243; custom_padding=&#8221;|||&#8221; custom_padding__hover=&#8221;|||&#8221;][et_pb_text _builder_version=&#8221;3.27.4&#8243; background_size=&#8221;initial&#8221; background_position=&#8221;top_left&#8221; background_repeat=&#8221;repeat&#8221;]<a href=\"https:\/\/historiadelderecho.umh.es\/files\/2017\/11\/Publicacio\u0301n1-1.jpg\"><img loading=\"lazy\" class=\"alignright size-medium wp-image-737\" src=\"https:\/\/historiadelderecho.umh.es\/files\/2017\/11\/Publicacio\u0301n1-1-300x212.jpg\" alt=\"\" width=\"300\" height=\"212\" srcset=\"https:\/\/historiadelderecho.umh.es\/files\/2017\/11\/Publicacio\u0301n1-1-300x212.jpg 300w, https:\/\/historiadelderecho.umh.es\/files\/2017\/11\/Publicacio\u0301n1-1-768x543.jpg 768w, https:\/\/historiadelderecho.umh.es\/files\/2017\/11\/Publicacio\u0301n1-1-1024x724.jpg 1024w, https:\/\/historiadelderecho.umh.es\/files\/2017\/11\/Publicacio\u0301n1-1.jpg 1754w\" sizes=\"(max-width: 300px) 100vw, 300px\" \/><\/a><a href=\"https:\/\/historiadelderecho.umh.es\/files\/2017\/11\/Publicacio\u0301n2.jpg\" rel=\"attachment wp-att-704\"><img loading=\"lazy\" class=\"alignleft wp-image-716 size-medium\" src=\"https:\/\/historiadelderecho.umh.es\/files\/2017\/11\/Publicacio\u0301n2-212x300.jpg\" alt=\"\" width=\"212\" height=\"300\" srcset=\"https:\/\/historiadelderecho.umh.es\/files\/2017\/11\/Publicacio\u0301n2-212x300.jpg 212w, https:\/\/historiadelderecho.umh.es\/files\/2017\/11\/Publicacio\u0301n2-768x1086.jpg 768w, https:\/\/historiadelderecho.umh.es\/files\/2017\/11\/Publicacio\u0301n2-724x1024.jpg 724w, https:\/\/historiadelderecho.umh.es\/files\/2017\/11\/Publicacio\u0301n2.jpg 1240w\" sizes=\"(max-width: 212px) 100vw, 212px\" \/><\/a><\/p>\n<p><span style=\"color: #ffffff\">p<\/span><\/p>\n<p style=\"text-align: justify\"><span style=\"font-size: 8.5pt;font-family: Verdana;color: #000000\">El pr\u00f3ximo 6 de noviembre a las 18:00h Miguel Ors Montenegro, profesor titular de Periodismo de la Universidad Miguel Hern\u00e1ndez de Elche, impartir\u00e1 la conferencia &#8220;La Rep\u00fablica como oportunidad fallida. El acto se celebrar\u00e1 en el aula 0.7 del Edificio Altabix. Ors goza de una gran trayectoria acad\u00e9mica e investigadora que ha quedado reflejada en su numerosa producci\u00f3n cient\u00edfica en torno a la II Rep\u00fablica, la Guerra Civil y el Franquismo en la provincia de Alicante.<\/span><\/p>\n<p style=\"text-align: justify\"><span style=\"font-size: 8.5pt;font-family: Verdana;color: #000000\">La ponencia se enmarca dentro de la inauguraci\u00f3n de la exposici\u00f3n denominada\u00a0<strong><span style=\"font-family: Verdana\"><a href=\"https:\/\/cultura.ua.es\/es\/exposiciones\/recuerdo-de-una-esperanza-la-ii-republica-en-alicante.html\">Recuerdo de una esperanza de la II Rep\u00fablica en Alicante<\/a><\/span><\/strong><\/span><\/p>\n<p style=\"text-align: justify\"><span style=\"font-size: 8.5pt;font-family: Verdana;color: #000000\">Dicha exposici\u00f3n estar\u00e1 abierta al p\u00fablico en el Hall del Edificio Altabix del 6 al 20 de noviembre. Esta acci\u00f3n cuenta con la colaboraci\u00f3n de los vicerrectorados de cultura de la Universidad Miguel Hern\u00e1ndez de Elche y la Universidad de Alicante.<\/span><\/p>\n<table border=\"1\" width=\"1174\" cellspacing=\"0\" cellpadding=\"0\" align=\"center\">\n<tbody>\n<tr>\n<td valign=\"top\" width=\"280\"><strong>Director:<\/strong>Prof. Dr. Jos\u00e9 A. P\u00e9rez Juan<\/p>\n<p><strong>Comisario Exposici\u00f3n:<\/strong><\/p>\n<p>Prof. Dr. Jos\u00e9 Miguel Pay\u00e1 Poveda<\/p>\n<p>Prof. D\u00f1a. Sara Moreno Tejada<\/p>\n<p><a href=\"https:\/\/historiadelderecho.umh.es\/files\/2017\/10\/20-ANIV-LOGO_correo.jpg\"><img loading=\"lazy\" class=\"wp-image-665 alignleft\" src=\"https:\/\/historiadelderecho.umh.es\/files\/2017\/10\/20-ANIV-LOGO_correo.jpg\" alt=\"\" width=\"120\" height=\"41\" \/><\/a><\/td>\n<td valign=\"middle\"><img loading=\"lazy\" class=\"alignleft size-medium wp-image-650\" src=\"https:\/\/historiadelderecho.umh.es\/files\/2017\/10\/Conselleria-New-300x164.png\" alt=\"\" width=\"300\" height=\"164\" srcset=\"https:\/\/historiadelderecho.umh.es\/files\/2017\/10\/Conselleria-New-300x164.png 300w, https:\/\/historiadelderecho.umh.es\/files\/2017\/10\/Conselleria-New-768x419.png 768w, https:\/\/historiadelderecho.umh.es\/files\/2017\/10\/Conselleria-New.png 825w\" sizes=\"(max-width: 300px) 100vw, 300px\" \/><strong>Patrocina y colabora:<\/strong><\/p>\n<p><img loading=\"lazy\" class=\"alignleft size-medium wp-image-653\" src=\"https:\/\/historiadelderecho.umh.es\/files\/2017\/10\/Catedra-interuniversitaria--300x112.png\" alt=\"\" width=\"300\" height=\"112\" srcset=\"https:\/\/historiadelderecho.umh.es\/files\/2017\/10\/Catedra-interuniversitaria--300x112.png 300w, https:\/\/historiadelderecho.umh.es\/files\/2017\/10\/Catedra-interuniversitaria--768x287.png 768w, https:\/\/historiadelderecho.umh.es\/files\/2017\/10\/Catedra-interuniversitaria--1024x382.png 1024w, https:\/\/historiadelderecho.umh.es\/files\/2017\/10\/Catedra-interuniversitaria-.png 1334w\" sizes=\"(max-width: 300px) 100vw, 300px\" \/>Resoluci\u00f3n de 23 de marzo de 2017, de la Conselleria de Justicia, Administraci\u00f3n P\u00fablica, Reformas Democr\u00e1ticas y Libertades P\u00fablicas, por la que se convocan, para el a\u00f1o 2017, subvenciones para la realizaci\u00f3n de proyectos e iniciativas en materia de recuperaci\u00f3n de la memoria hist\u00f3rica, en aras a la promoci\u00f3n de la convivencia democr\u00e1tica, y proyectos e iniciativas que promuevan el desarrollo de derechos y libertades fundamentales,\u00a0 desarrolladas por las Universidades de la Comunitat Valenciana.<\/td>\n<\/tr>\n<\/tbody>\n<\/table>\n<p>[\/et_pb_text][\/et_pb_column][\/et_pb_row][\/et_pb_section]<\/p>\n","protected":false},"excerpt":{"rendered":"<p>p El pr\u00f3ximo 6 de noviembre a las 18:00h Miguel Ors Montenegro, profesor titular de Periodismo de la Universidad Miguel Hern\u00e1ndez de Elche, impartir\u00e1 la conferencia &#8220;La Rep\u00fablica como oportunidad fallida. El acto se celebrar\u00e1 en el aula 0.7 del Edificio Altabix. Ors goza de una gran trayectoria acad\u00e9mica e investigadora que ha quedado reflejada [&hellip;]<\/p>\n","protected":false},"author":50,"featured_media":0,"parent":25,"menu_order":0,"comment_status":"closed","ping_status":"closed","template":"","meta":{"_et_pb_use_builder":"on","_et_pb_old_content":"<p><a href=\"https:\/\/historiadelderecho.umh.es\/files\/2017\/11\/Publicacio\u0301n1-1.jpg\"><img class=\"alignright size-medium wp-image-737\" src=\"https:\/\/historiadelderecho.umh.es\/files\/2017\/11\/Publicacio\u0301n1-1-300x212.jpg\" alt=\"\" width=\"300\" height=\"212\" \/><\/a><a href=\"https:\/\/historiadelderecho.umh.es\/files\/2017\/11\/Publicacio\u0301n2.jpg\" rel=\"attachment wp-att-704\"><img class=\"alignleft wp-image-716 size-medium\" src=\"https:\/\/historiadelderecho.umh.es\/files\/2017\/11\/Publicacio\u0301n2-212x300.jpg\" alt=\"\" width=\"212\" height=\"300\" \/><\/a><\/p><p><span style=\"color: #ffffff;\">p<\/span><\/p><p style=\"text-align: justify;\"><span style=\"font-size: 8.5pt; font-family: Verdana; color: #000000;\">El pr\u00f3ximo 6 de noviembre a las 18:00h Miguel Ors Montenegro, profesor titular de Periodismo de la Universidad Miguel Hern\u00e1ndez de Elche, impartir\u00e1 la conferencia \"La Rep\u00fablica como oportunidad fallida. El acto se celebrar\u00e1 en el aula 0.7 del Edificio Altabix. Ors goza de una gran trayectoria acad\u00e9mica e investigadora que ha quedado reflejada en su numerosa producci\u00f3n cient\u00edfica en torno a la II Rep\u00fablica, la Guerra Civil y el Franquismo en la provincia de Alicante.<\/span><\/p><p style=\"text-align: justify;\"><span style=\"font-size: 8.5pt; font-family: Verdana; color: #000000;\">La ponencia se enmarca dentro de la inauguraci\u00f3n de la exposici\u00f3n denominada\u00a0<strong><span style=\"font-family: Verdana;\"><a href=\"https:\/\/cultura.ua.es\/es\/exposiciones\/recuerdo-de-una-esperanza-la-ii-republica-en-alicante.html\">Recuerdo de una esperanza de la II Rep\u00fablica en Alicante<\/a><\/span><\/strong><\/span><\/p><p style=\"text-align: justify;\"><span style=\"font-size: 8.5pt; font-family: Verdana; color: #000000;\">Dicha exposici\u00f3n estar\u00e1 abierta al p\u00fablico en el Hall del Edificio Altabix del 6 al 20 de noviembre. Esta acci\u00f3n cuenta con la colaboraci\u00f3n de los vicerrectorados de cultura de la Universidad Miguel Hern\u00e1ndez de Elche y la Universidad de Alicante.<\/span><\/p><table border=\"1\" width=\"1174\" cellspacing=\"0\" cellpadding=\"0\" align=\"center\"><tbody><tr><td valign=\"top\" width=\"280\"><p><strong>Director:<\/strong>Prof. Dr. Jos\u00e9 A. P\u00e9rez Juan<\/p><p><strong>Comisario Exposici\u00f3n:<\/strong><\/p><p>Prof. Dr. Jos\u00e9 Miguel Pay\u00e1 Poveda<\/p><p>Prof. D\u00f1a. Sara Moreno Tejada<\/p><p><a href=\"https:\/\/historiadelderecho.umh.es\/files\/2017\/10\/20-ANIV-LOGO_correo.jpg\"><img class=\"wp-image-665 alignleft\" src=\"https:\/\/historiadelderecho.umh.es\/files\/2017\/10\/20-ANIV-LOGO_correo.jpg\" alt=\"\" width=\"120\" height=\"41\" \/><\/a><\/p><\/td><td valign=\"middle\"><p><img class=\"alignleft size-medium wp-image-650\" src=\"https:\/\/historiadelderecho.umh.es\/files\/2017\/10\/Conselleria-New-300x164.png\" alt=\"\" width=\"300\" height=\"164\" \/><strong>Patrocina y colabora:<\/strong><\/p><p><img class=\"alignleft size-medium wp-image-653\" src=\"https:\/\/historiadelderecho.umh.es\/files\/2017\/10\/Catedra-interuniversitaria--300x112.png\" alt=\"\" width=\"300\" height=\"112\" \/>Resoluci\u00f3n de 23 de marzo de 2017, de la Conselleria de Justicia, Administraci\u00f3n P\u00fablica, Reformas Democr\u00e1ticas y Libertades P\u00fablicas, por la que se convocan, para el a\u00f1o 2017, subvenciones para la realizaci\u00f3n de proyectos e iniciativas en materia de recuperaci\u00f3n de la memoria hist\u00f3rica, en aras a la promoci\u00f3n de la convivencia democr\u00e1tica, y proyectos e iniciativas que promuevan el desarrollo de derechos y libertades fundamentales,\u00a0 desarrolladas por las Universidades de la Comunitat Valenciana.<\/p><\/td><\/tr><\/tbody><\/table>","_et_gb_content_width":"","_links_to":"","_links_to_target":""},"_links":{"self":[{"href":"https:\/\/historiadelderecho.umh.es\/ca\/wp-json\/wp\/v2\/pages\/713"}],"collection":[{"href":"https:\/\/historiadelderecho.umh.es\/ca\/wp-json\/wp\/v2\/pages"}],"about":[{"href":"https:\/\/historiadelderecho.umh.es\/ca\/wp-json\/wp\/v2\/types\/page"}],"author":[{"embeddable":true,"href":"https:\/\/historiadelderecho.umh.es\/ca\/wp-json\/wp\/v2\/users\/50"}],"replies":[{"embeddable":true,"href":"https:\/\/historiadelderecho.umh.es\/ca\/wp-json\/wp\/v2\/comments?post=713"}],"version-history":[{"count":0,"href":"https:\/\/historiadelderecho.umh.es\/ca\/wp-json\/wp\/v2\/pages\/713\/revisions"}],"up":[{"embeddable":true,"href":"https:\/\/historiadelderecho.umh.es\/ca\/wp-json\/wp\/v2\/pages\/25"}],"wp:attachment":[{"href":"https:\/\/historiadelderecho.umh.es\/ca\/wp-json\/wp\/v2\/media?parent=713"}],"curies":[{"name":"wp","href":"https:\/\/api.w.org\/{rel}","templated":true}]}}