{"id":788,"date":"2018-05-14T11:33:45","date_gmt":"2018-05-14T09:33:45","guid":{"rendered":"https:\/\/historiadelderecho.umh.es\/?page_id=788"},"modified":"2021-12-11T09:59:01","modified_gmt":"2021-12-11T08:59:01","slug":"el-derecho-penal-politico-en-el-tercer-reich","status":"publish","type":"page","link":"https:\/\/historiadelderecho.umh.es\/ca\/actividades\/charlas-conferencias\/el-derecho-penal-politico-en-el-tercer-reich\/","title":{"rendered":"El Derecho penal pol\u00edtico en el Tercer Reich"},"content":{"rendered":"<p>[et_pb_section fb_built=&#8221;1&#8243; _builder_version=&#8221;3.22&#8243;][et_pb_row _builder_version=&#8221;3.25&#8243; background_size=&#8221;initial&#8221; background_position=&#8221;top_left&#8221; background_repeat=&#8221;repeat&#8221;][et_pb_column type=&#8221;4_4&#8243; _builder_version=&#8221;3.25&#8243; custom_padding=&#8221;|||&#8221; custom_padding__hover=&#8221;|||&#8221;][et_pb_text _builder_version=&#8221;3.27.4&#8243; background_size=&#8221;initial&#8221; background_position=&#8221;top_left&#8221; background_repeat=&#8221;repeat&#8221;]<\/p>\n<p style=\"text-align: justify\"><a href=\"https:\/\/historiadelderecho.umh.es\/files\/2018\/05\/Cartel-conferencia-profesor-Czeguhn.jpg\"><img loading=\"lazy\" class=\"alignleft size-medium wp-image-791\" src=\"https:\/\/historiadelderecho.umh.es\/files\/2018\/05\/Cartel-conferencia-profesor-Czeguhn-212x300.jpg\" alt=\"\" width=\"212\" height=\"300\" srcset=\"https:\/\/historiadelderecho.umh.es\/files\/2018\/05\/Cartel-conferencia-profesor-Czeguhn-212x300.jpg 212w, https:\/\/historiadelderecho.umh.es\/files\/2018\/05\/Cartel-conferencia-profesor-Czeguhn-768x1086.jpg 768w, https:\/\/historiadelderecho.umh.es\/files\/2018\/05\/Cartel-conferencia-profesor-Czeguhn-724x1024.jpg 724w, https:\/\/historiadelderecho.umh.es\/files\/2018\/05\/Cartel-conferencia-profesor-Czeguhn.jpg 1240w\" sizes=\"(max-width: 212px) 100vw, 212px\" \/><\/a><\/p>\n<p style=\"text-align: justify\">El profesor Czeghun, catedr\u00e1tico de la Free Universit\u00e4t de Berlin, en el marco del curso de doctorado en Ciencias Sociales y Jur\u00eddicas de la UMH imparte la conferencia El Derecho Penal Pol\u00edtico en el Tercer Reich.<\/p>\n<p style=\"text-align: justify\">El acto se celebrar\u00e1 en el Seminario Prof. Ricardo G\u00f3mez Rivero, Edif. Torrevaillo, 2\u00aa planta el 10 de mayo de 2018 a las 18:30h.<\/p>\n<p>[\/et_pb_text][\/et_pb_column][\/et_pb_row][\/et_pb_section]<\/p>\n","protected":false},"excerpt":{"rendered":"<p>El profesor Czeghun, catedr\u00e1tico de la Free Universit\u00e4t de Berlin, en el marco del curso de doctorado en Ciencias Sociales y Jur\u00eddicas de la UMH imparte la conferencia El Derecho Penal Pol\u00edtico en el Tercer Reich. El acto se celebrar\u00e1 en el Seminario Prof. Ricardo G\u00f3mez Rivero, Edif. Torrevaillo, 2\u00aa planta el 10 de mayo [&hellip;]<\/p>\n","protected":false},"author":50,"featured_media":0,"parent":25,"menu_order":0,"comment_status":"closed","ping_status":"closed","template":"","meta":{"_et_pb_use_builder":"on","_et_pb_old_content":"<p style=\"text-align: justify;\"><a href=\"https:\/\/historiadelderecho.umh.es\/files\/2018\/05\/Cartel-conferencia-profesor-Czeguhn.jpg\"><img class=\"alignleft size-medium wp-image-791\" src=\"https:\/\/historiadelderecho.umh.es\/files\/2018\/05\/Cartel-conferencia-profesor-Czeguhn-212x300.jpg\" alt=\"\" width=\"212\" height=\"300\" \/><\/a><\/p><p style=\"text-align: justify;\">El profesor Czeghun, catedr\u00e1tico de la Free Universit\u00e4t de Berlin, en el marco del curso de doctorado en Ciencias Sociales y Jur\u00eddicas de la UMH imparte la conferencia El Derecho Penal Pol\u00edtico en el Tercer Reich.<\/p><p style=\"text-align: justify;\">El acto se celebrar\u00e1 en el Seminario Prof. Ricardo G\u00f3mez Rivero, Edif. Torrevaillo, 2\u00aa planta el 10 de mayo de 2018 a las 18:30h.<\/p>","_et_gb_content_width":"","_links_to":"","_links_to_target":""},"_links":{"self":[{"href":"https:\/\/historiadelderecho.umh.es\/ca\/wp-json\/wp\/v2\/pages\/788"}],"collection":[{"href":"https:\/\/historiadelderecho.umh.es\/ca\/wp-json\/wp\/v2\/pages"}],"about":[{"href":"https:\/\/historiadelderecho.umh.es\/ca\/wp-json\/wp\/v2\/types\/page"}],"author":[{"embeddable":true,"href":"https:\/\/historiadelderecho.umh.es\/ca\/wp-json\/wp\/v2\/users\/50"}],"replies":[{"embeddable":true,"href":"https:\/\/historiadelderecho.umh.es\/ca\/wp-json\/wp\/v2\/comments?post=788"}],"version-history":[{"count":0,"href":"https:\/\/historiadelderecho.umh.es\/ca\/wp-json\/wp\/v2\/pages\/788\/revisions"}],"up":[{"embeddable":true,"href":"https:\/\/historiadelderecho.umh.es\/ca\/wp-json\/wp\/v2\/pages\/25"}],"wp:attachment":[{"href":"https:\/\/historiadelderecho.umh.es\/ca\/wp-json\/wp\/v2\/media?parent=788"}],"curies":[{"name":"wp","href":"https:\/\/api.w.org\/{rel}","templated":true}]}}