{"id":842,"date":"2018-10-04T11:25:46","date_gmt":"2018-10-04T09:25:46","guid":{"rendered":"https:\/\/historiadelderecho.umh.es\/?page_id=842"},"modified":"2021-12-11T09:36:51","modified_gmt":"2021-12-11T08:36:51","slug":"seminario-la-transicion-democratica-de-la-dictadura-a-la-democracia-en-el-pais-valencia","status":"publish","type":"page","link":"https:\/\/historiadelderecho.umh.es\/ca\/actividades\/seminariosjornadas\/seminario-la-transicion-democratica-de-la-dictadura-a-la-democracia-en-el-pais-valencia\/","title":{"rendered":"Seminario La transici\u00f3n democr\u00e1tica. De la dictadura a la democracia en el Pa\u00eds Valenci\u00e0"},"content":{"rendered":"<p>[et_pb_section fb_built=&#8221;1&#8243; _builder_version=&#8221;3.22&#8243;][et_pb_row _builder_version=&#8221;3.25&#8243; background_size=&#8221;initial&#8221; background_position=&#8221;top_left&#8221; background_repeat=&#8221;repeat&#8221;][et_pb_column type=&#8221;4_4&#8243; _builder_version=&#8221;3.25&#8243; custom_padding=&#8221;|||&#8221; custom_padding__hover=&#8221;|||&#8221;][et_pb_text _builder_version=&#8221;3.27.4&#8243; background_size=&#8221;initial&#8221; background_position=&#8221;top_left&#8221; background_repeat=&#8221;repeat&#8221;]<\/p>\n<p style=\"text-align: justify\"><a href=\"https:\/\/historiadelderecho.umh.es\/files\/2018\/10\/transicic3b3n.jpg\"><img loading=\"lazy\" class=\"alignleft size-medium wp-image-866\" src=\"https:\/\/historiadelderecho.umh.es\/files\/2018\/10\/transicic3b3n-300x180.jpg\" alt=\"\" width=\"300\" height=\"180\" srcset=\"https:\/\/historiadelderecho.umh.es\/files\/2018\/10\/transicic3b3n-300x180.jpg 300w, https:\/\/historiadelderecho.umh.es\/files\/2018\/10\/transicic3b3n-768x460.jpg 768w, https:\/\/historiadelderecho.umh.es\/files\/2018\/10\/transicic3b3n.jpg 770w\" sizes=\"(max-width: 300px) 100vw, 300px\" \/><\/a>La Transici\u00f3n pol\u00edtica espa\u00f1ola ha sido uno de los temas principales de investigaci\u00f3n por las distintas disciplinas de las Ciencias sociales y la Ciencia Jur\u00eddica, y de hecho es tomada como paradigma para otros referentes internacionales como las transiciones a la democracia en Am\u00e9rica latina y en la Europa del Este. Pese a ello, es posible afirmar que existe un un gran desconocimiento acerca de este proceso, as\u00ed como de los testimonios de sus protagonistas y los acontecimientos que rodearon el nacimiento de la Comunitat Valenciana.<\/p>\n<p style=\"text-align: justify\">Las primeras elecciones democr\u00e1ticas celebradas el 15 de junio de 1997, donde los valencianos eligieron 41 cargos a Cortes Generales, la creaci\u00f3n del Plenario de Parlamentaris del Pa\u00eds Valenci\u00e0, la institucionalizaci\u00f3n del r\u00e9gimen preauton\u00f3mico con sus dos presidentes al frente \u2013Albi\u00f1ana y Monson\u00eds-, el desarrollo del EACV, las controversias ling\u00fc\u00edsticas, culturales, pol\u00edticas, territoriales, etc., constituyen grandes cuestiones que deben ser debidamente abordadas para que sus destinatarios, -nuestro alumnado-, adquieran un conocimiento objetivo de tales acontecimientos. Porque esta etapa transicional no fue f\u00e1cil para los valencianos y en muy pocos a\u00f1os, apenas un lustro, se condensaron una pluralidad de acontecimientos hist\u00f3ricos que en la actualidad nos siguen afectando.<\/p>\n<p style=\"text-align: justify\">Teniendo esto en cuenta, el Seminario &#8220;La transici\u00f3n democr\u00e1tica. De la dictadura a la democracia en el Pa\u00eds Valenci\u00e0&#8221; pretende dar voz a la historia de los valencianos y valencianas, lo que\u00a0 repercutir\u00e1 positivamente en una mejora de nuestro sistema democr\u00e1tico e incentivar\u00e1 actitudes investigadoras en nuestro estudiantado.<\/p>\n<h3><span style=\"color: #ffffff\">a<\/span><\/h3>\n<h3 style=\"text-align: center\"><a href=\"https:\/\/historiadelderecho.umh.es\/845-2\/\">PROGRAMA\u00a0<\/a>\u00a0 \u00a0 \u00a0 \u00a0 \u00a0 \u00a0 \u00a0 \u00a0 \u00a0 \u00a0 \u00a0 \u00a0 \u00a0 \u00a0 \u00a0 \u00a0 \u00a0 \u00a0 \u00a0 \u00a0 \u00a0 \u00a0 \u00a0 \u00a0 \u00a0 \u00a0 \u00a0 \u00a0 \u00a0 \u00a0 \u00a0 \u00a0 \u00a0 \u00a0 \u00a0 \u00a0 \u00a0 \u00a0 \u00a0 \u00a0 \u00a0 \u00a0 \u00a0 \u00a0 \u00a0 \u00a0 \u00a0 \u00a0 \u00a0 \u00a0 \u00a0 \u00a0 \u00a0 \u00a0 \u00a0 \u00a0 \u00a0 \u00a0 \u00a0 \u00a0 \u00a0 \u00a0 \u00a0 \u00a0 \u00a0 \u00a0 \u00a0 \u00a0 \u00a0 \u00a0 <a href=\"https:\/\/docs.google.com\/forms\/d\/e\/1FAIpQLSfpzz7ld_HAzN89rSbsW8OqFA3R3vPhocxLywvebsVcFDT7yw\/viewform\">INSCRIPCI\u00d3N<\/a><\/h3>\n<p><span style=\"color: #ffffff\">a<\/span><\/p>\n<table style=\"height: 202px\" border=\"1\" width=\"1174\" cellspacing=\"0\" cellpadding=\"0\" align=\"center\">\n<tbody>\n<tr>\n<td style=\"text-align: justify\" valign=\"top\" width=\"280\"><strong>Dirige:<\/strong><\/p>\n<p>Prof. Dr. Jos\u00e9 A. P\u00e9rez Juan<\/p>\n<p><strong>Coordina:\u00a0<\/strong><\/p>\n<p>Prof\u00aa. Dr\u00aa. Sara Moreno Tejada<\/p>\n<p><strong>Secretario t\u00e9cnico:<\/strong><\/p>\n<p>Prof. D. Francisco J. Sanjuan Andr\u00e9s<\/td>\n<td valign=\"middle\">\n<p style=\"text-align: justify\"><a href=\"https:\/\/historiadelderecho.umh.es\/conselleria-new\/\"><img loading=\"lazy\" class=\"alignleft size-medium wp-image-650\" src=\"https:\/\/historiadelderecho.umh.es\/files\/2017\/10\/Conselleria-New-300x164.png\" alt=\"\" width=\"300\" height=\"164\" srcset=\"https:\/\/historiadelderecho.umh.es\/files\/2017\/10\/Conselleria-New-300x164.png 300w, https:\/\/historiadelderecho.umh.es\/files\/2017\/10\/Conselleria-New-768x419.png 768w, https:\/\/historiadelderecho.umh.es\/files\/2017\/10\/Conselleria-New.png 825w\" sizes=\"(max-width: 300px) 100vw, 300px\" \/><\/a><img loading=\"lazy\" class=\"alignleft size-medium wp-image-653\" src=\"https:\/\/historiadelderecho.umh.es\/files\/2017\/10\/Catedra-interuniversitaria--300x112.png\" alt=\"\" width=\"300\" height=\"112\" srcset=\"https:\/\/historiadelderecho.umh.es\/files\/2017\/10\/Catedra-interuniversitaria--300x112.png 300w, https:\/\/historiadelderecho.umh.es\/files\/2017\/10\/Catedra-interuniversitaria--768x287.png 768w, https:\/\/historiadelderecho.umh.es\/files\/2017\/10\/Catedra-interuniversitaria--1024x382.png 1024w, https:\/\/historiadelderecho.umh.es\/files\/2017\/10\/Catedra-interuniversitaria-.png 1334w\" sizes=\"(max-width: 300px) 100vw, 300px\" \/><\/p>\n<p style=\"text-align: justify\">Resoluci\u00f3n de 26 de febrero de 2018, de la Conselleria de Justicia, Administraci\u00f3n P\u00fablica, Reformas Democr\u00e1ticas y Libertades P\u00fablicas, por la que se convocan, para el a\u00f1o 2018, subvenciones para la realizaci\u00f3n de proyectos e iniciativas en materia de recuperaci\u00f3n de la memoria hist\u00f3rica, en aras a la promoci\u00f3n de la convivencia democr\u00e1tica, y proyectos e iniciativas que promuevan el desarrollo de derechos y libertades fundamentales,\u00a0 desarrolladas por las Universidades de la Comunitat Valenciana.<\/p>\n<p><strong>Colabora:<\/strong><\/p>\n<p>Facultad de Ciencias Sociales y Jur\u00eddicas de Orihuela<\/p>\n<p>Departamento de Ciencia Jur\u00eddica<\/td>\n<\/tr>\n<\/tbody>\n<\/table>\n<p>[\/et_pb_text][\/et_pb_column][\/et_pb_row][\/et_pb_section]<\/p>\n","protected":false},"excerpt":{"rendered":"<p>La Transici\u00f3n pol\u00edtica espa\u00f1ola ha sido uno de los temas principales de investigaci\u00f3n por las distintas disciplinas de las Ciencias sociales y la Ciencia Jur\u00eddica, y de hecho es tomada como paradigma para otros referentes internacionales como las transiciones a la democracia en Am\u00e9rica latina y en la Europa del Este. Pese a ello, es [&hellip;]<\/p>\n","protected":false},"author":3004,"featured_media":0,"parent":24,"menu_order":0,"comment_status":"closed","ping_status":"closed","template":"","meta":{"_et_pb_use_builder":"on","_et_pb_old_content":"<p style=\"text-align: justify;\"><a href=\"https:\/\/historiadelderecho.umh.es\/files\/2018\/10\/transicic3b3n.jpg\"><img class=\"alignleft size-medium wp-image-866\" src=\"https:\/\/historiadelderecho.umh.es\/files\/2018\/10\/transicic3b3n-300x180.jpg\" alt=\"\" width=\"300\" height=\"180\" \/><\/a>La Transici\u00f3n pol\u00edtica espa\u00f1ola ha sido uno de los temas principales de investigaci\u00f3n por las distintas disciplinas de las Ciencias sociales y la Ciencia Jur\u00eddica, y de hecho es tomada como paradigma para otros referentes internacionales como las transiciones a la democracia en Am\u00e9rica latina y en la Europa del Este. Pese a ello, es posible afirmar que existe un un gran desconocimiento acerca de este proceso, as\u00ed como de los testimonios de sus protagonistas y los acontecimientos que rodearon el nacimiento de la Comunitat Valenciana.<\/p><p style=\"text-align: justify;\">Las primeras elecciones democr\u00e1ticas celebradas el 15 de junio de 1997, donde los valencianos eligieron 41 cargos a Cortes Generales, la creaci\u00f3n del Plenario de Parlamentaris del Pa\u00eds Valenci\u00e0, la institucionalizaci\u00f3n del r\u00e9gimen preauton\u00f3mico con sus dos presidentes al frente \u2013Albi\u00f1ana y Monson\u00eds-, el desarrollo del EACV, las controversias ling\u00fc\u00edsticas, culturales, pol\u00edticas, territoriales, etc., constituyen grandes cuestiones que deben ser debidamente abordadas para que sus destinatarios, -nuestro alumnado-, adquieran un conocimiento objetivo de tales acontecimientos. Porque esta etapa transicional no fue f\u00e1cil para los valencianos y en muy pocos a\u00f1os, apenas un lustro, se condensaron una pluralidad de acontecimientos hist\u00f3ricos que en la actualidad nos siguen afectando.<\/p><p style=\"text-align: justify;\">Teniendo esto en cuenta, el Seminario \"La transici\u00f3n democr\u00e1tica. De la dictadura a la democracia en el Pa\u00eds Valenci\u00e0\" pretende dar voz a la historia de los valencianos y valencianas, lo que\u00a0 repercutir\u00e1 positivamente en una mejora de nuestro sistema democr\u00e1tico e incentivar\u00e1 actitudes investigadoras en nuestro estudiantado.<\/p><h3><span style=\"color: #ffffff;\">a<\/span><\/h3><h3 style=\"text-align: center;\"><a href=\"https:\/\/historiadelderecho.umh.es\/845-2\/\">PROGRAMA\u00a0<\/a>\u00a0 \u00a0 \u00a0 \u00a0 \u00a0 \u00a0 \u00a0 \u00a0 \u00a0 \u00a0 \u00a0 \u00a0 \u00a0 \u00a0 \u00a0 \u00a0 \u00a0 \u00a0 \u00a0 \u00a0 \u00a0 \u00a0 \u00a0 \u00a0 \u00a0 \u00a0 \u00a0 \u00a0 \u00a0 \u00a0 \u00a0 \u00a0 \u00a0 \u00a0 \u00a0 \u00a0 \u00a0 \u00a0 \u00a0 \u00a0 \u00a0 \u00a0 \u00a0 \u00a0 \u00a0 \u00a0 \u00a0 \u00a0 \u00a0 \u00a0 \u00a0 \u00a0 \u00a0 \u00a0 \u00a0 \u00a0 \u00a0 \u00a0 \u00a0 \u00a0 \u00a0 \u00a0 \u00a0 \u00a0 \u00a0 \u00a0 \u00a0 \u00a0 \u00a0 \u00a0 <a href=\"https:\/\/docs.google.com\/forms\/d\/e\/1FAIpQLSfpzz7ld_HAzN89rSbsW8OqFA3R3vPhocxLywvebsVcFDT7yw\/viewform\">INSCRIPCI\u00d3N<\/a><\/h3><p><span style=\"color: #ffffff;\">a<\/span><\/p><table style=\"height: 202px;\" border=\"1\" width=\"1174\" cellspacing=\"0\" cellpadding=\"0\" align=\"center\"><tbody><tr><td style=\"text-align: justify;\" valign=\"top\" width=\"280\"><p><strong>Dirige:<\/strong><\/p><p>Prof. Dr. Jos\u00e9 A. P\u00e9rez Juan<\/p><p><strong>Coordina:\u00a0<\/strong><\/p><p>Prof\u00aa. Dr\u00aa. Sara Moreno Tejada<\/p><p><strong>Secretario t\u00e9cnico:<\/strong><\/p><p>Prof. D. Francisco J. Sanjuan Andr\u00e9s<\/p><\/td><td valign=\"middle\"><p style=\"text-align: justify;\"><a href=\"https:\/\/historiadelderecho.umh.es\/conselleria-new\/\"><img class=\"alignleft size-medium wp-image-650\" src=\"https:\/\/historiadelderecho.umh.es\/files\/2017\/10\/Conselleria-New-300x164.png\" alt=\"\" width=\"300\" height=\"164\" \/><\/a><img class=\"alignleft size-medium wp-image-653\" src=\"https:\/\/historiadelderecho.umh.es\/files\/2017\/10\/Catedra-interuniversitaria--300x112.png\" alt=\"\" width=\"300\" height=\"112\" \/><\/p><p style=\"text-align: justify;\">Resoluci\u00f3n de 26 de febrero de 2018, de la Conselleria de Justicia, Administraci\u00f3n P\u00fablica, Reformas Democr\u00e1ticas y Libertades P\u00fablicas, por la que se convocan, para el a\u00f1o 2018, subvenciones para la realizaci\u00f3n de proyectos e iniciativas en materia de recuperaci\u00f3n de la memoria hist\u00f3rica, en aras a la promoci\u00f3n de la convivencia democr\u00e1tica, y proyectos e iniciativas que promuevan el desarrollo de derechos y libertades fundamentales,\u00a0 desarrolladas por las Universidades de la Comunitat Valenciana.<\/p><p><strong>Colabora:<\/strong><\/p><p>Facultad de Ciencias Sociales y Jur\u00eddicas de Orihuela<\/p><p>Departamento de Ciencia Jur\u00eddica<\/p><\/td><\/tr><\/tbody><\/table>","_et_gb_content_width":"","_links_to":"","_links_to_target":""},"_links":{"self":[{"href":"https:\/\/historiadelderecho.umh.es\/ca\/wp-json\/wp\/v2\/pages\/842"}],"collection":[{"href":"https:\/\/historiadelderecho.umh.es\/ca\/wp-json\/wp\/v2\/pages"}],"about":[{"href":"https:\/\/historiadelderecho.umh.es\/ca\/wp-json\/wp\/v2\/types\/page"}],"author":[{"embeddable":true,"href":"https:\/\/historiadelderecho.umh.es\/ca\/wp-json\/wp\/v2\/users\/3004"}],"replies":[{"embeddable":true,"href":"https:\/\/historiadelderecho.umh.es\/ca\/wp-json\/wp\/v2\/comments?post=842"}],"version-history":[{"count":0,"href":"https:\/\/historiadelderecho.umh.es\/ca\/wp-json\/wp\/v2\/pages\/842\/revisions"}],"up":[{"embeddable":true,"href":"https:\/\/historiadelderecho.umh.es\/ca\/wp-json\/wp\/v2\/pages\/24"}],"wp:attachment":[{"href":"https:\/\/historiadelderecho.umh.es\/ca\/wp-json\/wp\/v2\/media?parent=842"}],"curies":[{"name":"wp","href":"https:\/\/api.w.org\/{rel}","templated":true}]}}