{"id":968,"date":"2019-03-05T11:53:09","date_gmt":"2019-03-05T10:53:09","guid":{"rendered":"http:\/\/historiadelderecho.umh.es\/?page_id=968"},"modified":"2023-07-24T21:00:42","modified_gmt":"2023-07-24T19:00:42","slug":"tfg","status":"publish","type":"page","link":"https:\/\/historiadelderecho.umh.es\/ca\/tfg\/","title":{"rendered":"TFG"},"content":{"rendered":"<p>[et_pb_section fb_built=&#8221;1&#8243; _builder_version=&#8221;4.17.4&#8243; _module_preset=&#8221;default&#8221; global_colors_info=&#8221;{}&#8221;][et_pb_row _builder_version=&#8221;4.17.4&#8243; _module_preset=&#8221;default&#8221; global_colors_info=&#8221;{}&#8221;][et_pb_column type=&#8221;4_4&#8243; _builder_version=&#8221;4.17.4&#8243; _module_preset=&#8221;default&#8221; global_colors_info=&#8221;{}&#8221;][et_pb_text _builder_version=&#8221;4.17.4&#8243; _module_preset=&#8221;default&#8221; global_colors_info=&#8221;{}&#8221;]<\/p>\n<h1 style=\"text-align: center\">DIRECTRICES<\/h1>\n<p>[\/et_pb_text][et_pb_text _builder_version=&#8221;4.17.4&#8243; _module_preset=&#8221;default&#8221; hover_enabled=&#8221;0&#8243; global_colors_info=&#8221;{}&#8221; sticky_enabled=&#8221;0&#8243;]<\/p>\n<p><strong>Primera: objeto y \u00e1mbito de aplicaci\u00f3n. <\/strong><\/p>\n<p style=\"text-align: justify\">1. Se establecen unas directrices espec\u00edficas de los TFG tutorizados en el \u00e1rea de Historia del Derecho y de las Instituciones de la Universidad Miguel Hern\u00e1ndez.<\/p>\n<p style=\"text-align: justify\">2. Las presentes directrices ser\u00e1n de aplicaci\u00f3n al estudiantado de todos los t\u00edtulos de Grado adscritos al \u00e1rea de Historia del Derecho y de las Instituciones.<\/p>\n<p><strong>Segunda: caracter\u00edsticas del trabajo. <\/strong><\/p>\n<p style=\"text-align: justify\">3. El Trabajo de Fin de Grado (TFG) se articula como un ejercicio de car\u00e1cter personal donde el alumnado integra los conocimientos, capacidades y habilidades, y en general las competencias adquiridas a lo largo del itinerario formativo. En particular, al margen situaciones excepcionales, los trabajos fin de grado\/master realizados bajo la tutorizaci\u00f3n del \u00e1rea de Historia del Derecho y de las Instituciones responden a la elaboraci\u00f3n de un texto monogr\u00e1fico o de revisi\u00f3n e investigaci\u00f3n bibliogr\u00e1fica, con el pertinente an\u00e1lisis legislativo y documental que igualmente requiera el mismo. El TFG es un trabajo que incorpora resultados originales, enmarcado en algunas de las l\u00edneas de investigaci\u00f3n que configuran la asignatura en el que aquella se inscribe. Su finalidad, m\u00e1s all\u00e1 del aprendizaje y de la pura investigaci\u00f3n, est\u00e1 dirigido a fomentar el desarrollo intelectual de su autor\/a, su capacidad para redactar, y para mantener un discurso coherente y bien argumentado. Los trabajos deben ser originales y novedosos, siendo no obstante la primera y gran tarea la de recoger lo que otros expertos han dicho sobre la cuesti\u00f3n objeto de an\u00e1lisis, con un examen detenido de sus aciertos y l\u00edmites. Resulta muy importante la elecci\u00f3n del tema, lo suficientemente acotado para no desbordar la investigaci\u00f3n a realizar, y centrado en cuestiones novedosas.<\/p>\n<p style=\"text-align: justify\">4. El TFG se concretar\u00e1 en la realizaci\u00f3n de un estudio<strong> original y de calidad cient\u00edfica. <\/strong>Este \u00faltimo aspecto vendr\u00e1 determinado por la existencia de un an\u00e1lisis cr\u00edtico de la materia, as\u00ed como por el manejo de las fuentes hist\u00f3rico-jur\u00eddicas como son, entre otras:<\/p>\n<p style=\"padding-left: 40px;text-align: justify\">4.1 Bibliograf\u00eda: tanto actual, como de la \u00e9poca. El estudiantado puede acceder a multitud de art\u00edculos y monograf\u00edas cient\u00edficas en:<\/p>\n<ul style=\"text-align: justify\">\n<li style=\"list-style-type: none\">\n<ul>\n<li>La Biblioteca Digital Hisp\u00e1nica:\u00a0<a href=\"http:\/\/bdh.bne.es\/bnesearch\/Inicio.do\">http:\/\/bdh.bne.es\/bnesearch\/Inicio.do<\/a><\/li>\n<li>Dialnet:<a href=\"https:\/\/dialnet.unirioja.es\/\">https:\/\/dialnet.unirioja.es\/<\/a><\/li>\n<\/ul>\n<\/li>\n<\/ul>\n<p style=\"padding-left: 40px;text-align: justify\">4.2 Prensa hist\u00f3rica sobre la cuesti\u00f3n analizada. Gran parte se encuentra digitalizada en:<\/p>\n<ul style=\"text-align: justify\">\n<li style=\"list-style-type: none\">\n<ul>\n<li>La Hemeroteca Digital: <a href=\"https:\/\/hemerotecadigital.bne.es\/hd\/es\/advanced\">https:\/\/hemerotecadigital.bne.es\/hd\/es\/advanced<\/a><\/li>\n<li>El buscador del Ministerio de Cultura y Deporte:\u00a0<a href=\"https:\/\/prensahistorica.mcu.es\/es\/inicio\/inicio.do\">https:\/\/prensahistorica.mcu.es\/es\/inicio\/inicio.do\u00a0\u00a0<\/a><\/li>\n<li>Las hemerotecas de los distintos peri\u00f3dicos.<\/li>\n<\/ul>\n<\/li>\n<\/ul>\n<p style=\"padding-left: 40px;text-align: justify\">4.3 Los buscadores clave son:<\/p>\n<ul style=\"text-align: justify\">\n<li style=\"list-style-type: none\">\n<ul>\n<li>Colecci\u00f3n Hist\u00f3rica de la Gazeta (hasta 1959):\u00a0<a href=\"https:\/\/boe.es\/diario_gazeta\/\">https:\/\/boe.es\/diario_gazeta\/<\/a><\/li>\n<li>BOE:\u00a0<a href=\"https:\/\/boe.es\/buscar\/legislacion.php\">https:\/\/boe.es\/buscar\/legislacion.php<\/a><\/li>\n<li>La base de datos de Justicia y Memoria Hist\u00f3rica:\u00a0<a href=\"https:\/\/justiciaymemoriahistorica.umh.es\/base-de-datos\/legislacion\/\">https:\/\/justiciaymemoriahistorica.umh.es\/base-de-datos\/legislacion\/\u00a0<\/a><\/li>\n<li>LegisHca: <a href=\"https:\/\/legishca.edu.umh.es\/\">https:\/\/legishca.edu.umh.es\/<\/a><\/li>\n<\/ul>\n<\/li>\n<\/ul>\n<p style=\"padding-left: 40px;text-align: justify\">4.4 Fuentes de Archivo.<\/p>\n<ul>\n<li style=\"list-style-type: none\">\n<ul>\n<li>PARES:\u00a0<a href=\"https:\/\/pares.culturaydeporte.gob.es\/inicio.html\">https:\/\/pares.culturaydeporte.gob.es\/inicio.html<\/a><\/li>\n<\/ul>\n<\/li>\n<\/ul>\n<ul style=\"text-align: justify\">\n<li style=\"list-style-type: none\">4.5 Debates parlamentarios: <a href=\"https:\/\/app.congreso.es\/est_sesiones\/\">https:\/\/app.congreso.es\/est_sesiones\/<\/a><\/li>\n<\/ul>\n<p style=\"text-align: justify\">5. En cuanto a la forma, para la realizaci\u00f3n del Trabajo Final de Grado (TFG) en alguna de las l\u00edneas ofertadas por el \u00e1rea de Historia del Derecho y de las Instituciones los alumnos deber\u00e1n someterse a las directrices fijadas en cada Facultad para sus respectivas titulaciones oficiales. Adem\u00e1s, resulta necesario seguir las indicaciones espec\u00edficas de nuestra \u00e1rea de conocimiento, que se encuentran disponibles en este <strong><a href=\"https:\/\/drive.google.com\/file\/d\/0B102P18_lEQQLXVEUnV2SEg5VEE\/view?usp=sharing\">ENLACE<\/a>.\u00a0<\/strong><\/p>\n<p style=\"text-align: justify\">6. El TFG debe estar compuesto por los apartados que a continuaci\u00f3n se exponen:<\/p>\n<ul style=\"text-align: justify\">\n<li><strong>Portada<\/strong><\/li>\n<li><strong>Abstract o resumen:<\/strong> El resumen est\u00e1 destinado a que el lector pueda adquirir una idea clara del contenido del TFG. Debe ser lo suficientemente atractivo para que convenza al lector de que debe seguir ley\u00e9ndolo. Debe contener la informaci\u00f3n precisa y condensada, de forma que sea completa, aunque sin adelantar las principales conclusiones. En todo caso, simplemente sugerirlas. Debe ir precedido unas palabras clave descriptivas del contenido del trabajo.<\/li>\n<li><strong>\u00cdndice<\/strong>: El \u00edndice, que <u>debe estar paginado<\/u>, es la \u201choja de ruta\u201d del trabajo. Debe ser claro y estructurar el trabajo de forma ordenada. En \u00e9l deben incluirse todas las partes, ep\u00edgrafes, secciones o cap\u00edtulos del trabajo, incluida la bibliograf\u00eda y los anexos.<\/li>\n<li><strong>Introducci\u00f3n:<\/strong> En este apartado debe justificarse la relevancia del tema objeto de estudio y la necesidad de abordarlo. Esto es, las motivaciones cient\u00edficas (el inter\u00e9s cient\u00edfico) que han llevado al\/la estudiante a abordar el mismo. Asimismo, debe plantearse, de forma clara y concisa, el objeto de estudio o investigaci\u00f3n (y, en su caso, delimitarlo temporal y geogr\u00e1ficamente), los objetivos que se quieren conseguir (esto puede relacionarse con el marco te\u00f3rico), la metodolog\u00eda empleada y la estructura del trabajo. Es importante, en este sentido, de cara a establecer el objeto de estudio o investigaci\u00f3n, plasmar las hip\u00f3tesis de partida, o en otros t\u00e9rminos, las preguntas de investigaci\u00f3n que se plantean en el trabajo. Adem\u00e1s, es necesario hablar del marco te\u00f3rico: \u00bfQu\u00e9 se ha escrito o investigado sobre esta cuesti\u00f3n hasta el momento? \u00bfExiste una nutrida bibliograf\u00eda o, por el contrario, reina una laguna historiogr\u00e1fica? En este \u00faltimo caso, \u00bfse ha investigado sobre cuestiones relacionadas? Finalmente, en cuanto a la metodolog\u00eda, se trata de un elemento muy importante dentro de la introducci\u00f3n. Debe se\u00f1alarse los m\u00e9todos empleados para investigar el tema y comprobar las hip\u00f3tesis de trabajo (es decir, qu\u00e9 fuentes se han utilizado, tanto primarias -documentos de archivo, prensa contempor\u00e1nea, diario de sesiones de las Cortes&#8230; como secundarias -bibliograf\u00eda-).<\/li>\n<li><strong>Desarrollo del trabajo:\u00a0<\/strong>Se trata de la parte expositiva del TFG, debe dividirse en tantos apartados y subapartados como sea preciso. Es necesario que contenga un firme y adecuado aparato cr\u00edtico, incluyendo el n\u00famero imprescindible de notas al pie de p\u00e1ginas en el que se haga referencia a las fuentes que han sido consultadas y que sustentan, de forma directa o indirecta, cada una de las afirmaciones contenidas en el trabajo.<\/li>\n<li><strong>Conclusiones:\u00a0<\/strong>Deben ser claras y concisas. No se trata de repetir p\u00e1rrafos del trabajo. Al contrario, en ellas deben se\u00f1alarse las principales aportaciones, resultados o datos reveladores del trabajo. De esta forma, debe evitarse realizar un simple resumen de lo indicado en el grueso del trabajo.<\/li>\n<li><strong>Anexos<\/strong>, en su caso.<\/li>\n<li><strong>Bibliograf\u00eda:\u00a0<\/strong>En este punto se incluir\u00e1n, de forma ordenada alfab\u00e9ticamente, las obras y art\u00edculos cient\u00edficos que han sido objeto de consulta por el\/la estudiante para realizar su TFG. Deben seguirse las normas de estilo que han sido facilitadas por el\/la tutor\/a. De la misma forma, se incluir\u00e1n en este apartado la referencia a las fuentes primarias que hayan sido estudiadas y citadas a lo largo del trabajo.<\/li>\n<\/ul>\n<p style=\"text-align: justify\"><strong>Tercera: tutorizaci\u00f3n acad\u00e9mica. <\/strong><\/p>\n<p style=\"text-align: justify\">7. El TFG ser\u00e1 realizado bajo la supervisi\u00f3n de uno\/a o m\u00e1s tutores\/as acad\u00e9micos\/as, que ser\u00e1n profesores\/as del \u00e1rea de Historia del Derecho y de las Instituciones.<\/p>\n<p style=\"text-align: justify\">8. La o las personas que act\u00faen como tutores\/as acad\u00e9micos\/as orientar\u00e1n al estudiante en su desarrollo del trabajo. En este sentido, y con objeto de realizar una tutorizaci\u00f3n eficiente, podr\u00e1n pedir al\/la estudiante una copia de su expediente acad\u00e9mico.<\/p>\n<p style=\"text-align: justify\">9. Los\/as estudiantes, deber\u00e1n ajustarse al cronograma que haya sido acordado con su tutor. En este sentido, se <strong>comprometer\u00e1n<\/strong> a realizar las entregas en los plazos marcados y, en todo caso, a enviar el borrador definitivo del trabajo con una antelaci\u00f3n m\u00ednima de un mes a la fecha fijada para la defensa del TFG. En el caso de que no se cumpla con este <strong>compromiso<\/strong>, el\/la tutor\/a se reservar\u00e1 el derecho de poder aplazar la defensa a la siguiente convocatoria.<\/p>\n<p style=\"text-align: justify\"><strong>Cuarta: defensa del TFG. <\/strong><\/p>\n<p style=\"text-align: justify\">La sesi\u00f3n evaluativa del TFG consistir\u00e1 en una exposici\u00f3n oral p\u00fablica ante un Tribunal conformado por los\/las profesores\/as del \u00e1rea de Historia del Derecho y de las Instituciones. El\/la estudiante deber\u00e1 realizar una presentaci\u00f3n de 10 minutos, tras la cual se realizar\u00e1n las consideraciones y preguntas que estimen oportunas los miembros del Tribunal.<\/p>\n<ul>\n<li style=\"text-align: justify\"><strong><a href=\"https:\/\/historiadelderecho.umh.es\/tfg\/documentacion-alumnado\/\">DOCUMENTACI\u00d3N ALUMNADO<\/a><\/strong><\/li>\n<li style=\"text-align: justify\"><a href=\"https:\/\/historiadelderecho.umh.es\/tfg\/seguimiento-profesorado\/\"><strong>SEGUIMIENTO TFG<\/strong><\/a><\/li>\n<\/ul>\n<p>[\/et_pb_text][\/et_pb_column][\/et_pb_row][\/et_pb_section]<\/p>\n","protected":false},"excerpt":{"rendered":"<p>DIRECTRICESPrimera: objeto y \u00e1mbito de aplicaci\u00f3n. 1. Se establecen unas directrices espec\u00edficas de los TFG tutorizados en el \u00e1rea de Historia del Derecho y de las Instituciones de la Universidad Miguel Hern\u00e1ndez. 2. Las presentes directrices ser\u00e1n de aplicaci\u00f3n al estudiantado de todos los t\u00edtulos de Grado adscritos al \u00e1rea de Historia del Derecho y [&hellip;]<\/p>\n","protected":false},"author":50,"featured_media":0,"parent":0,"menu_order":6,"comment_status":"closed","ping_status":"closed","template":"","meta":{"_et_pb_use_builder":"on","_et_pb_old_content":"<span lang=\"es\">(Espa\u00f1ol) <p style=\"text-align: justify\">El Trabajo de Fin de Grado (TFG) se articula como un ejercicio de car\u00e1cter personal donde el alumnado integra los conocimientos, capacidades y habilidades, y en general las competencias adquiridas a lo largo del itinerario formativo. En particular, al margen situaciones excepcionales, los trabajos fin de grado\/master realizados bajo la tutorizaci\u00f3n del \u00e1rea de Historia del Derecho y de las Instituciones responden a la elaboraci\u00f3n de un texto monogr\u00e1fico o de revisi\u00f3n e investigaci\u00f3n bibliogr\u00e1fica, con el pertinente an\u00e1lisis legislativo y documental que igualmente requiera el mismo. El TFG es un trabajo que incorpora resultados originales de investigaci\u00f3n, enmarcado en algunas de las l\u00edneas de investigaci\u00f3n que configuran la asignatura en el que aquella se inscribe. Su finalidad, m\u00e1s all\u00e1 del aprendizaje y de la pura investigaci\u00f3n, est\u00e1 dirigido a fomentar el desarrollo intelectual de su autor\/a, su capacidad para redactar, y para mantener un discurso coherente y bien argumentado. Los trabajos deben ser originales y novedosos, siendo no obstante la primera y gran tarea la de recoger lo que otros expertos han dicho sobre la cuesti\u00f3n objeto de an\u00e1lisis, con un examen detenido de sus aciertos y l\u00edmites.<\/p>\r\n<p style=\"text-align: justify\">Resulta muy importante la elecci\u00f3n del tema, lo suficientemente acotado para no desbordar la investigaci\u00f3n a realizar, y centrado en cuestiones novedosas.<\/p>\r\n<p style=\"text-align: justify\">Para la realizaci\u00f3n del Trabajo Final de Grado (TFG) en alguna de las l\u00edneas ofertadas por el \u00e1rea de Historia del Derecho y de las Instituciones los alumnos deber\u00e1n someterse a las directrices fijadas en cada Facultad para sus respectivas titulaciones oficiales. Adem\u00e1s, resulta necesario seguir las indicaciones espec\u00edficas de nuestra de conocimiento que se encuentran disponibles en este <strong><a href=\"https:\/\/drive.google.com\/file\/d\/0B102P18_lEQQLXVEUnV2SEg5VEE\/view?usp=sharing\">ENLACE<\/a><\/strong><\/p>\r\n<p style=\"text-align: justify\">Asimismo, debe se\u00f1alarse que <strong>todos los Trabajos Final de Grados dirigidos por los profesores adscritos a Historia del Derecho y de las Institucione<\/strong>s ser\u00e1n objeto de exposici\u00f3n y defensa p\u00fablica ante un tribunal designado al efecto en las respectivas convocatorias.<\/p>\r\n\r\n<ul>\r\n \t<li><strong><a href=\"https:\/\/historiadelderecho.umh.es\/tfg\/documentacion-alumnado\/\">DOCUMENTACI\u00d3N ALUMNADO<\/a><\/strong><\/li>\r\n \t<li><a href=\"https:\/\/historiadelderecho.umh.es\/tfg\/seguimiento-profesorado\/\"><strong>SEGUIMIENTO TFG<\/strong><\/a><\/li>\r\n<\/ul><\/span>","_et_gb_content_width":"","_links_to":"","_links_to_target":""},"_links":{"self":[{"href":"https:\/\/historiadelderecho.umh.es\/ca\/wp-json\/wp\/v2\/pages\/968"}],"collection":[{"href":"https:\/\/historiadelderecho.umh.es\/ca\/wp-json\/wp\/v2\/pages"}],"about":[{"href":"https:\/\/historiadelderecho.umh.es\/ca\/wp-json\/wp\/v2\/types\/page"}],"author":[{"embeddable":true,"href":"https:\/\/historiadelderecho.umh.es\/ca\/wp-json\/wp\/v2\/users\/50"}],"replies":[{"embeddable":true,"href":"https:\/\/historiadelderecho.umh.es\/ca\/wp-json\/wp\/v2\/comments?post=968"}],"version-history":[{"count":0,"href":"https:\/\/historiadelderecho.umh.es\/ca\/wp-json\/wp\/v2\/pages\/968\/revisions"}],"wp:attachment":[{"href":"https:\/\/historiadelderecho.umh.es\/ca\/wp-json\/wp\/v2\/media?parent=968"}],"curies":[{"name":"wp","href":"https:\/\/api.w.org\/{rel}","templated":true}]}}