{"id":992,"date":"2019-07-07T19:29:09","date_gmt":"2019-07-07T17:29:09","guid":{"rendered":"http:\/\/historiadelderecho.umh.es\/?page_id=992"},"modified":"2023-07-24T20:36:49","modified_gmt":"2023-07-24T18:36:49","slug":"seguimiento-profesorado","status":"publish","type":"page","link":"https:\/\/historiadelderecho.umh.es\/ca\/tfg\/seguimiento-profesorado\/","title":{"rendered":"SEGUIMIENTO TFG PROFESORADO"},"content":{"rendered":"<p>[et_pb_section fb_built=&#8221;1&#8243; _builder_version=&#8221;4.16&#8243; global_colors_info=&#8221;{}&#8221;][et_pb_row _builder_version=&#8221;4.16&#8243; background_size=&#8221;initial&#8221; background_position=&#8221;top_left&#8221; background_repeat=&#8221;repeat&#8221; global_colors_info=&#8221;{}&#8221;][et_pb_column type=&#8221;4_4&#8243; _builder_version=&#8221;4.16&#8243; custom_padding=&#8221;|||&#8221; global_colors_info=&#8221;{}&#8221; custom_padding__hover=&#8221;|||&#8221;][et_pb_text _builder_version=&#8221;4.17.4&#8243; background_size=&#8221;initial&#8221; background_position=&#8221;top_left&#8221; background_repeat=&#8221;repeat&#8221; hover_enabled=&#8221;0&#8243; global_colors_info=&#8221;{}&#8221; sticky_enabled=&#8221;0&#8243;]<\/p>\n<ul>\n<li><a href=\"https:\/\/docs.google.com\/document\/d\/139_bUgV8e6nLhTiwVY5lTNKaN5vnDaDN\/edit?usp=drive_link&amp;ouid=104132534789377320479&amp;rtpof=true&amp;sd=true\">Ficha de Seguimiento alumno TFG<\/a><\/li>\n<li><a href=\"https:\/\/drive.google.com\/file\/d\/1zANuLcHB-p8rDM3xdOblWxDzucCefJKU\/view?usp=sharing\">Tabla hist\u00f3rico TFGs HD<\/a><\/li>\n<\/ul>\n<p><strong>FACULTAD DE CIENCIAS SOCIALES Y JUR\u00cdDICAS ELX<\/strong><\/p>\n<ul>\n<li><a href=\"https:\/\/drive.google.com\/file\/d\/1dghwITS_WKY6PuN0QNMIZtpyzh51otei\/view?usp=sharing\">Modelo Acta Individual\u00a0<\/a><\/li>\n<li><a href=\"https:\/\/drive.google.com\/file\/d\/13Cm1BII1WbbQObmpUuGvOoM908M8MeFE\/view?usp=sharing\">Directrices CCSSyJcas ELCHE<\/a><\/li>\n<li><a href=\"https:\/\/historiadelderecho.umh.es\/tfg\/documentacion-profesorado\/deposito-tfg-elx\/\">Dep\u00f3sito Trabajos<\/a><\/li>\n<\/ul>\n<p><strong>FACULTAD DE CIENCIAS SOCIALES Y JURIDICAS ORIHUELA<\/strong><\/p>\n<ul>\n<li><a href=\"https:\/\/drive.google.com\/file\/d\/13D8-LuJlU72IpYIGRg9kWbgeseZLwsrV\/view?usp=drive_link\">Directrices CCSSyJcas ORIHUELA<\/a><\/li>\n<li><a href=\"https:\/\/drive.google.com\/file\/d\/0B97duxux4D2rYXBnZ1ZITm9IYWM\/view?usp=sharing\">Plantillas Evaluaci\u00f3n<\/a><\/li>\n<li><a href=\"https:\/\/historiadelderecho.umh.es\/tfg\/documentacion-profesorado\/deposito-tfg-elx\/deposito-tfg-orihuela\/\">Dep\u00f3sito Trabajos<\/a><\/li>\n<\/ul>\n<p>[\/et_pb_text][\/et_pb_column][\/et_pb_row][\/et_pb_section]<\/p>\n","protected":false},"excerpt":{"rendered":"<p>Ficha de Seguimiento alumno TFG Tabla hist\u00f3rico TFGs HD FACULTAD DE CIENCIAS SOCIALES Y JUR\u00cdDICAS ELX Modelo Acta Individual\u00a0 Directrices CCSSyJcas ELCHE Dep\u00f3sito Trabajos FACULTAD DE CIENCIAS SOCIALES Y JURIDICAS ORIHUELA Directrices CCSSyJcas ORIHUELA Plantillas Evaluaci\u00f3n Dep\u00f3sito Trabajos<\/p>\n","protected":false},"author":50,"featured_media":0,"parent":968,"menu_order":0,"comment_status":"closed","ping_status":"closed","template":"","meta":{"_et_pb_use_builder":"on","_et_pb_old_content":"<ul><li><a href=\"https:\/\/drive.google.com\/drive\/folders\/0B97duxux4D2rSGd2d3BXNmpmWG8?usp=sharing\">Ficha de Seguimiento alumno TFG<\/a><\/li><li><a href=\"https:\/\/drive.google.com\/file\/d\/1zANuLcHB-p8rDM3xdOblWxDzucCefJKU\/view?usp=sharing\">Tabla hist\u00f3rico TFGs HD<\/a><\/li><\/ul><p><strong>FACULTAD DE CIENCIAS SOCIALES Y JUR\u00cdDICAS ELX<\/strong><\/p><ul><li><a href=\"https:\/\/drive.google.com\/file\/d\/1dghwITS_WKY6PuN0QNMIZtpyzh51otei\/view?usp=sharing\">Modelo Acta Individual\u00a0<\/a><\/li><li><a href=\"https:\/\/drive.google.com\/file\/d\/1dg7DQy6cqEeDEnK6PF8oUkLdPmTPYML8\/view?usp=sharing\">Directrices CCSSyJcas ELCHE<\/a><\/li><li><a href=\"https:\/\/historiadelderecho.umh.es\/tfg\/documentacion-profesorado\/deposito-tfg-elx\/\">Dep\u00f3sito Trabajos<\/a><\/li><\/ul><p><strong>FACULTAD DE CIENCIAS SOCIALES Y JURIDICAS ORIHUELA<\/strong><\/p><ul><li><a href=\"https:\/\/drive.google.com\/file\/d\/1dduIwa3sn6IbkVlPe6gq3N6qyACvL1sn\/view?usp=sharing\">Directrices CCSSyJcas ORIHUELA<\/a><\/li><li><a href=\"https:\/\/drive.google.com\/file\/d\/0B97duxux4D2rYXBnZ1ZITm9IYWM\/view?usp=sharing\">Plantillas Evaluaci\u00f3n<\/a><\/li><li><a href=\"https:\/\/historiadelderecho.umh.es\/tfg\/documentacion-profesorado\/deposito-tfg-elx\/deposito-tfg-orihuela\/\">Dep\u00f3sito Trabajos<\/a><\/li><\/ul>","_et_gb_content_width":"","_links_to":"","_links_to_target":""},"_links":{"self":[{"href":"https:\/\/historiadelderecho.umh.es\/ca\/wp-json\/wp\/v2\/pages\/992"}],"collection":[{"href":"https:\/\/historiadelderecho.umh.es\/ca\/wp-json\/wp\/v2\/pages"}],"about":[{"href":"https:\/\/historiadelderecho.umh.es\/ca\/wp-json\/wp\/v2\/types\/page"}],"author":[{"embeddable":true,"href":"https:\/\/historiadelderecho.umh.es\/ca\/wp-json\/wp\/v2\/users\/50"}],"replies":[{"embeddable":true,"href":"https:\/\/historiadelderecho.umh.es\/ca\/wp-json\/wp\/v2\/comments?post=992"}],"version-history":[{"count":0,"href":"https:\/\/historiadelderecho.umh.es\/ca\/wp-json\/wp\/v2\/pages\/992\/revisions"}],"up":[{"embeddable":true,"href":"https:\/\/historiadelderecho.umh.es\/ca\/wp-json\/wp\/v2\/pages\/968"}],"wp:attachment":[{"href":"https:\/\/historiadelderecho.umh.es\/ca\/wp-json\/wp\/v2\/media?parent=992"}],"curies":[{"name":"wp","href":"https:\/\/api.w.org\/{rel}","templated":true}]}}