{"id":1300,"date":"2021-11-15T12:32:44","date_gmt":"2021-11-15T11:32:44","guid":{"rendered":"https:\/\/historiadelderecho.umh.es\/?page_id=1300"},"modified":"2023-03-30T11:26:15","modified_gmt":"2023-03-30T09:26:15","slug":"martes-14-de-diciembre-de-2021","status":"publish","type":"page","link":"https:\/\/historiadelderecho.umh.es\/en\/actividades\/congresos\/congreso-la-justicia-al-servicio-de-los-totalitarismos-en-europa\/programa\/martes-14-de-diciembre-de-2021\/","title":{"rendered":"Martes 14 de diciembre de 2021"},"content":{"rendered":"<p>[et_pb_section fb_built=&#8221;1&#8243; _builder_version=&#8221;4.16&#8243; global_colors_info=&#8221;{}&#8221;][et_pb_row _builder_version=&#8221;4.16&#8243; background_size=&#8221;initial&#8221; background_position=&#8221;top_left&#8221; background_repeat=&#8221;repeat&#8221; global_colors_info=&#8221;{}&#8221;][et_pb_column type=&#8221;4_4&#8243; _builder_version=&#8221;4.16&#8243; custom_padding=&#8221;|||&#8221; global_colors_info=&#8221;{}&#8221; custom_padding__hover=&#8221;|||&#8221;][et_pb_text _builder_version=&#8221;4.17.4&#8243; background_size=&#8221;initial&#8221; background_position=&#8221;top_left&#8221; background_repeat=&#8221;repeat&#8221; hover_enabled=&#8221;0&#8243; global_colors_info=&#8221;{}&#8221; sticky_enabled=&#8221;0&#8243;]<\/p>\n<p style=\"text-align: justify\"><strong>Mesa 3<\/strong><\/p>\n<p><strong>10:00h<\/strong> <a href=\"https:\/\/www.youtube.com\/watch?v=RzzM_pjUP_Y&amp;list=PLClKgnzRFYe68nC-NulAarekzTzn51cZC&amp;index=6\" target=\"_blank\" rel=\"noopener\"><em>Principio de igualdad y revisi\u00f3n judicial de la ley: \u00bfor\u00edgenes del control de constitucionalidad o preludio del totalitarismo?<\/em><\/a><br \/>Prof. Dr. Sebasti\u00e1n Mart\u00edn Mart\u00edn<br \/>Universidad de Sevilla<\/p>\n<p><strong>10:30h<\/strong> <a href=\"https:\/\/www.youtube.com\/watch?v=4dOCzPAvQq0&amp;list=PLClKgnzRFYe68nC-NulAarekzTzn51cZC&amp;index=7\" target=\"_blank\" rel=\"noopener\"><em>Constituci\u00f3n &#8220;abierta&#8221; de Espa\u00f1a o la resignificaci\u00f3n de las leyes fundamentales en el tardofranquismo<\/em><\/a><br \/>Prof. Dr. Alfons Aragoneses Aguado<br \/>Universitat Pompeu Fabra<\/p>\n<p><strong>11:00h <\/strong><a href=\"https:\/\/www.youtube.com\/watch?v=nR7g9mZsmzM&amp;list=PLClKgnzRFYe68nC-NulAarekzTzn51cZC&amp;index=8\" target=\"_blank\" rel=\"noopener\"><em>La jurisprudencia del Consejo Supremo militar en materia de Rebeli\u00f3n <\/em><\/a><br \/>Prof. Dr. Jos\u00e9 Antonio P\u00e9rez Juan<br \/>Universidad Miguel Hern\u00e1ndez de Elche<\/p>\n<p><strong>11:30h Debate <\/strong><\/p>\n<p><strong>11:45h Pausa caf\u00e9<\/strong><\/p>\n<p><strong>Mesa 4 <\/strong><\/p>\n<p><strong>12:15h <\/strong><a href=\"https:\/\/www.youtube.com\/watch?v=BOqL2OO6jqo&amp;list=PLClKgnzRFYe68nC-NulAarekzTzn51cZC&amp;index=9\" target=\"_blank\" rel=\"noopener\"><em>Administraci\u00f3n y administrado en la II Rep\u00fablica<\/em><\/a><br \/>Prof. Dr. Francisco Javier D\u00edaz Majano<br \/>Universidad de Castilla la Mancha<\/p>\n<p><strong>12:45h<\/strong> <a href=\"https:\/\/www.youtube.com\/watch?v=AwLMgh_cmZM&amp;list=PLClKgnzRFYe68nC-NulAarekzTzn51cZC&amp;index=10\" target=\"_blank\" rel=\"noopener\"><em>El Derecho de familia del Estado franquista <\/em><\/a><br \/>Prof\u00aa. Dra. Sara Moreno Tejada<br \/>Universidad Miguel Hern\u00e1ndez de Elche<\/p>\n<p><strong>13:15h Debate<\/strong><\/p>\n<p><strong>Mesa 5 <\/strong><\/p>\n<p><strong>16:30h <\/strong><a href=\"https:\/\/www.youtube.com\/watch?v=5MGacQfziK0&amp;list=PLClKgnzRFYe68nC-NulAarekzTzn51cZC&amp;index=11\" target=\"_blank\" rel=\"noopener\"><em>El derecho penal del III Reich <\/em><\/a><br \/>Prof. Dr. Ignacio Czeghun<br \/>Freie Universit\u00e4t Berlin<\/p>\n<p><strong>17:00h<\/strong> <a href=\"https:\/\/www.youtube.com\/watch?v=pQgkY75mJIo&amp;list=PLClKgnzRFYe68nC-NulAarekzTzn51cZC&amp;index=12\" target=\"_blank\" rel=\"noopener\"><em>I provvedimenti per la repressione degli abusi della stampa periodica (1922-1943)<\/em><\/a><br \/>Prof\u00aa. Dra. Patrizia de Salvo<br \/>Universit\u00e0 degli Studi di Messina<\/p>\n<p><strong>17:30h <\/strong><a href=\"https:\/\/www.youtube.com\/watch?v=imQ-poGnoBI&amp;list=PLClKgnzRFYe68nC-NulAarekzTzn51cZC&amp;index=13\" target=\"_blank\" rel=\"noopener\"><em>La giustizia al servizio del regime: di alcune condanne dinanzi al Tribunale speciale per la difesa dello Stato (1926-1943)<\/em><\/a><br \/>Prof\u00aa. Dra. Vittoria Calabr\u00f2<br \/>Universit\u00e0 degli Studi di Messina<\/p>\n<p><strong>18:00h Debate<\/strong><\/p>\n<p><strong>18:15h Pausa caf\u00e9<\/strong><\/p>\n<p><strong>Mesa 6 <\/strong><\/p>\n<p><strong>18:45h Conferencia invitada:<\/strong> <a href=\"https:\/\/www.youtube.com\/watch?v=G1D6IxKpO1M&amp;list=PLClKgnzRFYe68nC-NulAarekzTzn51cZC&amp;index=14\" target=\"_blank\" rel=\"noopener\"><em>Tendencias totalitarias en el dise\u00f1o de la administraci\u00f3n de justicia argentina durante el primer peronismo (1946-1955)<\/em><\/a><br \/>Prof. Dr. Ezequiel Ab\u00e1solo<br \/>Universidad Cat\u00f3lica Argentina<\/p>\n<p><strong>19:15h Conferencia de clausura:<\/strong> <a href=\"https:\/\/www.youtube.com\/watch?v=cdRtGpW1BxM&amp;list=PLClKgnzRFYe68nC-NulAarekzTzn51cZC&amp;index=15\" target=\"_blank\" rel=\"noopener\"><em>Ideolog\u00eda separatista y represi\u00f3n en la primera mitad del siglo XX<\/em><\/a><br \/>Prof. Dr. Miguel Pino Abad<br \/>Universidad de C\u00f3rdoba<\/p>\n<p><strong>19:45h Debate<\/strong><\/p>\n<p><strong>20:00h Clausura del Congreso y Presentaci\u00f3n de comunicaciones<\/strong><\/p>\n<p>[\/et_pb_text][\/et_pb_column][\/et_pb_row][\/et_pb_section]<\/p>\n","protected":false},"excerpt":{"rendered":"<p>Mesa 3 10:00h Principio de igualdad y revisi\u00f3n judicial de la ley: \u00bfor\u00edgenes del control de constitucionalidad o preludio del totalitarismo?Prof. Dr. Sebasti\u00e1n Mart\u00edn Mart\u00ednUniversidad de Sevilla 10:30h Constituci\u00f3n &#8220;abierta&#8221; de Espa\u00f1a o la resignificaci\u00f3n de las leyes fundamentales en el tardofranquismoProf. Dr. Alfons Aragoneses AguadoUniversitat Pompeu Fabra 11:00h La jurisprudencia del Consejo Supremo militar [&hellip;]<\/p>\n","protected":false},"author":5730,"featured_media":0,"parent":1292,"menu_order":0,"comment_status":"closed","ping_status":"closed","template":"","meta":{"_et_pb_use_builder":"on","_et_pb_old_content":"<p style=\"text-align: justify;\"><strong>Mesa 3<\/strong><\/p><p><strong>10:00h<\/strong> <em>Principio de igualdad y revisi\u00f3n judicial de la ley: \u00bfor\u00edgenes del control de constitucionalidad o preludio del totalitarismo?<\/em><br \/>Prof. Dr. Sebasti\u00e1n Mart\u00edn Mart\u00edn<br \/>Universidad de Sevilla<\/p><p><strong>10:30h<\/strong> <em>Constituci\u00f3n \"abierta\" de Espa\u00f1a o la resignificaci\u00f3n de las leyes fundamentales en el tardofranquismo<\/em><br \/>Prof. Dr. Alfons Aragoneses Aguado<br \/>Universitat Pompeu Fabra<\/p><p><strong>11:00h <\/strong><em>La jurisprudencia del Consejo Supremo militar en materia de Rebeli\u00f3n <\/em><br \/>Prof. Dr. Jos\u00e9 Antonio P\u00e9rez Juan<br \/>Universidad Miguel Hern\u00e1ndez de Elche<\/p><p><strong>11:30h Debate <\/strong><\/p><p><strong>11:45h Pausa caf\u00e9<\/strong><\/p><p><strong>Mesa 4 <\/strong><\/p><p><strong>12:15h <\/strong><em>Administraci\u00f3n y administrado en la II Rep\u00fablica<\/em><br \/>Prof. Dr. Francisco Javier D\u00edaz Majano<br \/>Universidad de Castilla la Mancha<\/p><p><strong>12:45h<\/strong> <em>El Derecho de familia del Estado franquista <\/em><br \/>Prof\u00aa. Dra. Sara Moreno Tejada<br \/>Universidad Miguel Hern\u00e1ndez de Elche<\/p><p><strong>13:15h Debate<\/strong><\/p><p><strong>Mesa 5 <\/strong><\/p><p><strong>16:30h <\/strong><em>El derecho penal del III Reich <\/em><br \/>Prof. Dr. Ignacio Czeghun<br \/>Freie Universit\u00e4t Berlin<\/p><p><strong>17:00h<\/strong> <em>I provvedimenti per la repressione degli abusi della stampa periodica (1922-1943)<\/em><br \/>Prof\u00aa. Dra. Patrizia de Salvo<br \/>Universit\u00e0 degli Studi di Messina<\/p><p><strong>17:30h <\/strong><em>La giustizia al servizio del regime: di alcune condanne dinanzi al Tribunale speciale per la difesa dello Stato (1926-1943)<\/em><br \/>Prof\u00aa. Dra. Vittoria Calabr\u00f2<br \/>Universit\u00e0 degli Studi di Messina<\/p><p><strong>18:00h Debate<\/strong><\/p><p><strong>18:15h Pausa caf\u00e9<\/strong><\/p><p><strong>Mesa 6 <\/strong><\/p><p><strong>18:45h Conferencia invitada:<\/strong> <em>Tendencias totalitarias en el dise\u00f1o de la administraci\u00f3n de justicia argentina durante el primer peronismo (1946-1955)<\/em><br \/>Prof. Dr. Ezequiel Ab\u00e1solo<br \/>Universidad Cat\u00f3lica Argentina<\/p><p><strong>19:15h Conferencia de clausura:<\/strong> <em>Ideolog\u00eda separatista y represi\u00f3n en la primera mitad del siglo XX<\/em><br \/>Prof. Dr. Miguel Pino Abad<br \/>Universidad de C\u00f3rdoba<\/p><p><strong>19:45h Debate<\/strong><\/p><p><strong>20:00h Clausura del Congreso y Presentaci\u00f3n de comunicaciones<\/strong><\/p>","_et_gb_content_width":"","_links_to":"","_links_to_target":""},"_links":{"self":[{"href":"https:\/\/historiadelderecho.umh.es\/en\/wp-json\/wp\/v2\/pages\/1300"}],"collection":[{"href":"https:\/\/historiadelderecho.umh.es\/en\/wp-json\/wp\/v2\/pages"}],"about":[{"href":"https:\/\/historiadelderecho.umh.es\/en\/wp-json\/wp\/v2\/types\/page"}],"author":[{"embeddable":true,"href":"https:\/\/historiadelderecho.umh.es\/en\/wp-json\/wp\/v2\/users\/5730"}],"replies":[{"embeddable":true,"href":"https:\/\/historiadelderecho.umh.es\/en\/wp-json\/wp\/v2\/comments?post=1300"}],"version-history":[{"count":0,"href":"https:\/\/historiadelderecho.umh.es\/en\/wp-json\/wp\/v2\/pages\/1300\/revisions"}],"up":[{"embeddable":true,"href":"https:\/\/historiadelderecho.umh.es\/en\/wp-json\/wp\/v2\/pages\/1292"}],"wp:attachment":[{"href":"https:\/\/historiadelderecho.umh.es\/en\/wp-json\/wp\/v2\/media?parent=1300"}],"curies":[{"name":"wp","href":"https:\/\/api.w.org\/{rel}","templated":true}]}}