{"id":2618,"date":"2023-09-26T11:10:13","date_gmt":"2023-09-26T09:10:13","guid":{"rendered":"https:\/\/historiadelderecho.umh.es\/?page_id=2618"},"modified":"2023-10-06T14:21:08","modified_gmt":"2023-10-06T12:21:08","slug":"miercoles-18-de-octubre-de-2023","status":"publish","type":"page","link":"https:\/\/historiadelderecho.umh.es\/en\/miercoles-18-de-octubre-de-2023\/","title":{"rendered":"<span lang=\"es\">(Espa\u00f1ol) Mi\u00e9rcoles, 18 de octubre de 2023<\/span>"},"content":{"rendered":"<p class=\"qtranxs-available-languages-message qtranxs-available-languages-message-en\">Sorry, this entry is only available in <a href=\"https:\/\/historiadelderecho.umh.es\/es\/wp-json\/wp\/v2\/pages\/2618\" class=\"qtranxs-available-language-link qtranxs-available-language-link-es\" title=\"Espa\u00f1ol\">European Spanish<\/a>.<\/p>","protected":false},"excerpt":{"rendered":"<p>Sorry, this entry is only available in European Spanish.<\/p>\n","protected":false},"author":25833,"featured_media":0,"parent":0,"menu_order":0,"comment_status":"closed","ping_status":"closed","template":"","meta":{"_et_pb_use_builder":"on","_et_pb_old_content":"<span lang=\"es\">(Espa\u00f1ol) <b>09:45h. <em>La mujer durante el fascismo<\/em><\/b>\r\n\r\nProf\u00aa. Dra. Victoria Calabr\u00f2\r\n\r\nUniversit\u00e0 degli Studi di Messina\r\n\r\n<b>10:45h. <\/b><em><strong>La represi\u00f3n de la mujer en la jurisdicci\u00f3n granadina de Responsabilidades Pol\u00edticas<\/strong><\/em>\r\n\r\nProf\u00aa. Dra. Yolanda Quesada Morillas\r\n\r\nFreie Universitat Berlin\r\n\r\n<b>11:45h.<\/b> <strong>Pausa caf\u00e9\u00a0<\/strong>\r\n\r\n<b>12:00h. <\/b><em><strong>El juicio contra Jos\u00e9 Sanjurjo por el golpe de Estado de 1932: de la doctrina judicial republicana a las cr\u00edticas doctrinales franquistas<\/strong><\/em>\r\n\r\nProf. Dr. Roldan Jimeno Aranguren\r\n\r\nUniversidad P\u00fablica de Navarra\r\n\r\n<strong>13:00h. <em>La represi\u00f3n de la masoner\u00eda y la amenaza del \"enemigo interno\". El caso de Gerardo Salvador Merino (1939-1941)<\/em><\/strong>\r\n\r\nProf. Dr. Francisco Sevillano Calero\r\n\r\nUniversidad de Alicante\r\n\r\n<strong>14:00h. Pausa comida<\/strong>\r\n\r\n<strong>16:00h.<\/strong>\u00a0<em><strong>Corresponsales de la Historia \u00abLa g\u00e9nesis de un proyecto\u00bb<\/strong><\/em>\r\n\r\nEladio Balboa Zaragoza\r\n\r\nUniversidad Miguel Hern\u00e1ndez\r\n\r\n<strong>16.45h. <em>Corresponsales de la Historia \u00abLos primeros pasos\u00bb<\/em><\/strong>\r\n\r\nPedro Antonio Amores Bonilla\r\n\r\nUniversidad Miguel Hern\u00e1ndez\r\n\r\n<strong>17.30h. Mesa redonda: <em>Proyecci\u00f3n primeros resultados<\/em><\/strong>\r\n\r\nJos\u00e9 Miguel Pay\u00e1 Poveda y Jorge Pertusa Valero\r\n\r\nUniversidad Miguel Hern\u00e1ndez\r\n\r\n<strong>18:30h. Clausura<\/strong><\/span>","_et_gb_content_width":"","_links_to":"","_links_to_target":""},"_links":{"self":[{"href":"https:\/\/historiadelderecho.umh.es\/en\/wp-json\/wp\/v2\/pages\/2618"}],"collection":[{"href":"https:\/\/historiadelderecho.umh.es\/en\/wp-json\/wp\/v2\/pages"}],"about":[{"href":"https:\/\/historiadelderecho.umh.es\/en\/wp-json\/wp\/v2\/types\/page"}],"author":[{"embeddable":true,"href":"https:\/\/historiadelderecho.umh.es\/en\/wp-json\/wp\/v2\/users\/25833"}],"replies":[{"embeddable":true,"href":"https:\/\/historiadelderecho.umh.es\/en\/wp-json\/wp\/v2\/comments?post=2618"}],"version-history":[{"count":0,"href":"https:\/\/historiadelderecho.umh.es\/en\/wp-json\/wp\/v2\/pages\/2618\/revisions"}],"wp:attachment":[{"href":"https:\/\/historiadelderecho.umh.es\/en\/wp-json\/wp\/v2\/media?parent=2618"}],"curies":[{"name":"wp","href":"https:\/\/api.w.org\/{rel}","templated":true}]}}