{"id":2897,"date":"2025-10-16T10:21:15","date_gmt":"2025-10-16T08:21:15","guid":{"rendered":"https:\/\/historiadelderecho.umh.es\/?page_id=2897"},"modified":"2025-10-21T19:18:11","modified_gmt":"2025-10-21T17:18:11","slug":"jornadas-de-investigacion-victimas-y-victimarios-la-institucionalizacion-de-la-represion-en-los-estados-totalitarios-europeos-del-s-xx","status":"publish","type":"page","link":"https:\/\/historiadelderecho.umh.es\/en\/actividades\/seminariosjornadas\/jornadas-de-investigacion-victimas-y-victimarios-la-institucionalizacion-de-la-represion-en-los-estados-totalitarios-europeos-del-s-xx\/","title":{"rendered":""},"content":{"rendered":"<p>[et_pb_section fb_built=&#8221;1&#8243; admin_label=&#8221;section&#8221; _builder_version=&#8221;4.16&#8243; global_colors_info=&#8221;{}&#8221;][et_pb_row column_structure=&#8221;1_2,1_2&#8243; admin_label=&#8221;row&#8221; _builder_version=&#8221;4.16&#8243; background_size=&#8221;initial&#8221; background_position=&#8221;top_left&#8221; background_repeat=&#8221;repeat&#8221; global_colors_info=&#8221;{}&#8221;][et_pb_column type=&#8221;1_2&#8243; _builder_version=&#8221;4.16&#8243; custom_padding=&#8221;|||&#8221; global_colors_info=&#8221;{}&#8221; custom_padding__hover=&#8221;|||&#8221;][et_pb_text admin_label=&#8221;Text&#8221; _builder_version=&#8221;4.17.4&#8243; background_size=&#8221;initial&#8221; background_position=&#8221;top_left&#8221; background_repeat=&#8221;repeat&#8221; global_colors_info=&#8221;{}&#8221;]<\/p>\n<p>&nbsp;<\/p>\n<h2 style=\"text-align: justify\"><strong>Jornadas de investigaci\u00f3n: V\u00edctimas y victimarios. La institucionalizaci\u00f3n de la represi\u00f3n en los Estados totalitarios europeos del s. XX<\/strong><\/h2>\n<p style=\"text-align: justify\">El \u00c1rea de Historia del Derecho y de las Instituciones de la Universidad Miguel Hern\u00e1ndez ha organizado las \u201c<strong>Jornadas de investigaci\u00f3n: V\u00edctimas y victimarios. La institucionalizaci\u00f3n de la represi\u00f3n en los Estados totalitarios europeos del s. XX<\/strong>\u201d. Esta actividad est\u00e1 dirigida a reflexionar de forma cr\u00edtica sobre las consecuencias devastadoras que la intransigencia y la radicalizaci\u00f3n ideol\u00f3gica han tenido hist\u00f3ricamente en la vida de la ciudadan\u00eda. Cabe recordar, en este sentido, los acontecimientos que tuvieron lugar durante el r\u00e9gimen franquista, ejemplo claro y doloroso de c\u00f3mo un Gobierno totalitario puede pervertir sus estructuras fundamentales \u2014la Justicia, la Administraci\u00f3n p\u00fablica y el sistema educativo\u2014 para establecer una maquinaria de represi\u00f3n institucionalizada.<br \/>Durante diversas sesiones que tendr\u00e1n lugar desde el 20 al 30 de octubre de 2025, diferentes especialistas en la materia analizar\u00e1n, desde una perspectiva multidisciplinar e internacional, c\u00f3mo los principales \u00f3rganos del Estado se convirtieron en instrumentos pol\u00edticos a trav\u00e9s de los cuales se violaron los derechos y libertades de la poblaci\u00f3n. Sin duda, se trata de una cuesti\u00f3n que exige un debate riguroso y una comprensi\u00f3n profunda. Solo a trav\u00e9s de acciones como la que aqu\u00ed se presentan podremos reparar viejas heridas del pasado, evitando que los errores y horrores cometidos por nuestros antepasados se vuelvan a repetir. Este ejercicio, adem\u00e1s, nos permitir\u00e1 reflexionar sobre las herramientas y medidas que es necesario adoptar para confrontar los problemas de exclusi\u00f3n, discriminaci\u00f3n y abuso de poder, que a d\u00eda de hoy persisten en nuestra sociedad.<\/p>\n<p>&nbsp;<\/p>\n<p>[\/et_pb_text][\/et_pb_column][et_pb_column type=&#8221;1_2&#8243; _builder_version=&#8221;4.17.4&#8243; _module_preset=&#8221;default&#8221; global_colors_info=&#8221;{}&#8221;][et_pb_image src=&#8221;https:\/\/historiadelderecho.umh.es\/files\/2025\/10\/victimasyvictimarios-scaled.jpg&#8221; title_text=&#8221;victimasyvictimarios&#8221; show_in_lightbox=&#8221;on&#8221; _builder_version=&#8221;4.17.4&#8243; _module_preset=&#8221;default&#8221; hover_enabled=&#8221;0&#8243; global_colors_info=&#8221;{}&#8221; sticky_enabled=&#8221;0&#8243;][\/et_pb_image][\/et_pb_column][\/et_pb_row][et_pb_row column_structure=&#8221;1_2,1_2&#8243; _builder_version=&#8221;4.17.4&#8243; _module_preset=&#8221;default&#8221; global_colors_info=&#8221;{}&#8221;][et_pb_column type=&#8221;1_2&#8243; _builder_version=&#8221;4.17.4&#8243; _module_preset=&#8221;default&#8221; global_colors_info=&#8221;{}&#8221;][et_pb_button button_url=&#8221;https:\/\/historiadelderecho.umh.es\/programa-4\/&#8221; url_new_window=&#8221;on&#8221; button_text=&#8221;PROGRAMA&#8221; button_alignment=&#8221;center&#8221; _builder_version=&#8221;4.17.4&#8243; _module_preset=&#8221;default&#8221; custom_button=&#8221;on&#8221; button_text_color=&#8221;#000000&#8243; global_colors_info=&#8221;{}&#8221;][\/et_pb_button][\/et_pb_column][et_pb_column type=&#8221;1_2&#8243; _builder_version=&#8221;4.17.4&#8243; _module_preset=&#8221;default&#8221; global_colors_info=&#8221;{}&#8221;][et_pb_button button_url=&#8221;https:\/\/forms.gle\/fchvZ7StwqWXZELK7&#8243; url_new_window=&#8221;on&#8221; button_text=&#8221;INSCRIPCI\u00d3N&#8221; button_alignment=&#8221;center&#8221; _builder_version=&#8221;4.17.4&#8243; _module_preset=&#8221;default&#8221; custom_button=&#8221;on&#8221; button_text_color=&#8221;#000000&#8243; global_colors_info=&#8221;{}&#8221;][\/et_pb_button][\/et_pb_column][\/et_pb_row][et_pb_row _builder_version=&#8221;4.17.4&#8243; _module_preset=&#8221;default&#8221; global_colors_info=&#8221;{}&#8221;][et_pb_column type=&#8221;4_4&#8243; _builder_version=&#8221;4.17.4&#8243; _module_preset=&#8221;default&#8221; global_colors_info=&#8221;{}&#8221;][et_pb_text _builder_version=&#8221;4.17.4&#8243; _module_preset=&#8221;default&#8221; global_colors_info=&#8221;{}&#8221;]<\/p>\n<p>&nbsp;<\/p>\n<table width=\"943\">\n<tbody>\n<tr>\n<td width=\"943\"><strong>Organiza<\/strong><\/td>\n<\/tr>\n<tr>\n<td width=\"943\">\n<p><strong>Prof\u00aa Dra. Sara Moreno Tejada.\u00a0<\/strong><\/p>\n<p><img loading=\"lazy\" class=\"alignleft wp-image-2887\" src=\"https:\/\/historiadelderecho.umh.es\/files\/2025\/10\/Logo-HDI-UMH-1-1-300x114.jpg\" alt=\"\" width=\"175\" height=\"67\" srcset=\"https:\/\/historiadelderecho.umh.es\/files\/2025\/10\/Logo-HDI-UMH-1-1-300x114.jpg 300w, https:\/\/historiadelderecho.umh.es\/files\/2025\/10\/Logo-HDI-UMH-1-1.jpg 375w\" sizes=\"(max-width: 175px) 100vw, 175px\" \/><\/p>\n<\/td>\n<\/tr>\n<tr>\n<td width=\"943\"><strong>Financia<\/strong><\/td>\n<\/tr>\n<tr>\n<td style=\"text-align: justify\" width=\"943\"><img loading=\"lazy\" class=\"alignleft wp-image-2888\" src=\"https:\/\/historiadelderecho.umh.es\/files\/2025\/10\/Imagen2-300x132.png\" alt=\"\" width=\"200\" height=\"88\" srcset=\"https:\/\/historiadelderecho.umh.es\/files\/2025\/10\/Imagen2-300x132.png 300w, https:\/\/historiadelderecho.umh.es\/files\/2025\/10\/Imagen2.png 440w\" sizes=\"(max-width: 200px) 100vw, 200px\" \/>Resoluci\u00f3n de la consellera de Justicia y Administraci\u00f3n P\u00fablica, por la que se concede una subvenci\u00f3n directa a la Universidad Miguel Hern\u00e1ndez de Elche, para la realizaci\u00f3n, durante el ejercicio 2025, de acciones relacionadas con la promoci\u00f3n y difusi\u00f3n de actuaciones de reparaci\u00f3n de la violencia social y pol\u00edtica.<\/td>\n<\/tr>\n<tr>\n<td style=\"text-align: justify\" width=\"943\"><strong>Colaboran<\/strong><\/td>\n<\/tr>\n<tr>\n<td width=\"943\">\n<p><img loading=\"lazy\" class=\"alignleft wp-image-2891\" src=\"https:\/\/historiadelderecho.umh.es\/files\/2025\/10\/Imagen3.jpg\" alt=\"\" width=\"172\" height=\"51\" \/><\/p>\n<p>&nbsp;<\/p>\n<p>Departamento de Ciencia Jur\u00eddica<\/p>\n<\/td>\n<\/tr>\n<tr>\n<td style=\"text-align: justify\" width=\"943\"><em><img loading=\"lazy\" class=\"alignleft wp-image-2894\" src=\"https:\/\/historiadelderecho.umh.es\/files\/2025\/10\/Imagen4.png\" alt=\"\" width=\"175\" height=\"57\" \/>Transgresi\u00f3n y paz p\u00fablica: conflicto y derecho en la Espa\u00f1a moderna y contempor\u00e1nea<\/em>, referencia PID2024-156236NB-C21, financiado por el Ministerio de Ciencia, Innovaci\u00f3n y Universidades del Gobierno de Espa\u00f1a, la Agencia y el Fondo Europeo de Desarrollo Regional (MICIU\/AEI\/10.13039\/501100011033\/FEDER, UE).<\/td>\n<\/tr>\n<tr>\n<td style=\"text-align: justify\">\n<p><img loading=\"lazy\" class=\"alignleft\" src=\"https:\/\/mail.google.com\/mail\/u\/0?ui=2&amp;ik=b035e2731c&amp;attid=0.4&amp;permmsgid=msg-f:1846511750136845695&amp;th=19a020a74c7dd57f&amp;view=fimg&amp;fur=ip&amp;permmsgid=msg-f:1846511750136845695&amp;sz=s0-l75-ft&amp;attbid=ANGjdJ-bo5iJ-0WhAKOxSnS4TUWKtQf4hr-RZsmoSFA9ESNsig9vBVKm6Ya4El59lfLiBEDJ2PuvESbyBroVo-EOr_3cH38Atim4Nncu3VpZY72nhazjqVim_MrdtHY&amp;disp=emb&amp;realattid=ii_199c2a2313e4cff311&amp;zw\" alt=\"\" width=\"206\" height=\"106\" \/>El Estado de Derecho en crisis: la institucionalizaci\u00f3n de la represi\u00f3n en los reg\u00edmenes autoritarios del s.XX en el sur de Europa (Referencia: GIGE2024). Resoluci\u00f3 de la Direcci\u00f3 General de Ci\u00e8ncia i Investigaci\u00f2, per la qual es concedeixen subvencions a grups d&#8217;ingestigaci\u00f3 emergents GE2025, de 25 de julio de 2025.\u00a0<\/p>\n<\/td>\n<\/tr>\n<\/tbody>\n<\/table>\n<p style=\"text-align: justify\">\n<p>[\/et_pb_text][\/et_pb_column][\/et_pb_row][\/et_pb_section]<\/p>\n","protected":false},"excerpt":{"rendered":"<p>&nbsp; Jornadas de investigaci\u00f3n: V\u00edctimas y victimarios. La institucionalizaci\u00f3n de la represi\u00f3n en los Estados totalitarios europeos del s. XX El \u00c1rea de Historia del Derecho y de las Instituciones de la Universidad Miguel Hern\u00e1ndez ha organizado las \u201cJornadas de investigaci\u00f3n: V\u00edctimas y victimarios. La institucionalizaci\u00f3n de la represi\u00f3n en los Estados totalitarios europeos del [&hellip;]<\/p>\n","protected":false},"author":5726,"featured_media":0,"parent":24,"menu_order":0,"comment_status":"closed","ping_status":"closed","template":"","meta":{"_et_pb_use_builder":"on","_et_pb_old_content":"<span lang=\"es\">(Espa\u00f1ol) <h2 style=\"text-align: justify\"><strong>Jornadas de investigaci\u00f3n: V\u00edctimas y victimarios. La institucionalizaci\u00f3n de la represi\u00f3n en los Estados totalitarios europeos del s. XX<\/strong><\/h2>\r\n<p style=\"text-align: justify\">El \u00c1rea de Historia del Derecho y de las Instituciones de la Universidad Miguel Hern\u00e1ndez ha organizado las \u201c<strong>Jornadas de investigaci\u00f3n: V\u00edctimas y victimarios. La institucionalizaci\u00f3n de la represi\u00f3n en los Estados totalitarios europeos del s. XX<\/strong>\u201d. Esta actividad est\u00e1 dirigida reflexionar de forma cr\u00edtica sobre las consecuencias devastadoras que la intransigencia y la radicalizaci\u00f3n ideol\u00f3gica han tenido hist\u00f3ricamente en la vida de la ciudadan\u00eda. Cabe recordar, en este sentido, los acontecimientos que tuvieron lugar durante el r\u00e9gimen franquista, ejemplo claro y doloroso de c\u00f3mo un Gobierno totalitario puede pervertir sus estructuras fundamentales \u2014la Justicia, la Administraci\u00f3n p\u00fablica y el sistema educativo\u2014 para establecer una maquinaria de represi\u00f3n institucionalizada.\r\nDurante diversas sesiones que tendr\u00e1n lugar desde el 20 al 30 de octubre de 2025, diferentes especialistas en la materia analizar\u00e1n, desde una perspectiva multidisciplinar e internacional, c\u00f3mo los principales \u00f3rganos del Estado se convirtieron en instrumentos pol\u00edticos a trav\u00e9s de los cuales se violaron los derechos y libertades de la poblaci\u00f3n. Sin duda, se trata de una cuesti\u00f3n que exige un debate riguroso y una comprensi\u00f3n profunda. Solo a trav\u00e9s de acciones como la que aqu\u00ed se presentan podremos reparar viejas heridas del pasado, evitando que los errores y horrores cometidos por nuestros antepasados se vuelvan a repetir. Este ejercicio, adem\u00e1s, nos permitir\u00e1 reflexionar sobre las herramientas y medidas que es necesario adoptar para confrontar los problemas de exclusi\u00f3n, discriminaci\u00f3n y abuso de poder, que a d\u00eda de hoy persisten en nuestra sociedad.<\/p>\r\n<a href=\"https:\/\/historiadelderecho.umh.es\/programa-4\/\" target=\"_blank\" rel=\"noopener\"><strong>PROGRAMA<\/strong><\/a>\r\n<table width=\"943\">\r\n<tbody>\r\n<tr>\r\n<td width=\"943\"><strong>Organiza<\/strong><\/td>\r\n<\/tr>\r\n<tr>\r\n<td width=\"943\"><img class=\"alignleft wp-image-2887\" src=\"https:\/\/historiadelderecho.umh.es\/files\/2025\/10\/Logo-HDI-UMH-1-1-300x114.jpg\" alt=\"\" width=\"145\" height=\"55\" \/><\/td>\r\n<\/tr>\r\n<tr>\r\n<td width=\"943\"><strong>Financia<\/strong><\/td>\r\n<\/tr>\r\n<tr>\r\n<td width=\"943\"><img class=\"alignleft wp-image-2888\" src=\"https:\/\/historiadelderecho.umh.es\/files\/2025\/10\/Imagen2-300x132.png\" alt=\"\" width=\"173\" height=\"76\" \/>Resoluci\u00f3n de la consellera de Justicia y Administraci\u00f3n P\u00fablica, por la que se concede una subvenci\u00f3n directa a la Universidad Miguel Hern\u00e1ndez de Elche, para la realizaci\u00f3n, durante el ejercicio 2025, de acciones relacionadas con la promoci\u00f3n y difusi\u00f3n de actuaciones de reparaci\u00f3n de la violencia social y pol\u00edtica.<\/td>\r\n<\/tr>\r\n<tr>\r\n<td width=\"943\"><strong>Colaboran<\/strong><\/td>\r\n<\/tr>\r\n<tr>\r\n<td width=\"943\"><img class=\"alignleft size-full wp-image-2891\" src=\"https:\/\/historiadelderecho.umh.es\/files\/2025\/10\/Imagen3.jpg\" alt=\"\" width=\"200\" height=\"59\" \/>\r\n\r\nDepartamento de Ciencia Jur\u00eddica<\/td>\r\n<\/tr>\r\n<tr>\r\n<td width=\"943\"><em><img class=\"alignleft size-full wp-image-2894\" src=\"https:\/\/historiadelderecho.umh.es\/files\/2025\/10\/Imagen4.png\" alt=\"\" width=\"205\" height=\"67\" \/>Transgresi\u00f3n y paz p\u00fablica: conflicto y derecho en la Espa\u00f1a moderna y contempor\u00e1nea<\/em>, referencia PID2024-156236NB-C21, financiado por el Ministerio de Ciencia, Innovaci\u00f3n y Universidades del Gobierno de Espa\u00f1a, la Agencia y el Fondo Europeo de Desarrollo Regional (MICIU\/AEI\/10.13039\/501100011033\/FEDER, UE).<\/td>\r\n<\/tr>\r\n<\/tbody>\r\n<\/table>\r\n\u00a0<\/span>","_et_gb_content_width":"","_links_to":"","_links_to_target":""},"_links":{"self":[{"href":"https:\/\/historiadelderecho.umh.es\/en\/wp-json\/wp\/v2\/pages\/2897"}],"collection":[{"href":"https:\/\/historiadelderecho.umh.es\/en\/wp-json\/wp\/v2\/pages"}],"about":[{"href":"https:\/\/historiadelderecho.umh.es\/en\/wp-json\/wp\/v2\/types\/page"}],"author":[{"embeddable":true,"href":"https:\/\/historiadelderecho.umh.es\/en\/wp-json\/wp\/v2\/users\/5726"}],"replies":[{"embeddable":true,"href":"https:\/\/historiadelderecho.umh.es\/en\/wp-json\/wp\/v2\/comments?post=2897"}],"version-history":[{"count":0,"href":"https:\/\/historiadelderecho.umh.es\/en\/wp-json\/wp\/v2\/pages\/2897\/revisions"}],"up":[{"embeddable":true,"href":"https:\/\/historiadelderecho.umh.es\/en\/wp-json\/wp\/v2\/pages\/24"}],"wp:attachment":[{"href":"https:\/\/historiadelderecho.umh.es\/en\/wp-json\/wp\/v2\/media?parent=2897"}],"curies":[{"name":"wp","href":"https:\/\/api.w.org\/{rel}","templated":true}]}}