{"id":2908,"date":"2025-10-16T22:17:35","date_gmt":"2025-10-16T20:17:35","guid":{"rendered":"https:\/\/historiadelderecho.umh.es\/?page_id=2908"},"modified":"2025-11-29T12:26:28","modified_gmt":"2025-11-29T11:26:28","slug":"programa-4","status":"publish","type":"page","link":"https:\/\/historiadelderecho.umh.es\/en\/programa-4\/","title":{"rendered":""},"content":{"rendered":"<p>[et_pb_section fb_built=&#8221;1&#8243; admin_label=&#8221;section&#8221; _builder_version=&#8221;4.16&#8243; global_colors_info=&#8221;{}&#8221;][et_pb_row _builder_version=&#8221;4.17.4&#8243; _module_preset=&#8221;default&#8221; global_colors_info=&#8221;{}&#8221;][et_pb_column type=&#8221;4_4&#8243; _builder_version=&#8221;4.17.4&#8243; _module_preset=&#8221;default&#8221; global_colors_info=&#8221;{}&#8221;][et_pb_text _builder_version=&#8221;4.17.4&#8243; _module_preset=&#8221;default&#8221; global_colors_info=&#8221;{}&#8221;]<\/p>\n<h1><strong>Programa<\/strong><\/h1>\n<p>[\/et_pb_text][et_pb_accordion _builder_version=&#8221;4.17.4&#8243; _module_preset=&#8221;default&#8221; hover_enabled=&#8221;0&#8243; global_colors_info=&#8221;{}&#8221; custom_css_open_toggle__hover_enabled=&#8221;on|desktop&#8221; sticky_enabled=&#8221;0&#8243;][et_pb_accordion_item title=&#8221;20 de octubre de 2025. 18:00h. \u00abLos procesos de escucha a las v\u00edctimas para recuperar la memoria: la labor de la Cl\u00ednica Jur\u00eddica de Acci\u00f3n Social de la Facultad de Derecho de la Universidad de Salamanca\u00bb. Eugenia Torijano P\u00e9rez, Universidad de Salamanca.  &#8221; open=&#8221;on&#8221; _builder_version=&#8221;4.17.4&#8243; _module_preset=&#8221;default&#8221; global_colors_info=&#8221;{}&#8221;]<\/p>\n<p><a href=\"https:\/\/historiadelderecho.umh.es\/files\/2025\/10\/20OCTUBRE-scaled.jpg\"><img loading=\"lazy\" class=\"wp-image-2932 alignnone size-full\" src=\"https:\/\/historiadelderecho.umh.es\/files\/2025\/10\/20OCTUBRE-scaled.jpg\" alt=\"\" width=\"1810\" height=\"2560\" srcset=\"https:\/\/historiadelderecho.umh.es\/files\/2025\/10\/20OCTUBRE-scaled.jpg 1810w, https:\/\/historiadelderecho.umh.es\/files\/2025\/10\/20OCTUBRE-1280x1810.jpg 1280w, https:\/\/historiadelderecho.umh.es\/files\/2025\/10\/20OCTUBRE-980x1386.jpg 980w, https:\/\/historiadelderecho.umh.es\/files\/2025\/10\/20OCTUBRE-480x679.jpg 480w\" sizes=\"(min-width: 0px) and (max-width: 480px) 480px, (min-width: 481px) and (max-width: 980px) 980px, (min-width: 981px) and (max-width: 1280px) 1280px, (min-width: 1281px) 1810px, 100vw\" \/><\/a><\/p>\n<p>[\/et_pb_accordion_item][et_pb_accordion_item title=&#8221;23 de octubre de 2025. 16:15h. \u201cPerspectivas para el estudio hist\u00f3rico de la transgresi\u00f3n y el conflicto\u201d. Enrique \u00c1lvarez Cora, Universidad de Murcia, y  Manuel Torres Aguilar, Universidad de C\u00f3rdoba. &#8221; _builder_version=&#8221;4.17.4&#8243; _module_preset=&#8221;default&#8221; global_colors_info=&#8221;{}&#8221; open=&#8221;off&#8221;]<\/p>\n<p><a href=\"https:\/\/historiadelderecho.umh.es\/files\/2025\/10\/23-scaled.jpg\"><img loading=\"lazy\" class=\"wp-image-2956 alignnone size-full\" src=\"https:\/\/historiadelderecho.umh.es\/files\/2025\/10\/23-scaled.jpg\" alt=\"\" width=\"1810\" height=\"2560\" srcset=\"https:\/\/historiadelderecho.umh.es\/files\/2025\/10\/23-scaled.jpg 1810w, https:\/\/historiadelderecho.umh.es\/files\/2025\/10\/23-1280x1810.jpg 1280w, https:\/\/historiadelderecho.umh.es\/files\/2025\/10\/23-980x1386.jpg 980w, https:\/\/historiadelderecho.umh.es\/files\/2025\/10\/23-480x679.jpg 480w\" sizes=\"(min-width: 0px) and (max-width: 480px) 480px, (min-width: 481px) and (max-width: 980px) 980px, (min-width: 981px) and (max-width: 1280px) 1280px, (min-width: 1281px) 1810px, 100vw\" \/><\/a><\/p>\n<p>[\/et_pb_accordion_item][et_pb_accordion_item title=&#8221;27 de octubre de 2025. 18:00h \u201cEl derecho catal\u00e1n hist\u00f3rico, y en especial su r\u00e9gimen civil hasta hoy\u201d. Josep Serrano Daura, Universitat Internacional de Catalunya. &#8221; _builder_version=&#8221;4.17.4&#8243; _module_preset=&#8221;default&#8221; global_colors_info=&#8221;{}&#8221; open=&#8221;off&#8221;]<\/p>\n<p><a href=\"https:\/\/historiadelderecho.umh.es\/files\/2025\/10\/27-1-scaled.jpg\"><img loading=\"lazy\" src=\"https:\/\/historiadelderecho.umh.es\/files\/2025\/10\/27-1-scaled.jpg\" width=\"1810\" height=\"2560\" alt=\"\" class=\"wp-image-2987 alignnone size-full\" srcset=\"https:\/\/historiadelderecho.umh.es\/files\/2025\/10\/27-1-scaled.jpg 1810w, https:\/\/historiadelderecho.umh.es\/files\/2025\/10\/27-1-1280x1810.jpg 1280w, https:\/\/historiadelderecho.umh.es\/files\/2025\/10\/27-1-980x1386.jpg 980w, https:\/\/historiadelderecho.umh.es\/files\/2025\/10\/27-1-480x679.jpg 480w\" sizes=\"(min-width: 0px) and (max-width: 480px) 480px, (min-width: 481px) and (max-width: 980px) 980px, (min-width: 981px) and (max-width: 1280px) 1280px, (min-width: 1281px) 1810px, 100vw\" \/><\/a><\/p>\n<p>[\/et_pb_accordion_item][et_pb_accordion_item title=&#8221;28 de octubre de 2025. 12:00h \u201cLos primeros procesos de depuraci\u00f3n del profesorado universitario por el R\u00e9gimen franquista (1937-1938)\u201d. Antonio S\u00e1nchez Aranda, Universidad de Granada.  &#8221; _builder_version=&#8221;4.17.4&#8243; _module_preset=&#8221;default&#8221; global_colors_info=&#8221;{}&#8221; open=&#8221;off&#8221;]<\/p>\n<p><a href=\"https:\/\/historiadelderecho.umh.es\/files\/2025\/10\/28-1-scaled.jpg\"><img loading=\"lazy\" class=\"wp-image-2962 alignnone size-full\" src=\"https:\/\/historiadelderecho.umh.es\/files\/2025\/10\/28-1-scaled.jpg\" alt=\"\" width=\"1810\" height=\"2560\" srcset=\"https:\/\/historiadelderecho.umh.es\/files\/2025\/10\/28-1-scaled.jpg 1810w, https:\/\/historiadelderecho.umh.es\/files\/2025\/10\/28-1-1280x1810.jpg 1280w, https:\/\/historiadelderecho.umh.es\/files\/2025\/10\/28-1-980x1386.jpg 980w, https:\/\/historiadelderecho.umh.es\/files\/2025\/10\/28-1-480x679.jpg 480w\" sizes=\"(min-width: 0px) and (max-width: 480px) 480px, (min-width: 481px) and (max-width: 980px) 980px, (min-width: 981px) and (max-width: 1280px) 1280px, (min-width: 1281px) 1810px, 100vw\" \/><\/a><\/p>\n<p>[\/et_pb_accordion_item][et_pb_accordion_item title=&#8221;28 de octubre de 2025. 18:00h %22Justicia de excepci\u00f3n y g\u00e9nero: La mujer ante los Tribunales de Responsabilidades Pol\u00edticas%22. Yolanda Quesada Morillas. Freie Universit\u00e4t Berl\u00edn&#8221; _builder_version=&#8221;4.17.4&#8243; _module_preset=&#8221;default&#8221; hover_enabled=&#8221;0&#8243; global_colors_info=&#8221;{}&#8221; open=&#8221;off&#8221; sticky_enabled=&#8221;0&#8243;]<\/p>\n<p><a href=\"https:\/\/historiadelderecho.umh.es\/files\/2025\/11\/28-2-scaled.jpg\"><img loading=\"lazy\" src=\"https:\/\/historiadelderecho.umh.es\/files\/2025\/11\/28-2-scaled.jpg\" width=\"1810\" height=\"2560\" alt=\"\" class=\"wp-image-2993 alignnone size-full\" srcset=\"https:\/\/historiadelderecho.umh.es\/files\/2025\/11\/28-2-scaled.jpg 1810w, https:\/\/historiadelderecho.umh.es\/files\/2025\/11\/28-2-1280x1810.jpg 1280w, https:\/\/historiadelderecho.umh.es\/files\/2025\/11\/28-2-980x1386.jpg 980w, https:\/\/historiadelderecho.umh.es\/files\/2025\/11\/28-2-480x679.jpg 480w\" sizes=\"(min-width: 0px) and (max-width: 480px) 480px, (min-width: 481px) and (max-width: 980px) 980px, (min-width: 981px) and (max-width: 1280px) 1280px, (min-width: 1281px) 1810px, 100vw\" \/><\/a><\/p>\n<p>[\/et_pb_accordion_item][et_pb_accordion_item title=&#8221;29 de octubre de 2025. 16:00h.  \u00abA institucionaliza\u00e7\u00e3o da repress\u00e3o no autoritarismo portugu\u00eas\u00bb. Paula Borges Santos, Universidade Nova de Lisboa. &#8221; _builder_version=&#8221;4.17.4&#8243; _module_preset=&#8221;default&#8221; global_colors_info=&#8221;{}&#8221; open=&#8221;off&#8221;]<\/p>\n<p><a href=\"https:\/\/historiadelderecho.umh.es\/files\/2025\/10\/29-1-scaled.jpg\"><img loading=\"lazy\" src=\"https:\/\/historiadelderecho.umh.es\/files\/2025\/10\/29-1-scaled.jpg\" width=\"1810\" height=\"2560\" alt=\"\" class=\"wp-image-2989 alignnone size-full\" srcset=\"https:\/\/historiadelderecho.umh.es\/files\/2025\/10\/29-1-scaled.jpg 1810w, https:\/\/historiadelderecho.umh.es\/files\/2025\/10\/29-1-1280x1810.jpg 1280w, https:\/\/historiadelderecho.umh.es\/files\/2025\/10\/29-1-980x1386.jpg 980w, https:\/\/historiadelderecho.umh.es\/files\/2025\/10\/29-1-480x679.jpg 480w\" sizes=\"(min-width: 0px) and (max-width: 480px) 480px, (min-width: 481px) and (max-width: 980px) 980px, (min-width: 981px) and (max-width: 1280px) 1280px, (min-width: 1281px) 1810px, 100vw\" \/><\/a><\/p>\n<p>[\/et_pb_accordion_item][et_pb_accordion_item title=&#8221;30 de octubre de 2025. 16:00h (Edificio Valona. Cinemateca). Mesa redonda: \u201cViolencia y represi\u00f3n en la Transici\u00f3n Espa\u00f1ola\u201d . Edificio Valona. Cinemateca. &#8221; _builder_version=&#8221;4.17.4&#8243; _module_preset=&#8221;default&#8221; global_colors_info=&#8221;{}&#8221; open=&#8221;off&#8221;]<\/p>\n<p><a href=\"https:\/\/historiadelderecho.umh.es\/files\/2025\/10\/30-scaled.jpg\"><img loading=\"lazy\" class=\"wp-image-2950 alignnone size-full\" src=\"https:\/\/historiadelderecho.umh.es\/files\/2025\/10\/30-scaled.jpg\" alt=\"\" width=\"1810\" height=\"2560\" srcset=\"https:\/\/historiadelderecho.umh.es\/files\/2025\/10\/30-scaled.jpg 1810w, https:\/\/historiadelderecho.umh.es\/files\/2025\/10\/30-1280x1810.jpg 1280w, https:\/\/historiadelderecho.umh.es\/files\/2025\/10\/30-980x1386.jpg 980w, https:\/\/historiadelderecho.umh.es\/files\/2025\/10\/30-480x679.jpg 480w\" sizes=\"(min-width: 0px) and (max-width: 480px) 480px, (min-width: 481px) and (max-width: 980px) 980px, (min-width: 981px) and (max-width: 1280px) 1280px, (min-width: 1281px) 1810px, 100vw\" \/><\/a><\/p>\n<p>[\/et_pb_accordion_item][\/et_pb_accordion][\/et_pb_column][\/et_pb_row][\/et_pb_section]<\/p>\n","protected":false},"excerpt":{"rendered":"<p>Programa<\/p>\n","protected":false},"author":5726,"featured_media":0,"parent":0,"menu_order":0,"comment_status":"closed","ping_status":"closed","template":"","meta":{"_et_pb_use_builder":"on","_et_pb_old_content":"<span lang=\"es\">(Espa\u00f1ol) <h2 style=\"text-align: justify\"><strong>Programa<\/strong><\/h2>\r\n<p style=\"text-align: justify\"><strong>20 de octubre de 2025. 18:00h. <\/strong><span style=\"font-weight: 400\">\"Los procesos de escucha a las v\u00edctimas para recuperar la memoria: la labor de la Cl\u00ednica Jur\u00eddica de Acci\u00f3n Social de la Facultad de Derecho de la Universidad de Salamanca\".<\/span>\r\n<span style=\"font-weight: 400\">Eugenia Torijano P\u00e9rez. Profesora Titular de Universidad. Historia del Derecho y de las Instituciones. Universidad de Salamanca.\u00a0\u00a0<\/span><\/p>\r\n<p style=\"text-align: justify\"><span style=\"font-weight: 400\"><strong>23 de octubre de 2025. 16:00h.<\/strong> \u201cPerspectivas para el estudio hist\u00f3rico de la transgresi\u00f3n y el conflicto\u201d.<\/span>\r\n<span style=\"font-weight: 400\">Enrique \u00c1lvarez Cora. Catedr\u00e1tico de Historia del Derecho y de las Instituciones. Universidad de Murcia.\u00a0<\/span>\r\n<span style=\"font-weight: 400\">Manuel Torres Aguilar. Catedr\u00e1tico de Historia del Derecho y de las Instituciones. Universidad de C\u00f3rdoba.\u00a0<\/span><\/p>\r\n<p style=\"text-align: justify\"><span style=\"font-weight: 400\"><strong>28 de octubre de 2025. 12:00h<\/strong> \u201cLos primeros procesos de depuraci\u00f3n del profesorado universitario por el R\u00e9gimen franquista (1937-1938)\u201d<\/span>\r\n<span style=\"font-weight: 400\">Antonio S\u00e1nchez Aranda. Profesor Titular de Universidad. Historia del Derecho y de las Instituciones. Universidad de Granada.\u00a0\u00a0<\/span><\/p>\r\n<p style=\"text-align: justify\"><span style=\"font-weight: 400\"><strong>29 de octubre de 2025. 16:00h.<\/strong> \u00a0\"A institucionaliza\u00e7\u00e3o da repress\u00e3o no autoritarismo portugu\u00eas\".<\/span>\r\n<span style=\"font-weight: 400\">Paula Borges Santos. Profesora Titular de Historia Contempor\u00e1nea. Universidade Libre de Lisboa.\u00a0<\/span><\/p>\r\n<p style=\"text-align: justify\"><span style=\"font-weight: 400\"><strong>30 de octubre de 2025. 16:00h.<\/strong> Mesa redonda: \u201cViolencia y represi\u00f3n en la Transici\u00f3n Espa\u00f1ola\u201d<\/span>\r\n<span style=\"font-weight: 400\">Sara Moreno Tejada. Profesor Titular de Universidad. Historia del Derecho y de las Instituciones. Universidad Miguel Hern\u00e1ndez.\u00a0<\/span>\r\n<span style=\"font-weight: 400\">Jos\u00e9 Miguel Paya Poveda. Profesor Asociado. Historia del Derecho y de las Instituciones. Universidad Miguel Hern\u00e1ndez.\u00a0<\/span>\r\n<span style=\"font-weight: 400\">Pedro Amores Bonilla. Profesor Asociado. Historia del Derecho y de las Instituciones. Universidad Miguel Hern\u00e1ndez.<\/span>\r\n<span style=\"font-weight: 400\">Eladio Balboa Zaragoza. Profesor Asociado. Historia del Derecho y de las Instituciones. Universidad Miguel Hern\u00e1ndez.<\/span>\r\n<span style=\"font-weight: 400\">Jos\u00e9 Mar\u00eda Mart\u00ednez Sirvent. Profesor Asociado. Historia del Derecho y de las Instituciones. Universidad Miguel Hern\u00e1ndez.<\/span><\/p><\/span>","_et_gb_content_width":"","_links_to":"","_links_to_target":""},"_links":{"self":[{"href":"https:\/\/historiadelderecho.umh.es\/en\/wp-json\/wp\/v2\/pages\/2908"}],"collection":[{"href":"https:\/\/historiadelderecho.umh.es\/en\/wp-json\/wp\/v2\/pages"}],"about":[{"href":"https:\/\/historiadelderecho.umh.es\/en\/wp-json\/wp\/v2\/types\/page"}],"author":[{"embeddable":true,"href":"https:\/\/historiadelderecho.umh.es\/en\/wp-json\/wp\/v2\/users\/5726"}],"replies":[{"embeddable":true,"href":"https:\/\/historiadelderecho.umh.es\/en\/wp-json\/wp\/v2\/comments?post=2908"}],"version-history":[{"count":0,"href":"https:\/\/historiadelderecho.umh.es\/en\/wp-json\/wp\/v2\/pages\/2908\/revisions"}],"wp:attachment":[{"href":"https:\/\/historiadelderecho.umh.es\/en\/wp-json\/wp\/v2\/media?parent=2908"}],"curies":[{"name":"wp","href":"https:\/\/api.w.org\/{rel}","templated":true}]}}