{"id":357,"date":"2014-10-02T20:48:41","date_gmt":"2014-10-02T18:48:41","guid":{"rendered":"http:\/\/historiadelderecho.umh.es\/?page_id=357"},"modified":"2021-12-09T22:31:30","modified_gmt":"2021-12-09T21:31:30","slug":"comunicacion","status":"publish","type":"page","link":"https:\/\/historiadelderecho.umh.es\/en\/docencia\/grado\/comunicacion\/","title":{"rendered":"Comunicaci\u00f3n"},"content":{"rendered":"<p class=\"qtranxs-available-languages-message qtranxs-available-languages-message-en\">Sorry, this entry is only available in <a href=\"https:\/\/historiadelderecho.umh.es\/es\/wp-json\/wp\/v2\/pages\/357\" class=\"qtranxs-available-language-link qtranxs-available-language-link-es\" title=\"Espa\u00f1ol\">European Spanish<\/a>.<\/p>","protected":false},"excerpt":{"rendered":"<p>Historia Universal contempor\u00e1nea\u00a0(3575) Estudia la sociedad contempor\u00e1nea en su proceso hist\u00f3rico, as\u00ed como las principales t\u00e9cnicas de investigaci\u00f3n hist\u00f3rica.<\/p>\n","protected":false},"author":50,"featured_media":0,"parent":38,"menu_order":50,"comment_status":"closed","ping_status":"closed","template":"","meta":{"_et_pb_use_builder":"on","_et_pb_old_content":"<span lang=\"es\">(Espa\u00f1ol) <ul>\r\n \t<li><strong>Historia Universal contempor\u00e1nea\u00a0(3575)<\/strong><\/li>\r\n<\/ul>\r\nEstudia la sociedad contempor\u00e1nea en su proceso hist\u00f3rico, as\u00ed como las principales t\u00e9cnicas de investigaci\u00f3n hist\u00f3rica.<\/span>","_et_gb_content_width":"","_links_to":"","_links_to_target":""},"_links":{"self":[{"href":"https:\/\/historiadelderecho.umh.es\/en\/wp-json\/wp\/v2\/pages\/357"}],"collection":[{"href":"https:\/\/historiadelderecho.umh.es\/en\/wp-json\/wp\/v2\/pages"}],"about":[{"href":"https:\/\/historiadelderecho.umh.es\/en\/wp-json\/wp\/v2\/types\/page"}],"author":[{"embeddable":true,"href":"https:\/\/historiadelderecho.umh.es\/en\/wp-json\/wp\/v2\/users\/50"}],"replies":[{"embeddable":true,"href":"https:\/\/historiadelderecho.umh.es\/en\/wp-json\/wp\/v2\/comments?post=357"}],"version-history":[{"count":0,"href":"https:\/\/historiadelderecho.umh.es\/en\/wp-json\/wp\/v2\/pages\/357\/revisions"}],"up":[{"embeddable":true,"href":"https:\/\/historiadelderecho.umh.es\/en\/wp-json\/wp\/v2\/pages\/38"}],"wp:attachment":[{"href":"https:\/\/historiadelderecho.umh.es\/en\/wp-json\/wp\/v2\/media?parent=357"}],"curies":[{"name":"wp","href":"https:\/\/api.w.org\/{rel}","templated":true}]}}