{"id":362,"date":"2014-10-15T21:51:21","date_gmt":"2014-10-15T19:51:21","guid":{"rendered":"http:\/\/historiadelderecho.umh.es\/?page_id=362"},"modified":"2021-12-11T09:51:46","modified_gmt":"2021-12-11T08:51:46","slug":"seminario-internacional-el-agua-en-la-peninsula-iberica","status":"publish","type":"page","link":"https:\/\/historiadelderecho.umh.es\/en\/actividades\/seminariosjornadas\/seminario-internacional-el-agua-en-la-peninsula-iberica\/","title":{"rendered":"Seminario internacional El Agua en la Pen\u00ednsula Ib\u00e9rica"},"content":{"rendered":"<p>[et_pb_section fb_built=&#8221;1&#8243; _builder_version=&#8221;3.22&#8243;][et_pb_row _builder_version=&#8221;3.25&#8243; background_size=&#8221;initial&#8221; background_position=&#8221;top_left&#8221; background_repeat=&#8221;repeat&#8221;][et_pb_column type=&#8221;4_4&#8243; _builder_version=&#8221;3.25&#8243; custom_padding=&#8221;|||&#8221; custom_padding__hover=&#8221;|||&#8221;][et_pb_text _builder_version=&#8221;3.27.4&#8243; background_size=&#8221;initial&#8221; background_position=&#8221;top_left&#8221; background_repeat=&#8221;repeat&#8221;]<\/p>\n<p style=\"text-align: justify\"><a href=\"https:\/\/historiadelderecho.umh.es\/actividades\/seminariosjornadas\/seminario-internacional-el-agua-en-la-peninsula-iberica\/\"><img loading=\"lazy\" class=\"alignleft size-medium wp-image-370\" src=\"https:\/\/historiadelderecho.umh.es\/files\/2014\/10\/Pantano-300x269.jpg\" alt=\"Pantano\" width=\"300\" height=\"269\" srcset=\"https:\/\/historiadelderecho.umh.es\/files\/2014\/10\/Pantano-300x269.jpg 300w, https:\/\/historiadelderecho.umh.es\/files\/2014\/10\/Pantano.jpg 425w\" sizes=\"(max-width: 300px) 100vw, 300px\" \/><\/a><span style=\"line-height: 13px\">\u00a0<\/span>El Seminario internacional\u00a0<i>El Agua en la Pen\u00ednsula Ib\u00e9rica <\/i>estar\u00e1<b><i>\u00a0<\/i><\/b>centrado en el estudio del del r\u00e9gimen jur\u00eddico, la jurisdicci\u00f3n y el desarrollo econ\u00f3mico del agua en nuestro pa\u00eds.<\/p>\n<p style=\"text-align: justify\">Se trata de una visi\u00f3n novedosa con la que se pretende realzar el car\u00e1cter de los modelos de gesti\u00f3n del agua en Espa\u00f1a a lo largo de la historia y su influencia en el desarrollo de sistemas y reg\u00edmenes jur\u00eddicos hidr\u00e1ulicos en los pa\u00edses de nuestro entorno. Para alcanzar los objetivos marcados se contar\u00e1 con la asistencia de investigadores de reconocido prestigio nacional e internacional.<\/p>\n<ul>\n<li><a href=\"https:\/\/historiadelderecho.umh.es\/actividades\/seminariosjornadas\/seminario-internacional-el-agua-en-la-peninsula-iberica\/programa-seminario-internacional-el-agua-en-la-peninsula-iberica\/\"><strong>PROGRAMA<\/strong><\/a><\/li>\n<\/ul>\n<ul>\n<li><strong><a href=\"https:\/\/historiadelderecho.umh.es\/actividades\/seminariosjornadas\/seminario-internacional-el-agua-en-la-peninsula-iberica\/seminario-internacional-el-agua-en-la-peninsula-iberica\/\">INSCRIPCI\u00d3N<\/a>\u00a0 \u00a0 \u00a0 \u00a0<\/strong><\/li>\n<\/ul>\n<p><strong>\u00a0<\/strong><strong>\u00a0<\/strong><\/p>\n<table border=\"1\" width=\"800\" cellspacing=\"0\" cellpadding=\"0\">\n<tbody>\n<tr>\n<td valign=\"top\" width=\"250\"><strong>Organiza:<\/strong><\/p>\n<p>C\u00e1tedra de Historia del Derecho y de las Instituciones<\/p>\n<p>Dpto. Ciencia Jur\u00eddica<\/p>\n<p>Universidad Miguel Hern\u00e1ndez de Elche<\/td>\n<td valign=\"top\"><strong>Patrocina:<\/strong><\/p>\n<p><a href=\"https:\/\/historiadelderecho.umh.es\/files\/2014\/10\/generalitat-valenciana2.jpg\"><img loading=\"lazy\" class=\"alignright wp-image-367\" src=\"https:\/\/historiadelderecho.umh.es\/files\/2014\/10\/generalitat-valenciana2-300x146.jpg\" alt=\"generalitat-valenciana2\" width=\"250\" height=\"102\" \/><\/a><\/td>\n<td valign=\"top\" width=\"250\"><strong>Colabora:<\/strong><\/p>\n<p>Dpto. Estudios Hist\u00f3rico Jur\u00eddicos<\/p>\n<p>Instituto Univ. del Agua y Ciencias Ambientales<\/p>\n<p>Universidad de Alicante<\/td>\n<\/tr>\n<\/tbody>\n<\/table>\n<p>[\/et_pb_text][\/et_pb_column][\/et_pb_row][\/et_pb_section]<\/p>\n","protected":false},"excerpt":{"rendered":"<p>\u00a0El Seminario internacional\u00a0El Agua en la Pen\u00ednsula Ib\u00e9rica estar\u00e1\u00a0centrado en el estudio del del r\u00e9gimen jur\u00eddico, la jurisdicci\u00f3n y el desarrollo econ\u00f3mico del agua en nuestro pa\u00eds. Se trata de una visi\u00f3n novedosa con la que se pretende realzar el car\u00e1cter de los modelos de gesti\u00f3n del agua en Espa\u00f1a a lo largo de la [&hellip;]<\/p>\n","protected":false},"author":50,"featured_media":0,"parent":24,"menu_order":0,"comment_status":"closed","ping_status":"closed","template":"","meta":{"_et_pb_use_builder":"on","_et_pb_old_content":"<p style=\"text-align: justify;\"><a href=\"https:\/\/historiadelderecho.umh.es\/actividades\/seminariosjornadas\/seminario-internacional-el-agua-en-la-peninsula-iberica\/\"><img class=\"alignleft size-medium wp-image-370\" src=\"https:\/\/historiadelderecho.umh.es\/files\/2014\/10\/Pantano-300x269.jpg\" alt=\"Pantano\" width=\"300\" height=\"269\" \/><\/a><span style=\"line-height: 13px;\">\u00a0<\/span>El Seminario internacional\u00a0<i>El Agua en la Pen\u00ednsula Ib\u00e9rica <\/i>estar\u00e1<b><i>\u00a0<\/i><\/b>centrado en el estudio del del r\u00e9gimen jur\u00eddico, la jurisdicci\u00f3n y el desarrollo econ\u00f3mico del agua en nuestro pa\u00eds.<\/p><p style=\"text-align: justify;\">Se trata de una visi\u00f3n novedosa con la que se pretende realzar el car\u00e1cter de los modelos de gesti\u00f3n del agua en Espa\u00f1a a lo largo de la historia y su influencia en el desarrollo de sistemas y reg\u00edmenes jur\u00eddicos hidr\u00e1ulicos en los pa\u00edses de nuestro entorno. Para alcanzar los objetivos marcados se contar\u00e1 con la asistencia de investigadores de reconocido prestigio nacional e internacional.<\/p><ul><li><a href=\"https:\/\/historiadelderecho.umh.es\/actividades\/seminariosjornadas\/seminario-internacional-el-agua-en-la-peninsula-iberica\/programa-seminario-internacional-el-agua-en-la-peninsula-iberica\/\"><strong>PROGRAMA<\/strong><\/a><\/li><\/ul><ul><li><strong><a href=\"https:\/\/historiadelderecho.umh.es\/actividades\/seminariosjornadas\/seminario-internacional-el-agua-en-la-peninsula-iberica\/seminario-internacional-el-agua-en-la-peninsula-iberica\/\">INSCRIPCI\u00d3N<\/a>\u00a0 \u00a0 \u00a0 \u00a0<\/strong><\/li><\/ul><p><strong>\u00a0<\/strong><strong>\u00a0<\/strong><\/p><table border=\"1\" width=\"800\" cellspacing=\"0\" cellpadding=\"0\"><tbody><tr><td valign=\"top\" width=\"250\"><p><strong>Organiza:<\/strong><\/p><p>C\u00e1tedra de Historia del Derecho y de las Instituciones<\/p><p>Dpto. Ciencia Jur\u00eddica<\/p><p>Universidad Miguel Hern\u00e1ndez de Elche<\/p><\/td><td valign=\"top\"><p><strong>Patrocina:<\/strong><\/p><p><a href=\"https:\/\/historiadelderecho.umh.es\/files\/2014\/10\/generalitat-valenciana2.jpg\"><img class=\"alignright wp-image-367\" src=\"https:\/\/historiadelderecho.umh.es\/files\/2014\/10\/generalitat-valenciana2-300x146.jpg\" alt=\"generalitat-valenciana2\" width=\"250\" height=\"102\" \/><\/a><\/p><\/td><td valign=\"top\" width=\"250\"><p><strong>Colabora:<\/strong><\/p><p>Dpto. Estudios Hist\u00f3rico Jur\u00eddicos<\/p><p>Instituto Univ. del Agua y Ciencias Ambientales<\/p><p>Universidad de Alicante<\/p><\/td><\/tr><\/tbody><\/table>","_et_gb_content_width":"","_links_to":"","_links_to_target":""},"_links":{"self":[{"href":"https:\/\/historiadelderecho.umh.es\/en\/wp-json\/wp\/v2\/pages\/362"}],"collection":[{"href":"https:\/\/historiadelderecho.umh.es\/en\/wp-json\/wp\/v2\/pages"}],"about":[{"href":"https:\/\/historiadelderecho.umh.es\/en\/wp-json\/wp\/v2\/types\/page"}],"author":[{"embeddable":true,"href":"https:\/\/historiadelderecho.umh.es\/en\/wp-json\/wp\/v2\/users\/50"}],"replies":[{"embeddable":true,"href":"https:\/\/historiadelderecho.umh.es\/en\/wp-json\/wp\/v2\/comments?post=362"}],"version-history":[{"count":0,"href":"https:\/\/historiadelderecho.umh.es\/en\/wp-json\/wp\/v2\/pages\/362\/revisions"}],"up":[{"embeddable":true,"href":"https:\/\/historiadelderecho.umh.es\/en\/wp-json\/wp\/v2\/pages\/24"}],"wp:attachment":[{"href":"https:\/\/historiadelderecho.umh.es\/en\/wp-json\/wp\/v2\/media?parent=362"}],"curies":[{"name":"wp","href":"https:\/\/api.w.org\/{rel}","templated":true}]}}