{"id":61,"date":"2013-03-05T22:37:23","date_gmt":"2013-03-05T21:37:23","guid":{"rendered":"http:\/\/historiadelderecho.zeus.umh.es\/directorio\/jose-antonio-perez-juan\/"},"modified":"2021-12-10T10:28:42","modified_gmt":"2021-12-10T09:28:42","slug":"jose-antonio-perez-juan","status":"publish","type":"page","link":"https:\/\/historiadelderecho.umh.es\/en\/directorio\/jose-antonio-perez-juan\/","title":{"rendered":"Jos\u00e9 Antonio P\u00e9rez Juan"},"content":{"rendered":"<p>[et_pb_section fb_built=&#8221;1&#8243; _builder_version=&#8221;3.22&#8243;][et_pb_row _builder_version=&#8221;3.25&#8243; background_size=&#8221;initial&#8221; background_position=&#8221;top_left&#8221; background_repeat=&#8221;repeat&#8221;][et_pb_column type=&#8221;4_4&#8243; _builder_version=&#8221;3.25&#8243; custom_padding=&#8221;|||&#8221; custom_padding__hover=&#8221;|||&#8221;][et_pb_text _builder_version=&#8221;3.27.4&#8243; background_size=&#8221;initial&#8221; background_position=&#8221;top_left&#8221; background_repeat=&#8221;repeat&#8221;]<strong><a href=\"https:\/\/historiadelderecho.umh.es\/files\/2014\/04\/JAPJ.jpg\"><img loading=\"lazy\" class=\"alignleft size-thumbnail wp-image-336\" src=\"https:\/\/historiadelderecho.umh.es\/files\/2014\/04\/JAPJ-150x150.jpg\" alt=\"JAPJ\" width=\"150\" height=\"150\" \/><\/a><\/strong><strong>Prof. Dr. Jos\u00e9 Antonio P\u00e9rez Juan<\/strong><\/p>\n<p>Catedr\u00e1tico de Historia del Derecho y de las Instituciones<\/p>\n<p>Tlfno. 96665 85 51<\/p>\n<p>E-mail: <a href=\"mailto:r.gomez@umh.es\">jperezjuan@umh.es<\/a><\/p>\n<p>Despacho: 2.1 Edif. Torrevaillo \u2013 Campus de Elche<\/p>\n<p><strong>Titulaci\u00f3n:<\/strong> Licenciado en Derecho. Universidad de Alicante<\/p>\n<p><strong>Doctorado:<\/strong> Doctor en Derecho. Universidad\u00a0Miguel Hern\u00e1ndez de Elche<\/p>\n<p style=\"text-align: left\"><em><a href=\"http:\/\/hdl.handle.net\/11000\/1017\">La Diputaci\u00f3n provincial de Alicante 1812-1874<\/a> (<\/em>2003)<\/p>\n<p style=\"text-align: left\">Premio extraordinario de doctorado<\/p>\n<p><strong>L\u00edneas de investigaci\u00f3n: <\/strong>Administraci\u00f3n territorial;\u00a0 Justicia popular; Derechos y libertades.<\/p>\n<p><strong>Publicaciones relevantes:<\/strong><\/p>\n<p style=\"text-align: justify\">\u2022\u00a0P\u00c9REZ JUAN, J.A., &#8220;Prozess wegen aufr\u00fchrerischer Handlungen in der Anfangszeit des Liberalen Spaniens&#8221;, en <em>Justizreform im B\u00fcrgerlichen Zeitalter. Rechtsentwicklungen in Spanien und Deutsland<\/em>, 2013.<\/p>\n<p style=\"text-align: justify\">\u2022\u00a0P\u00c9REZ JUAN, J.A., <a href=\"http:\/\/www.udg.edu\/portals\/156\/articles\/P%C3%89REZ%20JUAN%20Los%20Diputados%20ante%20la%20Justicia%201820-1823.pdf\">&#8220;Los diputados ante la Justicia (1820-1823)&#8221;<\/a>, en\u00a0 <em>Las Cortes de C\u00e1diz y la<\/em> <em>Historia Parlamentaria<\/em>, 2012.<\/p>\n<p style=\"text-align: justify\">\u2022\u00a0P\u00c9REZ JUAN, J.A.,\u00a0<em>\u201c<\/em><a href=\"http:\/\/www.udg.edu\/portals\/156\/articles\/PEREZ%20JUAN%20Legal%20Framework%20for%20the%20Jury.PDF\">Legal Framework for the Jury in the firts spanish constitutionalism<\/a>\u201d en <em>Vom diener des F\u00fcrsten zum Diener des Rechts, <\/em>2011.<\/p>\n<p style=\"text-align: justify\">\u2022\u00a0P\u00c9REZ JUAN, J.A., &#8220;Los procesos de imprenta en las Cortes de C\u00e1diz&#8221; en <em>Cortes y Constituci\u00f3n 200 a\u00f1os<\/em>, vol. II, 2011, p\u00e1gs. \u00a0230-246.<\/p>\n<p style=\"text-align: justify\">\u2022\u00a0P\u00c9REZ JUAN, J.A.,\u00a0&#8220;<a href=\"http:\/\/www.udg.edu\/portals\/156\/articles\/PEREZ%20JUAN%20Notas%20sobre%20el%20Tribunal%20de%20Cortes.pdf\">Notas sobre el Tribunal del Cortes en el Trienio Liberal<\/a>&#8220;, en <em>Reflexiones sobre la Justicia en Europa durante la primera mitad del s.XIX<\/em>, 2010.<\/p>\n<p style=\"text-align: justify\">\u2022\u00a0P\u00c9REZ JUAN, J.A., &#8220;<a href=\"http:\/\/www.udg.edu\/portals\/156\/articles\/article_1155.pdf\">Un proceso electoral en plena guerra de la independencia<\/a>&#8220;, en <em>La guerra de la independencia, una visi\u00f3n militar<\/em>,Vol. II, 2009, p\u00e1gs. 203-210.<\/p>\n<p style=\"text-align: justify\">\u2022\u00a0P\u00c9REZ JUAN, J.A.,\u00a0<em>El Ministerio de Comercio, Instrucci\u00f3n y Obras P\u00fablicas (1847-1851)<\/em>, Madrid, 2008.<\/p>\n<p style=\"text-align: justify\">\u2022 P\u00c9REZ JUAN, J.A., &#8220;La aplicaci\u00f3n de la ley de imprenta de 15 de marzo de 1837&#8221; en\u00a0<em>Anuario de Historia del Derecho y de las Instituciones<\/em>, n\u00fam. 76 \u00a0(2006),\u00a0pp. 667-704.<\/p>\n<p style=\"text-align: justify\">\u2022\u00a0P\u00c9REZ JUAN, J.A., <em>Centralismo y descentralizaci\u00f3n. Organizaci\u00f3n y modelos territoriales en Alicante<\/em>, 2005.<\/p>\n<p style=\"text-align: justify\"><strong><a href=\"http:\/\/jperezjuan.edu.umh.es\/\">Acceso al blog personal<\/a><\/strong><\/p>\n<p style=\"text-align: justify\">\n<p>[\/et_pb_text][\/et_pb_column][\/et_pb_row][\/et_pb_section]<\/p>\n","protected":false},"excerpt":{"rendered":"<p>Prof. Dr. Jos\u00e9 Antonio P\u00e9rez Juan Catedr\u00e1tico de Historia del Derecho y de las Instituciones Tlfno. 96665 85 51 E-mail: jperezjuan@umh.es Despacho: 2.1 Edif. Torrevaillo \u2013 Campus de Elche Titulaci\u00f3n: Licenciado en Derecho. Universidad de Alicante Doctorado: Doctor en Derecho. Universidad\u00a0Miguel Hern\u00e1ndez de Elche La Diputaci\u00f3n provincial de Alicante 1812-1874 (2003) Premio extraordinario de doctorado [&hellip;]<\/p>\n","protected":false},"author":50,"featured_media":0,"parent":55,"menu_order":0,"comment_status":"closed","ping_status":"closed","template":"","meta":{"_et_pb_use_builder":"on","_et_pb_old_content":"<p><strong><a href=\"https:\/\/historiadelderecho.umh.es\/files\/2014\/04\/JAPJ.jpg\"><img class=\"alignleft size-thumbnail wp-image-336\" src=\"https:\/\/historiadelderecho.umh.es\/files\/2014\/04\/JAPJ-150x150.jpg\" alt=\"JAPJ\" width=\"150\" height=\"150\" \/><\/a><\/strong><strong>Prof. Dr. Jos\u00e9 Antonio P\u00e9rez Juan<\/strong><\/p><p>Catedr\u00e1tico de Historia del Derecho y de las Instituciones<\/p><p>Tlfno. 96665 85 51<\/p><p>E-mail: <a href=\"mailto:r.gomez@umh.es\">jperezjuan@umh.es<\/a><\/p><p>Despacho: 2.1 Edif. Torrevaillo \u2013 Campus de Elche<\/p><p><strong>Titulaci\u00f3n:<\/strong> Licenciado en Derecho. Universidad de Alicante<\/p><p><strong>Doctorado:<\/strong> Doctor en Derecho. Universidad\u00a0Miguel Hern\u00e1ndez de Elche<\/p><p style=\"text-align: left;\"><em><a href=\"http:\/\/hdl.handle.net\/11000\/1017\">La Diputaci\u00f3n provincial de Alicante 1812-1874<\/a> (<\/em>2003)<\/p><p style=\"text-align: left;\">Premio extraordinario de doctorado<\/p><p><strong>L\u00edneas de investigaci\u00f3n: <\/strong>Administraci\u00f3n territorial;\u00a0 Justicia popular; Derechos y libertades.<\/p><p><strong>Publicaciones relevantes:<\/strong><\/p><p style=\"text-align: justify;\">\u2022\u00a0P\u00c9REZ JUAN, J.A., \"Prozess wegen aufr\u00fchrerischer Handlungen in der Anfangszeit des Liberalen Spaniens\", en <em>Justizreform im B\u00fcrgerlichen Zeitalter. Rechtsentwicklungen in Spanien und Deutsland<\/em>, 2013.<\/p><p style=\"text-align: justify;\">\u2022\u00a0P\u00c9REZ JUAN, J.A., <a href=\"http:\/\/www.udg.edu\/portals\/156\/articles\/P%C3%89REZ%20JUAN%20Los%20Diputados%20ante%20la%20Justicia%201820-1823.pdf\">\"Los diputados ante la Justicia (1820-1823)\"<\/a>, en\u00a0 <em>Las Cortes de C\u00e1diz y la<\/em> <em>Historia Parlamentaria<\/em>, 2012.<\/p><p style=\"text-align: justify;\">\u2022\u00a0P\u00c9REZ JUAN, J.A.,\u00a0<em>\u201c<\/em><a href=\"http:\/\/www.udg.edu\/portals\/156\/articles\/PEREZ%20JUAN%20Legal%20Framework%20for%20the%20Jury.PDF\">Legal Framework for the Jury in the firts spanish constitutionalism<\/a>\u201d en <em>Vom diener des F\u00fcrsten zum Diener des Rechts, <\/em>2011.<\/p><p style=\"text-align: justify;\">\u2022\u00a0P\u00c9REZ JUAN, J.A., \"Los procesos de imprenta en las Cortes de C\u00e1diz\" en <em>Cortes y Constituci\u00f3n 200 a\u00f1os<\/em>, vol. II, 2011, p\u00e1gs. \u00a0230-246.<\/p><p style=\"text-align: justify;\">\u2022\u00a0P\u00c9REZ JUAN, J.A.,\u00a0\"<a href=\"http:\/\/www.udg.edu\/portals\/156\/articles\/PEREZ%20JUAN%20Notas%20sobre%20el%20Tribunal%20de%20Cortes.pdf\">Notas sobre el Tribunal del Cortes en el Trienio Liberal<\/a>\", en <em>Reflexiones sobre la Justicia en Europa durante la primera mitad del s.XIX<\/em>, 2010.<\/p><p style=\"text-align: justify;\">\u2022\u00a0P\u00c9REZ JUAN, J.A., \"<a href=\"http:\/\/www.udg.edu\/portals\/156\/articles\/article_1155.pdf\">Un proceso electoral en plena guerra de la independencia<\/a>\", en <em>La guerra de la independencia, una visi\u00f3n militar<\/em>,Vol. II, 2009, p\u00e1gs. 203-210.<\/p><p style=\"text-align: justify;\">\u2022\u00a0P\u00c9REZ JUAN, J.A.,\u00a0<em>El Ministerio de Comercio, Instrucci\u00f3n y Obras P\u00fablicas (1847-1851)<\/em>, Madrid, 2008.<\/p><p style=\"text-align: justify;\">\u2022 P\u00c9REZ JUAN, J.A., \"La aplicaci\u00f3n de la ley de imprenta de 15 de marzo de 1837\" en\u00a0<em>Anuario de Historia del Derecho y de las Instituciones<\/em>, n\u00fam. 76 \u00a0(2006),\u00a0pp. 667-704.<\/p><p style=\"text-align: justify;\">\u2022\u00a0P\u00c9REZ JUAN, J.A., <em>Centralismo y descentralizaci\u00f3n. Organizaci\u00f3n y modelos territoriales en Alicante<\/em>, 2005.<\/p><p style=\"text-align: justify;\"><strong><a href=\"http:\/\/jperezjuan.edu.umh.es\/\">Acceso al blog personal<\/a><\/strong><\/p><p style=\"text-align: justify;\">\u00a0<\/p>","_et_gb_content_width":"","_links_to":"","_links_to_target":""},"_links":{"self":[{"href":"https:\/\/historiadelderecho.umh.es\/en\/wp-json\/wp\/v2\/pages\/61"}],"collection":[{"href":"https:\/\/historiadelderecho.umh.es\/en\/wp-json\/wp\/v2\/pages"}],"about":[{"href":"https:\/\/historiadelderecho.umh.es\/en\/wp-json\/wp\/v2\/types\/page"}],"author":[{"embeddable":true,"href":"https:\/\/historiadelderecho.umh.es\/en\/wp-json\/wp\/v2\/users\/50"}],"replies":[{"embeddable":true,"href":"https:\/\/historiadelderecho.umh.es\/en\/wp-json\/wp\/v2\/comments?post=61"}],"version-history":[{"count":0,"href":"https:\/\/historiadelderecho.umh.es\/en\/wp-json\/wp\/v2\/pages\/61\/revisions"}],"up":[{"embeddable":true,"href":"https:\/\/historiadelderecho.umh.es\/en\/wp-json\/wp\/v2\/pages\/55"}],"wp:attachment":[{"href":"https:\/\/historiadelderecho.umh.es\/en\/wp-json\/wp\/v2\/media?parent=61"}],"curies":[{"name":"wp","href":"https:\/\/api.w.org\/{rel}","templated":true}]}}