{"id":620,"date":"2017-10-06T13:06:07","date_gmt":"2017-10-06T11:06:07","guid":{"rendered":"https:\/\/historiadelderecho.umh.es\/?page_id=620"},"modified":"2021-12-11T10:01:23","modified_gmt":"2021-12-11T09:01:23","slug":"la-monarquia-como-forma-historica-en-la-constitucion-de-1978","status":"publish","type":"page","link":"https:\/\/historiadelderecho.umh.es\/en\/actividades\/charlas-conferencias\/la-monarquia-como-forma-historica-en-la-constitucion-de-1978\/","title":{"rendered":"La Monarqu\u00eda como forma hist\u00f3rica en la Constituci\u00f3n de 1978"},"content":{"rendered":"<p>[et_pb_section fb_built=&#8221;1&#8243; _builder_version=&#8221;3.22&#8243;][et_pb_row _builder_version=&#8221;3.25&#8243; background_size=&#8221;initial&#8221; background_position=&#8221;top_left&#8221; background_repeat=&#8221;repeat&#8221;][et_pb_column type=&#8221;4_4&#8243; _builder_version=&#8221;3.25&#8243; custom_padding=&#8221;|||&#8221; custom_padding__hover=&#8221;|||&#8221;][et_pb_text _builder_version=&#8221;3.27.4&#8243; background_size=&#8221;initial&#8221; background_position=&#8221;top_left&#8221; background_repeat=&#8221;repeat&#8221;]<a href=\"https:\/\/historiadelderecho.umh.es\/files\/2017\/10\/Cartel-1.jpg\"><img loading=\"lazy\" class=\"wp-image-635 alignleft\" src=\"https:\/\/historiadelderecho.umh.es\/files\/2017\/10\/Cartel-1-791x1024.jpg\" alt=\"\" width=\"338\" height=\"437\" srcset=\"https:\/\/historiadelderecho.umh.es\/files\/2017\/10\/Cartel-1-791x1024.jpg 791w, https:\/\/historiadelderecho.umh.es\/files\/2017\/10\/Cartel-1-232x300.jpg 232w, https:\/\/historiadelderecho.umh.es\/files\/2017\/10\/Cartel-1-768x994.jpg 768w, https:\/\/historiadelderecho.umh.es\/files\/2017\/10\/Cartel-1.jpg 1275w\" sizes=\"(max-width: 338px) 100vw, 338px\" \/><\/a><\/p>\n<p><span style=\"color: #ffffff\">a<\/span><\/p>\n<p style=\"text-align: justify\">El \u00c1rea de Historia del Derecho y de las Instituciones ha organizado la conferencia\u00a0<em>&#8220;La Monarqu\u00eda como forma hist\u00f3rica en la Constituci\u00f3n de 1978&#8221;\u00a0<\/em>que impartir\u00e1 el Prof. Dr. Juan Carlos Dom\u00ednguez Nafr\u00eda el lunes, 30 de octubre de 2017 a las 11:30 h de la ma\u00f1ana, en el aula 0.3 del edificio Altabix, sito en el Campus de Elche.<\/p>\n<p style=\"text-align: justify\">El profesor Dom\u00ednguez Nafr\u00eda es catedr\u00e1tico de Historia del Derecho y de las Instituciones. Desde 1984, ejerce, de forma ininterrumpida, su labor docente en la Universidad CEU San Pablo, en la que ocup\u00f3 el cargo de Rector hasta 2015.<\/p>\n<p style=\"text-align: justify\">Es de rese\u00f1ar su dilatada actividad investigadora. Autor de innumerables publicaciones, le han sido otorgados numerosas distinciones, entre las que se encuentra el Premio Nacional de Historia de Espa\u00f1a 2008\u00a0 por su participaci\u00f3n el el libro <em>El Rey. Historia de la Monarqu\u00eda<\/em>, con los cap\u00edtulos \u201cEl rey como jefe supremo de las Fuerzas Armadas en la monarqu\u00eda parlamentaria\u201d y \u201cEl rey y el alto patronazgo sobre las reales academias\u201d. Adem\u00e1s, en 2012 fue elegido Acad\u00e9mico de N\u00famero de la Real Academia de Jurisprudencia y Legislaci\u00f3n, para ocupar la vacante de la Medalla n\u00famero 8.<\/p>\n<p>La asistencia es limitada al aforo de la sala. Ser\u00e1 necesario inscribirse en el siguiente <strong><a href=\"https:\/\/goo.gl\/forms\/kudBKwNCPYUFvluG3\">FORMULARIO<\/a><\/strong><\/p>\n<p><div id=\"attachment_477\" style=\"width: 217px\" class=\"wp-caption alignleft\"><a href=\"https:\/\/historiadelderecho.umh.es\/files\/2017\/10\/20171030_1139510.jpg\"><img aria-describedby=\"caption-attachment-477\" loading=\"lazy\" class=\"alignleft wp-image-521\" src=\"https:\/\/historiadelderecho.umh.es\/files\/2017\/10\/20171030_1139510.jpg\" alt=\"\" width=\"207\" height=\"155\" \/><\/a><p id=\"caption-attachment-477\" class=\"wp-caption-text\">El profesor Dominguez Nafr\u00eda durante su ponencia en el Campus de Elche<\/p><\/div><br \/>\n[\/et_pb_text][\/et_pb_column][\/et_pb_row][\/et_pb_section]<\/p>\n","protected":false},"excerpt":{"rendered":"<p>a El \u00c1rea de Historia del Derecho y de las Instituciones ha organizado la conferencia\u00a0&#8220;La Monarqu\u00eda como forma hist\u00f3rica en la Constituci\u00f3n de 1978&#8221;\u00a0que impartir\u00e1 el Prof. Dr. Juan Carlos Dom\u00ednguez Nafr\u00eda el lunes, 30 de octubre de 2017 a las 11:30 h de la ma\u00f1ana, en el aula 0.3 del edificio Altabix, sito en [&hellip;]<\/p>\n","protected":false},"author":3004,"featured_media":0,"parent":25,"menu_order":0,"comment_status":"closed","ping_status":"closed","template":"","meta":{"_et_pb_use_builder":"on","_et_pb_old_content":"<p><a href=\"https:\/\/historiadelderecho.umh.es\/files\/2017\/10\/Cartel-1.jpg\"><img class=\"wp-image-635 alignleft\" src=\"https:\/\/historiadelderecho.umh.es\/files\/2017\/10\/Cartel-1-791x1024.jpg\" alt=\"\" width=\"338\" height=\"437\" \/><\/a><\/p><p><span style=\"color: #ffffff;\">a<\/span><\/p><p style=\"text-align: justify;\">El \u00c1rea de Historia del Derecho y de las Instituciones ha organizado la conferencia\u00a0<em>\"La Monarqu\u00eda como forma hist\u00f3rica en la Constituci\u00f3n de 1978\"\u00a0<\/em>que impartir\u00e1 el Prof. Dr. Juan Carlos Dom\u00ednguez Nafr\u00eda el lunes, 30 de octubre de 2017 a las 11:30 h de la ma\u00f1ana, en el aula 0.3 del edificio Altabix, sito en el Campus de Elche.<\/p><p style=\"text-align: justify;\">El profesor Dom\u00ednguez Nafr\u00eda es catedr\u00e1tico de Historia del Derecho y de las Instituciones. Desde 1984, ejerce, de forma ininterrumpida, su labor docente en la Universidad CEU San Pablo, en la que ocup\u00f3 el cargo de Rector hasta 2015.<\/p><p style=\"text-align: justify;\">Es de rese\u00f1ar su dilatada actividad investigadora. Autor de innumerables publicaciones, le han sido otorgados numerosas distinciones, entre las que se encuentra el Premio Nacional de Historia de Espa\u00f1a 2008\u00a0 por su participaci\u00f3n el el libro <em>El Rey. Historia de la Monarqu\u00eda<\/em>, con los cap\u00edtulos \u201cEl rey como jefe supremo de las Fuerzas Armadas en la monarqu\u00eda parlamentaria\u201d y \u201cEl rey y el alto patronazgo sobre las reales academias\u201d. Adem\u00e1s, en 2012 fue elegido Acad\u00e9mico de N\u00famero de la Real Academia de Jurisprudencia y Legislaci\u00f3n, para ocupar la vacante de la Medalla n\u00famero 8.<\/p><p>La asistencia es limitada al aforo de la sala. Ser\u00e1 necesario inscribirse en el siguiente <strong><a href=\"https:\/\/goo.gl\/forms\/kudBKwNCPYUFvluG3\">FORMULARIO<\/a><\/strong><\/p>[caption id=\"attachment_477\" align=\"alignleft\" width=\"207\"]<a href=\"https:\/\/historiadelderecho.umh.es\/files\/2017\/10\/20171030_1139510.jpg\"><img class=\"alignleft wp-image-521\" src=\"https:\/\/historiadelderecho.umh.es\/files\/2017\/10\/20171030_1139510.jpg\" alt=\"\" width=\"207\" height=\"155\" \/><\/a> El profesor Dominguez Nafr\u00eda durante su ponencia en el Campus de Elche[\/caption]","_et_gb_content_width":"","_links_to":"","_links_to_target":""},"_links":{"self":[{"href":"https:\/\/historiadelderecho.umh.es\/en\/wp-json\/wp\/v2\/pages\/620"}],"collection":[{"href":"https:\/\/historiadelderecho.umh.es\/en\/wp-json\/wp\/v2\/pages"}],"about":[{"href":"https:\/\/historiadelderecho.umh.es\/en\/wp-json\/wp\/v2\/types\/page"}],"author":[{"embeddable":true,"href":"https:\/\/historiadelderecho.umh.es\/en\/wp-json\/wp\/v2\/users\/3004"}],"replies":[{"embeddable":true,"href":"https:\/\/historiadelderecho.umh.es\/en\/wp-json\/wp\/v2\/comments?post=620"}],"version-history":[{"count":0,"href":"https:\/\/historiadelderecho.umh.es\/en\/wp-json\/wp\/v2\/pages\/620\/revisions"}],"up":[{"embeddable":true,"href":"https:\/\/historiadelderecho.umh.es\/en\/wp-json\/wp\/v2\/pages\/25"}],"wp:attachment":[{"href":"https:\/\/historiadelderecho.umh.es\/en\/wp-json\/wp\/v2\/media?parent=620"}],"curies":[{"name":"wp","href":"https:\/\/api.w.org\/{rel}","templated":true}]}}