{"id":770,"date":"2017-11-28T12:13:43","date_gmt":"2017-11-28T11:13:43","guid":{"rendered":"http:\/\/historiadelderecho.umh.es\/?page_id=770"},"modified":"2021-12-16T09:55:19","modified_gmt":"2021-12-16T08:55:19","slug":"el-consejo-de-estado-en-el-trienio-liberal","status":"publish","type":"page","link":"https:\/\/historiadelderecho.umh.es\/en\/investigacion\/proyectos\/el-consejo-de-estado-en-el-trienio-liberal\/","title":{"rendered":"El Consejo de Estado en el Trienio Liberal"},"content":{"rendered":"<p>[et_pb_section fb_built=&#8221;1&#8243; _builder_version=&#8221;3.22&#8243;][et_pb_row _builder_version=&#8221;3.25&#8243; background_size=&#8221;initial&#8221; background_position=&#8221;top_left&#8221; background_repeat=&#8221;repeat&#8221;][et_pb_column type=&#8221;4_4&#8243; _builder_version=&#8221;3.25&#8243; custom_padding=&#8221;|||&#8221; custom_padding__hover=&#8221;|||&#8221;][et_pb_text _builder_version=&#8221;3.27.4&#8243; background_size=&#8221;initial&#8221; background_position=&#8221;top_left&#8221; background_repeat=&#8221;repeat&#8221;]<\/p>\n<p><strong>Investigadores principales<\/strong>: Prof. Dr. Ricardo G\u00f3mez Rivero y Prof. Dr. Jos\u00e9 Antonio P\u00e9rez Juan<\/p>\n<p>Ministerio de Ciencia e Innovaci\u00f3n DER 2014-58874-P<\/p>\n<p>Vigencia: 2014-2017<\/p>\n<p><strong>Equipo de investigadores<\/strong>:<\/p>\n<ul>\n<li><a href=\"https:\/\/historiadelderecho.umh.es\/directorio\/jose-antonio-perez-juan\/\">Prof. Dr. Jos\u00e9 Antonio P\u00e9rez Juan<\/a><\/li>\n<\/ul>\n<p>Historia del Derecho y de las Instituciones, Universidad Miguel Hern\u00e1ndez de Elche.<\/p>\n<ul>\n<li>Prof. Dr. Miguel Angel Esteve<\/li>\n<\/ul>\n<p>Historia del Derecho y de las Instituciones, Universidad Miguel Hern\u00e1ndez de Elche.<\/p>\n<ul>\n<li>Prof. D\u00f1a. Sara Moreno Tejada<\/li>\n<\/ul>\n<p>Historia del Derecho y de las Instituciones, Universidad Miguel Hern\u00e1ndez de Elche.<\/p>\n<p><strong>Resumen y objetivos<\/strong>:<\/p>\n<p style=\"text-align: justify\">Con la presente investigaci\u00f3n pretendemos analizar la praxis administrativa del Consejo de Estado durante el Trienio Liberal, tema\u00a0 ignoto entre la comunidad cient\u00edfica y que constituye, sin duda,\u00a0 una importante laguna cient\u00edfica en la Historia de las instituciones de nuestro pa\u00eds. La base principal de este trabajo se centra en el estudio de las actas y consultas del Consejo de Estado en asuntos de su competencia. Se trata de documentaci\u00f3n in\u00e9dita en su casi totalidad custodiada en diversos archivos nacionales. En cuanto a los objetivos a alcanzar son los siguientes:<\/p>\n<p style=\"text-align: justify\">\u00a0\u00a0\u00a0\u00a0\u00a0 1.- Estudiar las ternas de las Cortes para los puestos de consejero de Estado.<\/p>\n<p style=\"text-align: justify\">\u00a0\u00a0\u00a0\u00a0\u00a0 2.- Analizar la actividad desarrollada por el \u00fanico \u00f3rgano pol\u00edtico asesor del monarca en la etapa del Trienio Liberal.<\/p>\n<p style=\"text-align: justify\">\u00a0\u00a0\u00a0\u00a0\u00a0\u00a0 3.- Investigar los asuntos administrativos en los que el Consejo de Estado fue consultado.<\/p>\n<p style=\"text-align: justify\">\u00a0\u00a0\u00a0\u00a0\u00a0\u00a0 4.- Conocer el grado de vinculaci\u00f3n de las decisiones del Rey respecto a los dict\u00e1menes emitidos por el Consejo de Estado.<\/p>\n<p>[\/et_pb_text][\/et_pb_column][\/et_pb_row][\/et_pb_section]<\/p>\n","protected":false},"excerpt":{"rendered":"<p>Investigadores principales: Prof. Dr. Ricardo G\u00f3mez Rivero y Prof. Dr. Jos\u00e9 Antonio P\u00e9rez Juan Ministerio de Ciencia e Innovaci\u00f3n DER 2014-58874-P Vigencia: 2014-2017 Equipo de investigadores: Prof. Dr. Jos\u00e9 Antonio P\u00e9rez Juan Historia del Derecho y de las Instituciones, Universidad Miguel Hern\u00e1ndez de Elche. Prof. Dr. Miguel Angel Esteve Historia del Derecho y de las [&hellip;]<\/p>\n","protected":false},"author":50,"featured_media":0,"parent":16,"menu_order":0,"comment_status":"closed","ping_status":"closed","template":"","meta":{"_et_pb_use_builder":"on","_et_pb_old_content":"<p><strong>Investigador principal<\/strong>:\u00a0Prof. Dr. Jos\u00e9 Antonio P\u00e9rez Juan<\/p><p>Ministerio de Ciencia e Innovaci\u00f3n DER 2014-58874-P<\/p><p>Vigencia: 2014-2017<\/p><p><strong>Equipo de investigadores<\/strong>:<\/p><ul><li><a href=\"https:\/\/historiadelderecho.umh.es\/directorio\/jose-antonio-perez-juan\/\">Prof. Dr. Jos\u00e9 Antonio P\u00e9rez Juan<\/a><\/li><\/ul><p>Historia del Derecho y de las Instituciones, Universidad Miguel Hern\u00e1ndez de Elche.<\/p><ul><li>Prof. Dr. Miguel Angel Esteve<\/li><\/ul><p>Historia del Derecho y de las Instituciones, Universidad Miguel Hern\u00e1ndez de Elche.<\/p><ul><li>Prof. D\u00f1a. Sara Moreno Tejada<\/li><\/ul><p>Historia del Derecho y de las Instituciones, Universidad Miguel Hern\u00e1ndez de Elche.<\/p><p><strong>Resumen y objetivos<\/strong>:<\/p><p style=\"text-align: justify;\">Con la presente investigaci\u00f3n pretendemos analizar la praxis administrativa del Consejo de Estado durante el Trienio Liberal, tema\u00a0 ignoto entre la comunidad cient\u00edfica y que constituye, sin duda,\u00a0 una importante laguna cient\u00edfica en la Historia de las instituciones de nuestro pa\u00eds. La base principal de este trabajo se centra en el estudio de las actas y consultas del Consejo de Estado en asuntos de su competencia. Se trata de documentaci\u00f3n in\u00e9dita en su casi totalidad custodiada en diversos archivos nacionales. En cuanto a los objetivos a alcanzar son los siguientes:<\/p><p style=\"text-align: justify;\">\u00a0\u00a0\u00a0\u00a0\u00a0 1.- Estudiar las ternas de las Cortes para los puestos de consejero de Estado.<\/p><p style=\"text-align: justify;\">\u00a0\u00a0\u00a0\u00a0\u00a0 2.- Analizar la actividad desarrollada por el \u00fanico \u00f3rgano pol\u00edtico asesor del monarca en la etapa del Trienio Liberal.<\/p><p style=\"text-align: justify;\">\u00a0\u00a0\u00a0\u00a0\u00a0\u00a0 3.- Investigar los asuntos administrativos en los que el Consejo de Estado fue consultado.<\/p><p style=\"text-align: justify;\">\u00a0\u00a0\u00a0\u00a0\u00a0\u00a0 4.- Conocer el grado de vinculaci\u00f3n de las decisiones del Rey respecto a los dict\u00e1menes emitidos por el Consejo de Estado.<\/p>","_et_gb_content_width":"","_links_to":"","_links_to_target":""},"_links":{"self":[{"href":"https:\/\/historiadelderecho.umh.es\/en\/wp-json\/wp\/v2\/pages\/770"}],"collection":[{"href":"https:\/\/historiadelderecho.umh.es\/en\/wp-json\/wp\/v2\/pages"}],"about":[{"href":"https:\/\/historiadelderecho.umh.es\/en\/wp-json\/wp\/v2\/types\/page"}],"author":[{"embeddable":true,"href":"https:\/\/historiadelderecho.umh.es\/en\/wp-json\/wp\/v2\/users\/50"}],"replies":[{"embeddable":true,"href":"https:\/\/historiadelderecho.umh.es\/en\/wp-json\/wp\/v2\/comments?post=770"}],"version-history":[{"count":0,"href":"https:\/\/historiadelderecho.umh.es\/en\/wp-json\/wp\/v2\/pages\/770\/revisions"}],"up":[{"embeddable":true,"href":"https:\/\/historiadelderecho.umh.es\/en\/wp-json\/wp\/v2\/pages\/16"}],"wp:attachment":[{"href":"https:\/\/historiadelderecho.umh.es\/en\/wp-json\/wp\/v2\/media?parent=770"}],"curies":[{"name":"wp","href":"https:\/\/api.w.org\/{rel}","templated":true}]}}