{"id":914,"date":"2018-11-05T14:49:04","date_gmt":"2018-11-05T13:49:04","guid":{"rendered":"https:\/\/historiadelderecho.umh.es\/?page_id=914"},"modified":"2021-12-11T09:57:46","modified_gmt":"2021-12-11T08:57:46","slug":"la-guerra-del-ifni-la-guerra-olvidada","status":"publish","type":"page","link":"https:\/\/historiadelderecho.umh.es\/en\/actividades\/charlas-conferencias\/la-guerra-del-ifni-la-guerra-olvidada\/","title":{"rendered":"La Guerra del Ifni. La guerra olvidada"},"content":{"rendered":"<p>[et_pb_section fb_built=&#8221;1&#8243; _builder_version=&#8221;3.22&#8243;][et_pb_row _builder_version=&#8221;3.25&#8243; background_size=&#8221;initial&#8221; background_position=&#8221;top_left&#8221; background_repeat=&#8221;repeat&#8221;][et_pb_column type=&#8221;4_4&#8243; _builder_version=&#8221;3.25&#8243; custom_padding=&#8221;|||&#8221; custom_padding__hover=&#8221;|||&#8221;][et_pb_text _builder_version=&#8221;3.27.4&#8243; background_size=&#8221;initial&#8221; background_position=&#8221;top_left&#8221; background_repeat=&#8221;repeat&#8221;]<\/p>\n<p style=\"text-align: justify\"><a href=\"https:\/\/historiadelderecho.umh.es\/files\/2018\/11\/cartel-ifni.jpg\"><img loading=\"lazy\" class=\"alignleft size-medium wp-image-932\" src=\"https:\/\/historiadelderecho.umh.es\/files\/2018\/11\/cartel-ifni-213x300.jpg\" alt=\"\" width=\"213\" height=\"300\" srcset=\"https:\/\/historiadelderecho.umh.es\/files\/2018\/11\/cartel-ifni-213x300.jpg 213w, https:\/\/historiadelderecho.umh.es\/files\/2018\/11\/cartel-ifni-768x1080.jpg 768w, https:\/\/historiadelderecho.umh.es\/files\/2018\/11\/cartel-ifni-728x1024.jpg 728w\" sizes=\"(max-width: 213px) 100vw, 213px\" \/><\/a>Tras la independencia de Marruecos en 1956, la posesi\u00f3n espa\u00f1ola de Ifni \u2013desde 1860- fue objeto de una campa\u00f1a por parte del nuevo reino para recuperar este territorio colonial de Espa\u00f1a. Los incidentes comenzaron el 10 de abril de 1957 con disturbios y alguna muerte violenta. El dictador Francisco Franco decidi\u00f3 entonces mandar dos banderas de la Legi\u00f3n. En octubre dos poblados cercanos a Sifi Ifni fueron tomados por fuerzas marroqu\u00edes. A partir de ah\u00ed, hasta febrero de 1958, tropas espa\u00f1olas con la ayuda de fuerzas francesas consiguieron mantener la posesi\u00f3n hasta que en 1969 se concedi\u00f3 la independencia. Participaron unos 9.000 soldados espa\u00f1oles, que se encontraron con un servicio militar reconvertido en guerra y con 55 muertos, un desaparecido y 74 heridos.<\/p>\n<p style=\"text-align: justify\">Esta guerra \u00a0se ha llamado siempre la guerra olvidada porque no aparece en los libros de texto y con muy pocas l\u00edneas en nuestros manuales de Historia Contempor\u00e1nea. Gracias a la colaboraci\u00f3n con la Asociaci\u00f3n de Veteranos de Ifni del Levante espa\u00f1ol se instalar\u00e1 en el Edificio Altabix de la Universidad Miguel Hern\u00e1ndez de Elche la Exposici\u00f3n La Guerra del Ifni realizada en su d\u00eda por el Museo Arqueol\u00f3gico e Hist\u00f3rico de Elche (MAHE). Esta acci\u00f3n contar\u00e1 con la participaci\u00f3n activa de veteranos de guerra quienes a trav\u00e9s de charlas y un coloquio de inauguraci\u00f3n tomar\u00e1n la palabra para explicarle a los estudiantes y p\u00fablico en general lo acaecido en el citado conflicto y como m\u00e1s de nueve 9.000 j\u00f3venes espa\u00f1oles que, en aquel momento, estaban realizando el servicio militar se vieron envueltos en una aut\u00e9ntica guerra. Contaremos con la asistencia de especialistas en la materia como Manuel Jorques Ortiz y el general de brigada Vicente Bataller.<\/p>\n<p style=\"text-align: justify\"><u>Objetivos<\/u>:<\/p>\n<p style=\"text-align: justify\">1.- Explicar a la comunidad universitaria el desarrollo de la Guerra del Ifni y las consecuencias que tuvo en la poblaci\u00f3n espa\u00f1ola de la \u00e9poca.<\/p>\n<p style=\"text-align: justify\">2.- Dar la palabra a quienes participaron en aquel conflicto y propiciar un encuentro con j\u00f3venes estudiantes de la Universidad Miguel Hern\u00e1ndez.<\/p>\n<h5><a href=\"https:\/\/historiadelderecho.umh.es\/files\/2018\/11\/diptico-ifni.pdf\">D\u00edptico Exposici\u00f3n<\/a><\/h5>\n<table border=\"1\" width=\"1174\" cellspacing=\"0\" cellpadding=\"0\" align=\"center\">\n<tbody>\n<tr>\n<td valign=\"top\" width=\"280\"><strong>Director:<\/strong><\/p>\n<p style=\"text-align: left\">Prof. Dr. Jos\u00e9 A. P\u00e9rez Juan<\/p>\n<p><strong>Comisario y coordinador:<\/strong><\/p>\n<p>Prof. Dr. Miguel Ors Montenegro<\/p>\n<p><strong>Secretaria t\u00e9cnica:<\/strong><\/p>\n<p>Prof\u00aa Dra. Sara Moreno Tejada<\/p>\n<p><a href=\"https:\/\/historiadelderecho.umh.es\/files\/2018\/10\/LOGO-UMH-FIRMA-EMAIL.jpg\"><img loading=\"lazy\" class=\"alignnone size-full wp-image-902\" src=\"https:\/\/historiadelderecho.umh.es\/files\/2018\/10\/LOGO-UMH-FIRMA-EMAIL.jpg\" alt=\"\" width=\"200\" height=\"59\" \/><\/a><\/td>\n<td valign=\"middle\"><strong>Patrocina:\u00a0 \u00a0 \u00a0 \u00a0 \u00a0 \u00a0 \u00a0 \u00a0 \u00a0 \u00a0 \u00a0 \u00a0 \u00a0 \u00a0 \u00a0 \u00a0 \u00a0 \u00a0 \u00a0 \u00a0 \u00a0 \u00a0 \u00a0 \u00a0 \u00a0 \u00a0 \u00a0 \u00a0 \u00a0 \u00a0 \u00a0 \u00a0 \u00a0 \u00a0 \u00a0 \u00a0 \u00a0 \u00a0 \u00a0 \u00a0 \u00a0 \u00a0 \u00a0 \u00a0 \u00a0 \u00a0 \u00a0 \u00a0 \u00a0 \u00a0 \u00a0 \u00a0 \u00a0 \u00a0 \u00a0 \u00a0 \u00a0 \u00a0 \u00a0 \u00a0 \u00a0 \u00a0 \u00a0 \u00a0 \u00a0 \u00a0 \u00a0 \u00a0 \u00a0 \u00a0 \u00a0 \u00a0 \u00a0 \u00a0 \u00a0 \u00a0 Colabora:<\/strong><\/p>\n<p><img loading=\"lazy\" class=\"size-medium wp-image-650 alignleft\" src=\"https:\/\/historiadelderecho.umh.es\/files\/2017\/10\/Conselleria-New-300x164.png\" alt=\"\" width=\"300\" height=\"164\" srcset=\"https:\/\/historiadelderecho.umh.es\/files\/2017\/10\/Conselleria-New-300x164.png 300w, https:\/\/historiadelderecho.umh.es\/files\/2017\/10\/Conselleria-New-768x419.png 768w, https:\/\/historiadelderecho.umh.es\/files\/2017\/10\/Conselleria-New.png 825w\" sizes=\"(max-width: 300px) 100vw, 300px\" \/><br \/>\n<img loading=\"lazy\" class=\"alignnone wp-image-662 alignright\" src=\"https:\/\/historiadelderecho.umh.es\/files\/2017\/10\/1-300x201.jpg\" alt=\"\" width=\"231\" height=\"155\" srcset=\"https:\/\/historiadelderecho.umh.es\/files\/2017\/10\/1-300x201.jpg 300w, https:\/\/historiadelderecho.umh.es\/files\/2017\/10\/1-768x515.jpg 768w, https:\/\/historiadelderecho.umh.es\/files\/2017\/10\/1-1024x687.jpg 1024w\" sizes=\"(max-width: 231px) 100vw, 231px\" \/><\/p>\n<p>Resoluci\u00f3n de 26 de febrero de 2018, de la Conselleria de Justicia, Administraci\u00f3n P\u00fablica, Reformas Democr\u00e1ticas y Libertades P\u00fablicas, por la que se convocan, para el a\u00f1o 2018, subvenciones para la realizaci\u00f3n de proyectos e iniciativas en materia de recuperaci\u00f3n de la memoria hist\u00f3rica, en aras a la promoci\u00f3n de la convivencia democr\u00e1tica, y proyectos e iniciativas que promuevan el desarrollo de derechos y libertades fundamentales,\u00a0 desarrolladas por las Universidades de la Comunitat Valenciana.<\/td>\n<\/tr>\n<\/tbody>\n<\/table>\n<p>[\/et_pb_text][\/et_pb_column][\/et_pb_row][\/et_pb_section]<\/p>\n","protected":false},"excerpt":{"rendered":"<p>Tras la independencia de Marruecos en 1956, la posesi\u00f3n espa\u00f1ola de Ifni \u2013desde 1860- fue objeto de una campa\u00f1a por parte del nuevo reino para recuperar este territorio colonial de Espa\u00f1a. Los incidentes comenzaron el 10 de abril de 1957 con disturbios y alguna muerte violenta. El dictador Francisco Franco decidi\u00f3 entonces mandar dos banderas [&hellip;]<\/p>\n","protected":false},"author":50,"featured_media":0,"parent":25,"menu_order":0,"comment_status":"closed","ping_status":"closed","template":"","meta":{"_et_pb_use_builder":"on","_et_pb_old_content":"<p style=\"text-align: justify;\"><a href=\"https:\/\/historiadelderecho.umh.es\/files\/2018\/11\/cartel-ifni.jpg\"><img class=\"alignleft size-medium wp-image-932\" src=\"https:\/\/historiadelderecho.umh.es\/files\/2018\/11\/cartel-ifni-213x300.jpg\" alt=\"\" width=\"213\" height=\"300\" \/><\/a>Tras la independencia de Marruecos en 1956, la posesi\u00f3n espa\u00f1ola de Ifni \u2013desde 1860- fue objeto de una campa\u00f1a por parte del nuevo reino para recuperar este territorio colonial de Espa\u00f1a. Los incidentes comenzaron el 10 de abril de 1957 con disturbios y alguna muerte violenta. El dictador Francisco Franco decidi\u00f3 entonces mandar dos banderas de la Legi\u00f3n. En octubre dos poblados cercanos a Sifi Ifni fueron tomados por fuerzas marroqu\u00edes. A partir de ah\u00ed, hasta febrero de 1958, tropas espa\u00f1olas con la ayuda de fuerzas francesas consiguieron mantener la posesi\u00f3n hasta que en 1969 se concedi\u00f3 la independencia. Participaron unos 9.000 soldados espa\u00f1oles, que se encontraron con un servicio militar reconvertido en guerra y con 55 muertos, un desaparecido y 74 heridos.<\/p><p style=\"text-align: justify;\">Esta guerra \u00a0se ha llamado siempre la guerra olvidada porque no aparece en los libros de texto y con muy pocas l\u00edneas en nuestros manuales de Historia Contempor\u00e1nea. Gracias a la colaboraci\u00f3n con la Asociaci\u00f3n de Veteranos de Ifni del Levante espa\u00f1ol se instalar\u00e1 en el Edificio Altabix de la Universidad Miguel Hern\u00e1ndez de Elche la Exposici\u00f3n La Guerra del Ifni realizada en su d\u00eda por el Museo Arqueol\u00f3gico e Hist\u00f3rico de Elche (MAHE). Esta acci\u00f3n contar\u00e1 con la participaci\u00f3n activa de veteranos de guerra quienes a trav\u00e9s de charlas y un coloquio de inauguraci\u00f3n tomar\u00e1n la palabra para explicarle a los estudiantes y p\u00fablico en general lo acaecido en el citado conflicto y como m\u00e1s de nueve 9.000 j\u00f3venes espa\u00f1oles que, en aquel momento, estaban realizando el servicio militar se vieron envueltos en una aut\u00e9ntica guerra. Contaremos con la asistencia de especialistas en la materia como Manuel Jorques Ortiz y el general de brigada Vicente Bataller.<\/p><p style=\"text-align: justify;\"><u>Objetivos<\/u>:<\/p><p style=\"text-align: justify;\">1.- Explicar a la comunidad universitaria el desarrollo de la Guerra del Ifni y las consecuencias que tuvo en la poblaci\u00f3n espa\u00f1ola de la \u00e9poca.<\/p><p style=\"text-align: justify;\">2.- Dar la palabra a quienes participaron en aquel conflicto y propiciar un encuentro con j\u00f3venes estudiantes de la Universidad Miguel Hern\u00e1ndez.<\/p><h5><a href=\"https:\/\/historiadelderecho.umh.es\/files\/2018\/11\/diptico-ifni.pdf\">D\u00edptico Exposici\u00f3n<\/a><\/h5><table border=\"1\" width=\"1174\" cellspacing=\"0\" cellpadding=\"0\" align=\"center\"><tbody><tr><td valign=\"top\" width=\"280\"><p><strong>Director:<\/strong><\/p><p style=\"text-align: left;\">Prof. Dr. Jos\u00e9 A. P\u00e9rez Juan<\/p><p><strong>Comisario y coordinador:<\/strong><\/p><p>Prof. Dr. Miguel Ors Montenegro<\/p><p><strong>Secretaria t\u00e9cnica:<\/strong><\/p><p>Prof\u00aa Dra. Sara Moreno Tejada<\/p><p><a href=\"https:\/\/historiadelderecho.umh.es\/files\/2018\/10\/LOGO-UMH-FIRMA-EMAIL.jpg\"><img class=\"alignnone size-full wp-image-902\" src=\"https:\/\/historiadelderecho.umh.es\/files\/2018\/10\/LOGO-UMH-FIRMA-EMAIL.jpg\" alt=\"\" width=\"200\" height=\"59\" \/><\/a><\/p><\/td><td valign=\"middle\"><p><strong>Patrocina:\u00a0 \u00a0 \u00a0 \u00a0 \u00a0 \u00a0 \u00a0 \u00a0 \u00a0 \u00a0 \u00a0 \u00a0 \u00a0 \u00a0 \u00a0 \u00a0 \u00a0 \u00a0 \u00a0 \u00a0 \u00a0 \u00a0 \u00a0 \u00a0 \u00a0 \u00a0 \u00a0 \u00a0 \u00a0 \u00a0 \u00a0 \u00a0 \u00a0 \u00a0 \u00a0 \u00a0 \u00a0 \u00a0 \u00a0 \u00a0 \u00a0 \u00a0 \u00a0 \u00a0 \u00a0 \u00a0 \u00a0 \u00a0 \u00a0 \u00a0 \u00a0 \u00a0 \u00a0 \u00a0 \u00a0 \u00a0 \u00a0 \u00a0 \u00a0 \u00a0 \u00a0 \u00a0 \u00a0 \u00a0 \u00a0 \u00a0 \u00a0 \u00a0 \u00a0 \u00a0 \u00a0 \u00a0 \u00a0 \u00a0 \u00a0 \u00a0 Colabora:<\/strong><\/p><p><img class=\"size-medium wp-image-650 alignleft\" src=\"https:\/\/historiadelderecho.umh.es\/files\/2017\/10\/Conselleria-New-300x164.png\" alt=\"\" width=\"300\" height=\"164\" \/><br \/><img class=\"alignnone wp-image-662 alignright\" src=\"https:\/\/historiadelderecho.umh.es\/files\/2017\/10\/1-300x201.jpg\" alt=\"\" width=\"231\" height=\"155\" \/><\/p><p>Resoluci\u00f3n de 26 de febrero de 2018, de la Conselleria de Justicia, Administraci\u00f3n P\u00fablica, Reformas Democr\u00e1ticas y Libertades P\u00fablicas, por la que se convocan, para el a\u00f1o 2018, subvenciones para la realizaci\u00f3n de proyectos e iniciativas en materia de recuperaci\u00f3n de la memoria hist\u00f3rica, en aras a la promoci\u00f3n de la convivencia democr\u00e1tica, y proyectos e iniciativas que promuevan el desarrollo de derechos y libertades fundamentales,\u00a0 desarrolladas por las Universidades de la Comunitat Valenciana.<\/p><\/td><\/tr><\/tbody><\/table>","_et_gb_content_width":"","_links_to":"","_links_to_target":""},"_links":{"self":[{"href":"https:\/\/historiadelderecho.umh.es\/en\/wp-json\/wp\/v2\/pages\/914"}],"collection":[{"href":"https:\/\/historiadelderecho.umh.es\/en\/wp-json\/wp\/v2\/pages"}],"about":[{"href":"https:\/\/historiadelderecho.umh.es\/en\/wp-json\/wp\/v2\/types\/page"}],"author":[{"embeddable":true,"href":"https:\/\/historiadelderecho.umh.es\/en\/wp-json\/wp\/v2\/users\/50"}],"replies":[{"embeddable":true,"href":"https:\/\/historiadelderecho.umh.es\/en\/wp-json\/wp\/v2\/comments?post=914"}],"version-history":[{"count":0,"href":"https:\/\/historiadelderecho.umh.es\/en\/wp-json\/wp\/v2\/pages\/914\/revisions"}],"up":[{"embeddable":true,"href":"https:\/\/historiadelderecho.umh.es\/en\/wp-json\/wp\/v2\/pages\/25"}],"wp:attachment":[{"href":"https:\/\/historiadelderecho.umh.es\/en\/wp-json\/wp\/v2\/media?parent=914"}],"curies":[{"name":"wp","href":"https:\/\/api.w.org\/{rel}","templated":true}]}}