{"id":974,"date":"2019-03-08T11:43:10","date_gmt":"2019-03-08T10:43:10","guid":{"rendered":"http:\/\/historiadelderecho.umh.es\/?page_id=974"},"modified":"2021-12-11T09:33:46","modified_gmt":"2021-12-11T08:33:46","slug":"seminario-internacional-justicia-y-libertades-publicas-durante-la-ii-republica-y-el-franquismo","status":"publish","type":"page","link":"https:\/\/historiadelderecho.umh.es\/en\/actividades\/seminariosjornadas\/seminario-internacional-justicia-y-libertades-publicas-durante-la-ii-republica-y-el-franquismo\/","title":{"rendered":"SEMINARIO INTERNACIONAL JUSTICIA Y LIBERTADES P\u00daBLICAS DURANTE LA II REP\u00daBLICA Y EL FRANQUISMO"},"content":{"rendered":"<p>[et_pb_section fb_built=&#8221;1&#8243; _builder_version=&#8221;3.22&#8243;][et_pb_row _builder_version=&#8221;3.25&#8243; background_size=&#8221;initial&#8221; background_position=&#8221;top_left&#8221; background_repeat=&#8221;repeat&#8221;][et_pb_column type=&#8221;4_4&#8243; _builder_version=&#8221;3.25&#8243; custom_padding=&#8221;|||&#8221; custom_padding__hover=&#8221;|||&#8221;][et_pb_text _builder_version=&#8221;3.27.4&#8243; background_size=&#8221;initial&#8221; background_position=&#8221;top_left&#8221; background_repeat=&#8221;repeat&#8221;]<a href=\"https:\/\/historiadelderecho.umh.es\/files\/2019\/03\/The-City-Council-presents1.jpg\"><img loading=\"lazy\" class=\"alignleft wp-image-977 size-medium\" src=\"https:\/\/historiadelderecho.umh.es\/files\/2019\/03\/The-City-Council-presents1-212x300.jpg\" alt=\"\" width=\"212\" height=\"300\" srcset=\"https:\/\/historiadelderecho.umh.es\/files\/2019\/03\/The-City-Council-presents1-212x300.jpg 212w, https:\/\/historiadelderecho.umh.es\/files\/2019\/03\/The-City-Council-presents1-768x1086.jpg 768w, https:\/\/historiadelderecho.umh.es\/files\/2019\/03\/The-City-Council-presents1-724x1024.jpg 724w, https:\/\/historiadelderecho.umh.es\/files\/2019\/03\/The-City-Council-presents1.jpg 1588w\" sizes=\"(max-width: 212px) 100vw, 212px\" \/><\/a><\/p>\n<table style=\"height: 300x\" border=\"1\" width=\"800\" cellspacing=\"0\" cellpadding=\"0\" align=\"center\">\n<tbody>\n<tr>\n<td style=\"text-align: justify\" valign=\"top\" width=\"280\">\n<p style=\"text-align: center\"><span style=\"text-decoration: underline\"><strong>16 de abril<\/strong><\/span><\/p>\n<p style=\"padding-left: 30px\"><em>17:15h.<\/em> <strong>Inauguraci\u00f3n<\/strong><\/p>\n<p style=\"padding-left: 30px\"><em>17:30h.<\/em> <strong>La aplicaci\u00f3n de la ley de Vagos y Maleantes en la provincia de Alicante<\/strong><br \/>\n<em>Prof. Dr. Jos\u00e9 Antonio P\u00e9rez Juan<\/em><br \/>\nUniversidad Miguel Hern\u00e1ndez de Elche<\/p>\n<p style=\"padding-left: 30px\"><em>18:30h<\/em>. Pausa caf\u00e9<\/p>\n<p style=\"padding-left: 30px\"><em>19:00h<\/em>. <strong>La ley de orden p\u00fablico y su vigencia pr\u00e1ctica.<\/strong><br \/>\n<em>Prof. Dr. Jos\u00e9 Miguel Pay\u00e1 Poveda<\/em><br \/>\nUniversidad Miguel Hern\u00e1ndez de Elche.<\/p>\n<\/td>\n<td style=\"text-align: center\" valign=\"top\" width=\"280\"><span style=\"text-decoration: underline\"><strong>17 de abril\u00a0<\/strong><\/span><\/p>\n<p style=\"text-align: justify;padding-left: 30px\"><em>10:00h. <\/em><strong>Los derechos de la mujer durante la II Rep\u00fablica y el primer Franquismo.<\/strong><br \/>\n<em>Prof. Dra. Sara Moreno Tejada<\/em><br \/>\n<em>Universidad\u00a0Miguel Hern\u00e1ndez de Elche<\/em><\/p>\n<p style=\"text-align: justify;padding-left: 30px\"><em>11:00h. Pausa-cafe<\/em><\/p>\n<p style=\"text-align: justify;padding-left: 30px\"><em>11:30h. <\/em><strong>El Tribunal de responsabilidades pol\u00edticas 1942-1945<\/strong><br \/>\n<em>Prof. Dra. Yolanda Quesada\u00a0Morillas<\/em><br \/>\nFreie\u00a0Universit\u00e4t Berlin<\/p>\n<p style=\"text-align: justify;padding-left: 30px\"><em>12:30h. <strong>La libertad de \u00a0prensa durante la II Rep\u00fablica<\/strong><\/em><br \/>\n<em>Prof. Dr. Miguel Ors Montenegro<\/em><br \/>\nUniversidad Miguel Hern\u00e1ndez de Elche<span style=\"color: #ffffff\">\u00a0<\/span><\/p>\n<\/td>\n<\/tr>\n<\/tbody>\n<\/table>\n<p>Seminario prof. Dr. Ricardo G\u00f3mez Rivero<\/p>\n<p>Proyecto Justicia y Memoria Hist\u00f3rica<\/p>\n<p>Proyecto financiado por la Conselleria de Just\u00edcia, Administraci\u00f3 P\u00fablica, Reformes Democr\u00e0tiques i Llibertats P\u00fabliques<br \/>\n[\/et_pb_text][\/et_pb_column][\/et_pb_row][\/et_pb_section]<\/p>\n","protected":false},"excerpt":{"rendered":"<p>16 de abril 17:15h. Inauguraci\u00f3n 17:30h. La aplicaci\u00f3n de la ley de Vagos y Maleantes en la provincia de Alicante Prof. Dr. Jos\u00e9 Antonio P\u00e9rez Juan Universidad Miguel Hern\u00e1ndez de Elche 18:30h. Pausa caf\u00e9 19:00h. La ley de orden p\u00fablico y su vigencia pr\u00e1ctica. Prof. Dr. Jos\u00e9 Miguel Pay\u00e1 Poveda Universidad Miguel Hern\u00e1ndez de Elche. [&hellip;]<\/p>\n","protected":false},"author":3004,"featured_media":0,"parent":24,"menu_order":0,"comment_status":"closed","ping_status":"closed","template":"","meta":{"_et_pb_use_builder":"on","_et_pb_old_content":"<p><a href=\"https:\/\/historiadelderecho.umh.es\/files\/2019\/03\/The-City-Council-presents1.jpg\"><img class=\"alignleft wp-image-977 size-medium\" src=\"https:\/\/historiadelderecho.umh.es\/files\/2019\/03\/The-City-Council-presents1-212x300.jpg\" alt=\"\" width=\"212\" height=\"300\" \/><\/a><\/p><table style=\"height: 300x;\" border=\"1\" width=\"800\" cellspacing=\"0\" cellpadding=\"0\" align=\"center\"><tbody><tr><td style=\"text-align: justify;\" valign=\"top\" width=\"280\"><p style=\"text-align: center;\"><span style=\"text-decoration: underline;\"><strong>16 de abril<\/strong><\/span><\/p><p style=\"padding-left: 30px;\"><em>17:15h.<\/em> <strong>Inauguraci\u00f3n<\/strong><\/p><p style=\"padding-left: 30px;\"><em>17:30h.<\/em> <strong>La aplicaci\u00f3n de la ley de Vagos y Maleantes en la provincia de Alicante<\/strong><br \/><em>Prof. Dr. Jos\u00e9 Antonio P\u00e9rez Juan<\/em><br \/>Universidad Miguel Hern\u00e1ndez de Elche<\/p><p style=\"padding-left: 30px;\"><em>18:30h<\/em>. Pausa caf\u00e9<\/p><p style=\"padding-left: 30px;\"><em>19:00h<\/em>. <strong>La ley de orden p\u00fablico y su vigencia pr\u00e1ctica.<\/strong><br \/><em>Prof. Dr. Jos\u00e9 Miguel Pay\u00e1 Poveda<\/em><br \/>Universidad Miguel Hern\u00e1ndez de Elche.<\/p><\/td><td style=\"text-align: center;\" valign=\"top\" width=\"280\"><p><span style=\"text-decoration: underline;\"><strong>17 de abril\u00a0<\/strong><\/span><\/p><p style=\"text-align: justify; padding-left: 30px;\"><em>10:00h. <\/em><strong>Los derechos de la mujer durante la II Rep\u00fablica y el primer Franquismo.<\/strong><br \/><em>Prof. Dra. Sara Moreno Tejada<\/em><br \/><em>Universidad\u00a0Miguel Hern\u00e1ndez de Elche<\/em><\/p><p style=\"text-align: justify; padding-left: 30px;\"><em>11:00h. Pausa-cafe<\/em><\/p><p style=\"text-align: justify; padding-left: 30px;\"><em>11:30h. <\/em><strong>El Tribunal de responsabilidades pol\u00edticas 1942-1945<\/strong><br \/><em>Prof. Dra. Yolanda Quesada\u00a0Morillas<\/em><br \/>Freie\u00a0Universit\u00e4t Berlin<\/p><p style=\"text-align: justify; padding-left: 30px;\"><em>12:30h. <strong>La libertad de \u00a0prensa durante la II Rep\u00fablica<\/strong><\/em><br \/><em>Prof. Dr. Miguel Ors Montenegro<\/em><br \/>Universidad Miguel Hern\u00e1ndez de Elche<span style=\"color: #ffffff;\">\u00a0<\/span><\/p><\/td><\/tr><\/tbody><\/table><p>Seminario prof. Dr. Ricardo G\u00f3mez Rivero<\/p><p>Proyecto Justicia y Memoria Hist\u00f3rica<\/p><p>Proyecto financiado por la Conselleria de Just\u00edcia, Administraci\u00f3 P\u00fablica, Reformes Democr\u00e0tiques i Llibertats P\u00fabliques<\/p>","_et_gb_content_width":"","_links_to":"","_links_to_target":""},"_links":{"self":[{"href":"https:\/\/historiadelderecho.umh.es\/en\/wp-json\/wp\/v2\/pages\/974"}],"collection":[{"href":"https:\/\/historiadelderecho.umh.es\/en\/wp-json\/wp\/v2\/pages"}],"about":[{"href":"https:\/\/historiadelderecho.umh.es\/en\/wp-json\/wp\/v2\/types\/page"}],"author":[{"embeddable":true,"href":"https:\/\/historiadelderecho.umh.es\/en\/wp-json\/wp\/v2\/users\/3004"}],"replies":[{"embeddable":true,"href":"https:\/\/historiadelderecho.umh.es\/en\/wp-json\/wp\/v2\/comments?post=974"}],"version-history":[{"count":0,"href":"https:\/\/historiadelderecho.umh.es\/en\/wp-json\/wp\/v2\/pages\/974\/revisions"}],"up":[{"embeddable":true,"href":"https:\/\/historiadelderecho.umh.es\/en\/wp-json\/wp\/v2\/pages\/24"}],"wp:attachment":[{"href":"https:\/\/historiadelderecho.umh.es\/en\/wp-json\/wp\/v2\/media?parent=974"}],"curies":[{"name":"wp","href":"https:\/\/api.w.org\/{rel}","templated":true}]}}